{"id":23196,"date":"2025-02-28T15:53:21","date_gmt":"2025-02-28T14:53:21","guid":{"rendered":"https:\/\/baralivres.ma\/?post_type=product&#038;p=23196"},"modified":"2025-02-28T15:53:21","modified_gmt":"2025-02-28T14:53:21","slug":"le-loup-qui-explorait-paris","status":"publish","type":"product","link":"https:\/\/baralivres.ma\/?product=le-loup-qui-explorait-paris","title":{"rendered":"Le Loup qui explorait Paris"},"content":{"rendered":"<div class=\"flex max-w-full flex-col flex-grow\">\n<div class=\"min-h-8 text-message relative flex w-full flex-col items-end gap-2 whitespace-normal break-words text-start [.text-message+&amp;]:mt-5\" dir=\"auto\" data-message-author-role=\"assistant\" data-message-id=\"5177142c-ef6d-4e19-9b8c-9d82295f0793\" data-message-model-slug=\"gpt-4o\">\n<div class=\"flex w-full flex-col gap-1 empty:hidden first:pt-[3px]\">\n<div class=\"markdown prose w-full break-words dark:prose-invert light\">\n<p data-start=\"0\" data-end=\"33\"><strong data-start=\"0\" data-end=\"31\">Le Loup qui explorait Paris<\/strong><\/p>\n<p data-start=\"35\" data-end=\"279\">Louve r\u00eave de d\u00e9couvrir Paris, mais Loup n\u2019est pas du tout emball\u00e9 par l\u2019id\u00e9e : trop de bruit, trop de monde, trop de pollution ! Pourtant, quand Louve d\u00e9cide d\u2019y aller seule, Loup et ses amis n\u2019ont d\u2019autre choix que de partir \u00e0 sa recherche.<\/p>\n<p data-start=\"281\" data-end=\"576\" data-is-last-node=\"\" data-is-only-node=\"\">De la Tour Eiffel \u00e0 Montmartre, en passant par Notre-Dame et le Louvre, Loup et sa bande se lancent dans une aventure palpitante \u00e0 travers les lieux embl\u00e9matiques de la capitale. Une belle mani\u00e8re de d\u00e9couvrir Paris tout en s\u2019amusant avec ce nouveau petit album Loup, aussi dr\u00f4le qu\u2019instructif !<\/p>\n<\/div>\n<\/div>\n<\/div>\n<\/div>\n<div class=\"mb-2 flex gap-3 empty:hidden -ml-2\">\n<div class=\"items-center justify-start rounded-xl p-1 flex\">\n<div class=\"flex items-center\"><button class=\"rounded-lg text-token-text-secondary hover:bg-token-main-surface-secondary\" aria-label=\"Copier\" data-testid=\"copy-turn-action-button\"><\/button><\/p>\n<div class=\"flex\"><\/div>\n<p><button class=\"rounded-lg text-token-text-secondary hover:bg-token-main-surface-secondary\" aria-label=\"Read aloud\" data-testid=\"voice-play-turn-action-button\"><\/button><button class=\"rounded-lg text-token-text-secondary hover:bg-token-main-surface-secondary\" aria-label=\"Modifier dans le canevas\"><\/button><\/p>\n<div class=\"flex items-center pb-0\"><span class=\"overflow-hidden text-clip whitespace-nowrap text-sm\">4o<\/span><\/div>\n<\/div>\n<\/div>\n<\/div>\n","protected":false},"excerpt":{"rendered":"<div class=\"flex max-w-full flex-col flex-grow\">\n<div class=\"min-h-8 text-message relative flex w-full flex-col items-end gap-2 whitespace-normal break-words text-start [.text-message+&amp;]:mt-5\" dir=\"auto\" data-message-author-role=\"assistant\" data-message-id=\"c152f3d0-d73c-4dc2-9b89-9eaa912398b6\" data-message-model-slug=\"gpt-4o\">\n<div class=\"flex w-full flex-col gap-1 empty:hidden first:pt-[3px]\">\n<div class=\"markdown prose w-full break-words dark:prose-invert light\">\n<p data-start=\"0\" data-end=\"33\"><strong data-start=\"0\" data-end=\"31\">Le Loup qui explorait Paris<\/strong><\/p>\n<p data-start=\"35\" data-end=\"240\" data-is-last-node=\"\" data-is-only-node=\"\">Louve part visiter Paris, mais Loup d\u00e9teste la ville ! Lorsqu\u2019elle dispara\u00eet, Loup et ses amis se lancent \u00e0 sa recherche. Une aventure pleine de surprises \u00e0 travers les lieux embl\u00e9matiques de la capitale !<\/p>\n<\/div>\n<\/div>\n<\/div>\n<\/div>\n<div class=\"mb-2 flex gap-3 empty:hidden -ml-2\">\n<div class=\"items-center justify-start rounded-xl p-1 flex\">\n<div class=\"flex items-center\"><button class=\"rounded-lg text-token-text-secondary hover:bg-token-main-surface-secondary\" aria-label=\"Copier\" data-testid=\"copy-turn-action-button\"><\/button><\/p>\n<div class=\"flex\"><\/div>\n<p><button class=\"rounded-lg text-token-text-secondary hover:bg-token-main-surface-secondary\" aria-label=\"Read aloud\" data-testid=\"voice-play-turn-action-button\"><\/button><button class=\"rounded-lg text-token-text-secondary hover:bg-token-main-surface-secondary\" aria-label=\"Modifier dans le canevas\"><\/button><\/p>\n<div class=\"flex items-center pb-0\"><span class=\"overflow-hidden text-clip whitespace-nowrap text-sm\">4o<\/span><\/div>\n<\/div>\n<\/div>\n<\/div>\n","protected":false},"featured_media":23197,"comment_status":"open","ping_status":"closed","template":"","meta":{"inline_featured_image":false},"product_cat":[4229,4234],"product_tag":[],"class_list":{"0":"post-23196","1":"product","2":"type-product","3":"status-publish","4":"has-post-thumbnail","6":"product_cat-bibliotheque_a_moins-cher","7":"product_cat-collection-de-le-loup","9":"first","10":"instock","11":"shipping-taxable","12":"purchasable","13":"product-type-simple"},"_links":{"self":[{"href":"https:\/\/baralivres.ma\/index.php?rest_route=\/wp\/v2\/product\/23196","targetHints":{"allow":["GET"]}}],"collection":[{"href":"https:\/\/baralivres.ma\/index.php?rest_route=\/wp\/v2\/product"}],"about":[{"href":"https:\/\/baralivres.ma\/index.php?rest_route=\/wp\/v2\/types\/product"}],"replies":[{"embeddable":true,"href":"https:\/\/baralivres.ma\/index.php?rest_route=%2Fwp%2Fv2%2Fcomments&post=23196"}],"version-history":[{"count":2,"href":"https:\/\/baralivres.ma\/index.php?rest_route=\/wp\/v2\/product\/23196\/revisions"}],"predecessor-version":[{"id":23202,"href":"https:\/\/baralivres.ma\/index.php?rest_route=\/wp\/v2\/product\/23196\/revisions\/23202"}],"wp:featuredmedia":[{"embeddable":true,"href":"https:\/\/baralivres.ma\/index.php?rest_route=\/wp\/v2\/media\/23197"}],"wp:attachment":[{"href":"https:\/\/baralivres.ma\/index.php?rest_route=%2Fwp%2Fv2%2Fmedia&parent=23196"}],"wp:term":[{"taxonomy":"product_cat","embeddable":true,"href":"https:\/\/baralivres.ma\/index.php?rest_route=%2Fwp%2Fv2%2Fproduct_cat&post=23196"},{"taxonomy":"product_tag","embeddable":true,"href":"https:\/\/baralivres.ma\/index.php?rest_route=%2Fwp%2Fv2%2Fproduct_tag&post=23196"}],"curies":[{"name":"wp","href":"https:\/\/api.w.org\/{rel}","templated":true}]}}