{"id":23189,"date":"2025-02-26T18:08:59","date_gmt":"2025-02-26T17:08:59","guid":{"rendered":"https:\/\/baralivres.ma\/?post_type=product&#038;p=23189"},"modified":"2025-02-26T18:08:59","modified_gmt":"2025-02-26T17:08:59","slug":"le-loup-qui-devenait-chef-de-la-foret","status":"publish","type":"product","link":"https:\/\/baralivres.ma\/?product=le-loup-qui-devenait-chef-de-la-foret","title":{"rendered":"LE LOUP QUI DEVENAIT CHEF DE LA FORET"},"content":{"rendered":"<p data-start=\"0\" data-end=\"451\"><strong data-start=\"0\" data-end=\"41\">Le Loup qui devenait chef de la for\u00eat<\/strong> est un album amusant et \u00e9ducatif qui explique de mani\u00e8re simple et ludique le processus des \u00e9lections et de la d\u00e9mocratie. Dans cette histoire, Loup d\u00e9cide de se lancer dans la course pour devenir le chef de la for\u00eat. Pour y parvenir, il doit affronter un processus \u00e9lectoral rempli de d\u00e9fis et de situations cocasses : cr\u00e9ation d&rsquo;affiches \u00e9lectorales, d\u00e9bat bruyant, et, bien s\u00fbr, le moment crucial du vote !<\/p>\n<p data-start=\"453\" data-end=\"886\" data-is-last-node=\"\" data-is-only-node=\"\">\u00c0 travers les aventures de Loup et de ses amis, cet album permet aux enfants de comprendre les bases du syst\u00e8me d\u00e9mocratique tout en s\u2019amusant. Avec son format petit et son ton humoristique, ce livre est id\u00e9al pour initier les jeunes lecteurs aux principes de l&rsquo;\u00e9lection, tout en leur montrant l&rsquo;importance de l&rsquo;engagement et du respect des r\u00e8gles. Un ouvrage parfait pour aborder des sujets s\u00e9rieux de mani\u00e8re l\u00e9g\u00e8re et accessible !<\/p>\n","protected":false},"excerpt":{"rendered":"<p><strong data-start=\"0\" data-end=\"41\" data-is-only-node=\"\">Le Loup qui devenait chef de la for\u00eat<\/strong> est un album humoristique qui explique les \u00e9lections et la d\u00e9mocratie aux enfants. Loup se lance dans la course \u00e0 la pr\u00e9sidence de la for\u00eat, avec des affiches, des d\u00e9bats et un vote. Une mani\u00e8re simple et amusante d\u2019initier les jeunes lecteurs \u00e0 la politique !<\/p>\n","protected":false},"featured_media":23190,"comment_status":"open","ping_status":"closed","template":"","meta":{"inline_featured_image":false},"product_cat":[4229,4234],"product_tag":[],"class_list":{"0":"post-23189","1":"product","2":"type-product","3":"status-publish","4":"has-post-thumbnail","6":"product_cat-bibliotheque_a_moins-cher","7":"product_cat-collection-de-le-loup","9":"first","10":"instock","11":"shipping-taxable","12":"purchasable","13":"product-type-simple"},"_links":{"self":[{"href":"https:\/\/baralivres.ma\/index.php?rest_route=\/wp\/v2\/product\/23189","targetHints":{"allow":["GET"]}}],"collection":[{"href":"https:\/\/baralivres.ma\/index.php?rest_route=\/wp\/v2\/product"}],"about":[{"href":"https:\/\/baralivres.ma\/index.php?rest_route=\/wp\/v2\/types\/product"}],"replies":[{"embeddable":true,"href":"https:\/\/baralivres.ma\/index.php?rest_route=%2Fwp%2Fv2%2Fcomments&post=23189"}],"version-history":[{"count":1,"href":"https:\/\/baralivres.ma\/index.php?rest_route=\/wp\/v2\/product\/23189\/revisions"}],"predecessor-version":[{"id":23194,"href":"https:\/\/baralivres.ma\/index.php?rest_route=\/wp\/v2\/product\/23189\/revisions\/23194"}],"wp:featuredmedia":[{"embeddable":true,"href":"https:\/\/baralivres.ma\/index.php?rest_route=\/wp\/v2\/media\/23190"}],"wp:attachment":[{"href":"https:\/\/baralivres.ma\/index.php?rest_route=%2Fwp%2Fv2%2Fmedia&parent=23189"}],"wp:term":[{"taxonomy":"product_cat","embeddable":true,"href":"https:\/\/baralivres.ma\/index.php?rest_route=%2Fwp%2Fv2%2Fproduct_cat&post=23189"},{"taxonomy":"product_tag","embeddable":true,"href":"https:\/\/baralivres.ma\/index.php?rest_route=%2Fwp%2Fv2%2Fproduct_tag&post=23189"}],"curies":[{"name":"wp","href":"https:\/\/api.w.org\/{rel}","templated":true}]}}