{"id":23184,"date":"2025-02-26T18:03:36","date_gmt":"2025-02-26T17:03:36","guid":{"rendered":"https:\/\/baralivres.ma\/?post_type=product&#038;p=23184"},"modified":"2025-02-26T18:03:36","modified_gmt":"2025-02-26T17:03:36","slug":"le-loup-qui-revait-docean","status":"publish","type":"product","link":"https:\/\/baralivres.ma\/?product=le-loup-qui-revait-docean","title":{"rendered":"Le loup qui r\u00eavait d&rsquo;oc\u00e9an"},"content":{"rendered":"<p data-start=\"81\" data-end=\"570\"><em data-start=\"81\" data-end=\"109\">Le Loup qui r\u00eavait d&rsquo;oc\u00e9an<\/em> est un magnifique conte po\u00e9tique o\u00f9 l&rsquo;on suit l&rsquo;aventure d&rsquo;un loup curieux et r\u00eaveur qui aspire \u00e0 d\u00e9couvrir l&rsquo;immensit\u00e9 de l&rsquo;oc\u00e9an. \u00c0 travers une narration tendre et touchante, le livre nous plonge dans l&rsquo;univers int\u00e9rieur de ce loup solitaire, son d\u00e9sir d&rsquo;\u00e9vasion et son \u00e9merveillement face \u00e0 la beaut\u00e9 du monde naturel. Ce livre est une belle m\u00e9taphore de la qu\u00eate de soi et de l&rsquo;importance de poursuivre ses r\u00eaves, m\u00eame quand ceux-ci semblent inaccessibles.<\/p>\n<p data-start=\"572\" data-end=\"970\" data-is-last-node=\"\" data-is-only-node=\"\">Ce livre d&rsquo;occasion, en bon \u00e9tat malgr\u00e9 son \u00e2ge, pourrait pr\u00e9senter des signes d&rsquo;usure normale, tels que des pages l\u00e9g\u00e8rement jaunies ou quelques traces de manipulation, mais il reste parfaitement lisible et charmant. L&rsquo;illustration d\u00e9licate et la narration fluide font de cet ouvrage un incontournable pour les jeunes lecteurs, tout en captivant les adultes nostalgiques de l&rsquo;univers de l&rsquo;enfance<\/p>\n","protected":false},"excerpt":{"rendered":"<p><strong data-start=\"0\" data-end=\"30\" data-is-only-node=\"\">Le Loup qui r\u00eavait d&rsquo;oc\u00e9an<\/strong> raconte l&rsquo;histoire d&rsquo;un loup r\u00eaveur qui aspire \u00e0 d\u00e9couvrir l&rsquo;immensit\u00e9 de l&rsquo;oc\u00e9an. Ce conte po\u00e9tique et touchant \u00e9voque la qu\u00eate de soi et l&rsquo;importance de poursuivre ses r\u00eaves. Le livre d&rsquo;occasion, en bon \u00e9tat malgr\u00e9 son \u00e2ge, peut pr\u00e9senter des signes d&rsquo;usure normaux, mais reste enti\u00e8rement lisible et captivant.<\/p>\n","protected":false},"featured_media":23185,"comment_status":"open","ping_status":"closed","template":"","meta":{"inline_featured_image":false},"product_cat":[4229,4234],"product_tag":[],"class_list":{"0":"post-23184","1":"product","2":"type-product","3":"status-publish","4":"has-post-thumbnail","6":"product_cat-bibliotheque_a_moins-cher","7":"product_cat-collection-de-le-loup","9":"first","10":"instock","11":"shipping-taxable","12":"purchasable","13":"product-type-simple"},"_links":{"self":[{"href":"https:\/\/baralivres.ma\/index.php?rest_route=\/wp\/v2\/product\/23184","targetHints":{"allow":["GET"]}}],"collection":[{"href":"https:\/\/baralivres.ma\/index.php?rest_route=\/wp\/v2\/product"}],"about":[{"href":"https:\/\/baralivres.ma\/index.php?rest_route=\/wp\/v2\/types\/product"}],"replies":[{"embeddable":true,"href":"https:\/\/baralivres.ma\/index.php?rest_route=%2Fwp%2Fv2%2Fcomments&post=23184"}],"version-history":[{"count":1,"href":"https:\/\/baralivres.ma\/index.php?rest_route=\/wp\/v2\/product\/23184\/revisions"}],"predecessor-version":[{"id":23188,"href":"https:\/\/baralivres.ma\/index.php?rest_route=\/wp\/v2\/product\/23184\/revisions\/23188"}],"wp:featuredmedia":[{"embeddable":true,"href":"https:\/\/baralivres.ma\/index.php?rest_route=\/wp\/v2\/media\/23185"}],"wp:attachment":[{"href":"https:\/\/baralivres.ma\/index.php?rest_route=%2Fwp%2Fv2%2Fmedia&parent=23184"}],"wp:term":[{"taxonomy":"product_cat","embeddable":true,"href":"https:\/\/baralivres.ma\/index.php?rest_route=%2Fwp%2Fv2%2Fproduct_cat&post=23184"},{"taxonomy":"product_tag","embeddable":true,"href":"https:\/\/baralivres.ma\/index.php?rest_route=%2Fwp%2Fv2%2Fproduct_tag&post=23184"}],"curies":[{"name":"wp","href":"https:\/\/api.w.org\/{rel}","templated":true}]}}