{"id":23178,"date":"2025-02-26T17:58:50","date_gmt":"2025-02-26T16:58:50","guid":{"rendered":"https:\/\/baralivres.ma\/?post_type=product&#038;p=23178"},"modified":"2025-02-26T17:58:51","modified_gmt":"2025-02-26T16:58:51","slug":"le-loup-qui-avait-la-tete-dans-les-etoiles","status":"publish","type":"product","link":"https:\/\/baralivres.ma\/?product=le-loup-qui-avait-la-tete-dans-les-etoiles","title":{"rendered":"Le Loup Qui Avait La Tete Dans Les Etoiles"},"content":{"rendered":"<p data-start=\"0\" data-end=\"179\"><strong data-start=\"0\" data-end=\"46\">Le Loup Qui Avait La T\u00eate Dans Les \u00c9toiles<\/strong> est un album jeunesse de la c\u00e9l\u00e8bre collection <em data-start=\"94\" data-end=\"103\">Le Loup<\/em> \u00e9crite par <strong data-start=\"115\" data-end=\"136\" data-is-only-node=\"\">Orianne Lallemand<\/strong> et illustr\u00e9e par <strong data-start=\"154\" data-end=\"176\">\u00c9l\u00e9onore Thuillier<\/strong>.<\/p>\n<p data-start=\"181\" data-end=\"558\">Dans cette aventure, Loup se pose une grande question : quel est le sens de la vie ? Pour y r\u00e9pondre, il part \u00e0 la rencontre de ses amis et de diff\u00e9rentes personnalit\u00e9s qui lui partagent leur vision du bonheur et de l\u2019existence. Ce voyage initiatique, rempli d\u2019humour et de tendresse, am\u00e8ne Loup \u00e0 comprendre que le sens de la vie est peut-\u00eatre plus simple qu\u2019il ne le pense\u2026<\/p>\n<p data-start=\"560\" data-end=\"828\" data-is-last-node=\"\" data-is-only-node=\"\">Ce livre aborde avec douceur et philosophie des th\u00e8mes profonds tels que la qu\u00eate de soi, le bonheur et l\u2019importance des relations avec les autres. Il est id\u00e9al pour les enfants d\u00e8s 4 ans, offrant une belle histoire accompagn\u00e9e d\u2019illustrations color\u00e9es et expressives.<\/p>\n","protected":false},"excerpt":{"rendered":"<p><strong data-start=\"0\" data-end=\"46\" data-is-only-node=\"\">Le Loup Qui Avait La T\u00eate Dans Les \u00c9toiles<\/strong> raconte l\u2019histoire de Loup en qu\u00eate du sens de la vie. \u00c0 travers un voyage rempli de rencontres et de r\u00e9flexions, il d\u00e9couvre que le bonheur est souvent plus simple qu\u2019il ne le pense. Une aventure tendre et philosophique, parfaite pour les enfants d\u00e8s 4 ans.<\/p>\n","protected":false},"featured_media":23179,"comment_status":"open","ping_status":"closed","template":"","meta":{"inline_featured_image":false},"product_cat":[4229,4234],"product_tag":[],"class_list":{"0":"post-23178","1":"product","2":"type-product","3":"status-publish","4":"has-post-thumbnail","6":"product_cat-bibliotheque_a_moins-cher","7":"product_cat-collection-de-le-loup","9":"first","10":"instock","11":"shipping-taxable","12":"purchasable","13":"product-type-simple"},"_links":{"self":[{"href":"https:\/\/baralivres.ma\/index.php?rest_route=\/wp\/v2\/product\/23178","targetHints":{"allow":["GET"]}}],"collection":[{"href":"https:\/\/baralivres.ma\/index.php?rest_route=\/wp\/v2\/product"}],"about":[{"href":"https:\/\/baralivres.ma\/index.php?rest_route=\/wp\/v2\/types\/product"}],"replies":[{"embeddable":true,"href":"https:\/\/baralivres.ma\/index.php?rest_route=%2Fwp%2Fv2%2Fcomments&post=23178"}],"version-history":[{"count":1,"href":"https:\/\/baralivres.ma\/index.php?rest_route=\/wp\/v2\/product\/23178\/revisions"}],"predecessor-version":[{"id":23183,"href":"https:\/\/baralivres.ma\/index.php?rest_route=\/wp\/v2\/product\/23178\/revisions\/23183"}],"wp:featuredmedia":[{"embeddable":true,"href":"https:\/\/baralivres.ma\/index.php?rest_route=\/wp\/v2\/media\/23179"}],"wp:attachment":[{"href":"https:\/\/baralivres.ma\/index.php?rest_route=%2Fwp%2Fv2%2Fmedia&parent=23178"}],"wp:term":[{"taxonomy":"product_cat","embeddable":true,"href":"https:\/\/baralivres.ma\/index.php?rest_route=%2Fwp%2Fv2%2Fproduct_cat&post=23178"},{"taxonomy":"product_tag","embeddable":true,"href":"https:\/\/baralivres.ma\/index.php?rest_route=%2Fwp%2Fv2%2Fproduct_tag&post=23178"}],"curies":[{"name":"wp","href":"https:\/\/api.w.org\/{rel}","templated":true}]}}