{"id":23175,"date":"2025-02-26T17:50:21","date_gmt":"2025-02-26T16:50:21","guid":{"rendered":"https:\/\/baralivres.ma\/?post_type=product&#038;p=23175"},"modified":"2025-02-26T17:50:21","modified_gmt":"2025-02-26T16:50:21","slug":"le-loup-qui-enquetait-au-musee-2","status":"publish","type":"product","link":"https:\/\/baralivres.ma\/?product=le-loup-qui-enquetait-au-musee-2","title":{"rendered":"Le loup qui enquetait au musee"},"content":{"rendered":"<p data-start=\"0\" data-end=\"36\"><strong data-start=\"0\" data-end=\"34\">Le Loup qui enqu\u00eatait au mus\u00e9e<\/strong><\/p>\n<p data-start=\"38\" data-end=\"464\">Loup n\u2019aime pas vraiment les mus\u00e9es\u2026 Alors, quand ses amis l\u2019y tra\u00eenent de force, il s\u2019ennuie ferme ! Mais soudain, une alarme retentit : une \u0153uvre d\u2019art a disparu ! Intrigu\u00e9, Loup se glisse dans la peau d\u2019un v\u00e9ritable d\u00e9tective et se lance sur la piste du voleur. Indices, d\u00e9ductions, rebondissements\u2026 Cette enqu\u00eate palpitante va lui faire d\u00e9couvrir que les mus\u00e9es peuvent \u00eatre bien plus passionnants qu\u2019il ne l\u2019imaginait !<\/p>\n<p data-start=\"466\" data-end=\"600\" data-is-last-node=\"\" data-is-only-node=\"\">Une histoire captivante et pleine d\u2019humour, parfaite pour \u00e9veiller la curiosit\u00e9 des enfants sur l\u2019art et les enqu\u00eates polici\u00e8res. \ud83d\udd0e\ud83c\udfa8<\/p>\n","protected":false},"excerpt":{"rendered":"<p>Loup d\u00e9teste les mus\u00e9es\u2026 jusqu\u2019au jour o\u00f9 une \u0153uvre d\u2019art dispara\u00eet sous ses yeux ! Devenu d\u00e9tective, il m\u00e8ne l\u2019enqu\u00eate et d\u00e9couvre que les mus\u00e9es sont bien plus passionnants qu\u2019il ne le pensait. \ud83d\udd0e\ud83c\udfa8<\/p>\n","protected":false},"featured_media":23176,"comment_status":"open","ping_status":"closed","template":"","meta":{"inline_featured_image":false},"product_cat":[4234],"product_tag":[],"class_list":{"0":"post-23175","1":"product","2":"type-product","3":"status-publish","4":"has-post-thumbnail","6":"product_cat-collection-de-le-loup","8":"first","9":"instock","10":"shipping-taxable","11":"purchasable","12":"product-type-simple"},"_links":{"self":[{"href":"https:\/\/baralivres.ma\/index.php?rest_route=\/wp\/v2\/product\/23175","targetHints":{"allow":["GET"]}}],"collection":[{"href":"https:\/\/baralivres.ma\/index.php?rest_route=\/wp\/v2\/product"}],"about":[{"href":"https:\/\/baralivres.ma\/index.php?rest_route=\/wp\/v2\/types\/product"}],"replies":[{"embeddable":true,"href":"https:\/\/baralivres.ma\/index.php?rest_route=%2Fwp%2Fv2%2Fcomments&post=23175"}],"version-history":[{"count":1,"href":"https:\/\/baralivres.ma\/index.php?rest_route=\/wp\/v2\/product\/23175\/revisions"}],"predecessor-version":[{"id":23177,"href":"https:\/\/baralivres.ma\/index.php?rest_route=\/wp\/v2\/product\/23175\/revisions\/23177"}],"wp:featuredmedia":[{"embeddable":true,"href":"https:\/\/baralivres.ma\/index.php?rest_route=\/wp\/v2\/media\/23176"}],"wp:attachment":[{"href":"https:\/\/baralivres.ma\/index.php?rest_route=%2Fwp%2Fv2%2Fmedia&parent=23175"}],"wp:term":[{"taxonomy":"product_cat","embeddable":true,"href":"https:\/\/baralivres.ma\/index.php?rest_route=%2Fwp%2Fv2%2Fproduct_cat&post=23175"},{"taxonomy":"product_tag","embeddable":true,"href":"https:\/\/baralivres.ma\/index.php?rest_route=%2Fwp%2Fv2%2Fproduct_tag&post=23175"}],"curies":[{"name":"wp","href":"https:\/\/api.w.org\/{rel}","templated":true}]}}