{"id":23168,"date":"2025-02-26T17:45:59","date_gmt":"2025-02-26T16:45:59","guid":{"rendered":"https:\/\/baralivres.ma\/?post_type=product&#038;p=23168"},"modified":"2025-02-26T17:46:31","modified_gmt":"2025-02-26T16:46:31","slug":"le-loup-qui-ne-voulait-plus-marche","status":"publish","type":"product","link":"https:\/\/baralivres.ma\/?product=le-loup-qui-ne-voulait-plus-marche","title":{"rendered":"le loup qui ne voulait plus marche"},"content":{"rendered":"<p data-start=\"0\" data-end=\"136\"><strong data-start=\"0\" data-end=\"39\">Le Loup qui ne voulait plus marcher<\/strong> est un album jeunesse de la c\u00e9l\u00e8bre s\u00e9rie <em data-start=\"82\" data-end=\"91\">Le Loup<\/em> d&rsquo;Orianne Lallemand et \u00c9l\u00e9onore Thuillier.<\/p>\n<p data-start=\"138\" data-end=\"464\">Dans cette histoire, Loup en a assez de marcher ! Il d\u00e9cide donc d\u2019essayer diff\u00e9rents moyens de transport : v\u00e9lo, ski, rollers, voiture\u2026 Mais chaque tentative lui r\u00e9serve bien des surprises ! \u00c0 travers ses aventures, les jeunes lecteurs d\u00e9couvrent avec humour et l\u00e9g\u00e8ret\u00e9 divers modes de d\u00e9placement et leurs particularit\u00e9s.<\/p>\n<p data-start=\"466\" data-end=\"602\">Avec ses illustrations color\u00e9es et son texte rythm\u00e9, ce livre est id\u00e9al pour les enfants d\u00e8s 3 ans, m\u00ealant amusement et apprentissage.<\/p>\n","protected":false},"excerpt":{"rendered":"<p><strong data-start=\"0\" data-end=\"39\">Le Loup qui ne voulait plus marcher<\/strong> est un album jeunesse o\u00f9 Loup teste diff\u00e9rents moyens de transport pour \u00e9viter de marcher, avec humour et surprises.<\/p>\n","protected":false},"featured_media":23174,"comment_status":"open","ping_status":"closed","template":"","meta":{"inline_featured_image":false},"product_cat":[4234],"product_tag":[],"class_list":{"0":"post-23168","1":"product","2":"type-product","3":"status-publish","4":"has-post-thumbnail","6":"product_cat-collection-de-le-loup","8":"first","9":"instock","10":"shipping-taxable","11":"purchasable","12":"product-type-simple"},"_links":{"self":[{"href":"https:\/\/baralivres.ma\/index.php?rest_route=\/wp\/v2\/product\/23168","targetHints":{"allow":["GET"]}}],"collection":[{"href":"https:\/\/baralivres.ma\/index.php?rest_route=\/wp\/v2\/product"}],"about":[{"href":"https:\/\/baralivres.ma\/index.php?rest_route=\/wp\/v2\/types\/product"}],"replies":[{"embeddable":true,"href":"https:\/\/baralivres.ma\/index.php?rest_route=%2Fwp%2Fv2%2Fcomments&post=23168"}],"version-history":[{"count":1,"href":"https:\/\/baralivres.ma\/index.php?rest_route=\/wp\/v2\/product\/23168\/revisions"}],"predecessor-version":[{"id":23173,"href":"https:\/\/baralivres.ma\/index.php?rest_route=\/wp\/v2\/product\/23168\/revisions\/23173"}],"wp:featuredmedia":[{"embeddable":true,"href":"https:\/\/baralivres.ma\/index.php?rest_route=\/wp\/v2\/media\/23174"}],"wp:attachment":[{"href":"https:\/\/baralivres.ma\/index.php?rest_route=%2Fwp%2Fv2%2Fmedia&parent=23168"}],"wp:term":[{"taxonomy":"product_cat","embeddable":true,"href":"https:\/\/baralivres.ma\/index.php?rest_route=%2Fwp%2Fv2%2Fproduct_cat&post=23168"},{"taxonomy":"product_tag","embeddable":true,"href":"https:\/\/baralivres.ma\/index.php?rest_route=%2Fwp%2Fv2%2Fproduct_tag&post=23168"}],"curies":[{"name":"wp","href":"https:\/\/api.w.org\/{rel}","templated":true}]}}