{"id":23166,"date":"2025-02-26T17:38:57","date_gmt":"2025-02-26T16:38:57","guid":{"rendered":"https:\/\/baralivres.ma\/?post_type=product&#038;p=23166"},"modified":"2025-02-26T17:43:15","modified_gmt":"2025-02-26T16:43:15","slug":"le-loup-qui-voulait-etre-un-artiste-2","status":"publish","type":"product","link":"https:\/\/baralivres.ma\/?product=le-loup-qui-voulait-etre-un-artiste-2","title":{"rendered":"Le loup qui voulait \u00eatre un artiste"},"content":{"rendered":"<p data-start=\"0\" data-end=\"465\"><strong data-start=\"0\" data-end=\"39\">Le Loup qui voulait \u00eatre un artiste<\/strong> est un album de la c\u00e9l\u00e8bre collection <em data-start=\"78\" data-end=\"87\">Le Loup<\/em>, \u00e9crite par Orianne Lallemand et illustr\u00e9e par \u00c9l\u00e9onore Thuillier. Dans cette histoire, Loup r\u00eave de devenir une star et explore plusieurs disciplines artistiques : chant, danse, th\u00e9\u00e2tre\u2026 Mais briller sous les projecteurs n\u2019est pas si facile ! Avec humour et tendresse, ce livre aborde les th\u00e8mes de la pers\u00e9v\u00e9rance, de la confiance en soi et de la d\u00e9couverte de ses talents.<\/p>\n<p data-start=\"467\" data-end=\"643\">\ud83d\udcd6 <strong data-start=\"470\" data-end=\"487\">\u00c9tat du livre<\/strong> :<br data-start=\"489\" data-end=\"492\" \/><strong data-start=\"492\" data-end=\"530\">Libro usado en buenas condiciones.<\/strong> En raison de son anciennet\u00e9, il peut pr\u00e9senter des signes normaux d\u2019usage, sans que cela n&rsquo;affecte sa lecture.<\/p>\n<p data-start=\"645\" data-end=\"741\" data-is-last-node=\"\" data-is-only-node=\"\">Un joli livre pour les enfants \u00e0 partir de 3 ans, id\u00e9al pour les petits artistes en herbe ! \ud83c\udfad\ud83c\udfb6<\/p>\n","protected":false},"excerpt":{"rendered":"<p>Un joli livre pour les enfants \u00e0 partir de 3 ans, id\u00e9al pour les petits artistes en herbe ! \ud83c\udfad\ud83c\udfb6<\/p>\n","protected":false},"featured_media":23169,"comment_status":"open","ping_status":"closed","template":"","meta":{"inline_featured_image":false},"product_cat":[4234],"product_tag":[],"class_list":{"0":"post-23166","1":"product","2":"type-product","3":"status-publish","4":"has-post-thumbnail","6":"product_cat-collection-de-le-loup","8":"first","9":"instock","10":"shipping-taxable","11":"purchasable","12":"product-type-simple"},"_links":{"self":[{"href":"https:\/\/baralivres.ma\/index.php?rest_route=\/wp\/v2\/product\/23166","targetHints":{"allow":["GET"]}}],"collection":[{"href":"https:\/\/baralivres.ma\/index.php?rest_route=\/wp\/v2\/product"}],"about":[{"href":"https:\/\/baralivres.ma\/index.php?rest_route=\/wp\/v2\/types\/product"}],"replies":[{"embeddable":true,"href":"https:\/\/baralivres.ma\/index.php?rest_route=%2Fwp%2Fv2%2Fcomments&post=23166"}],"version-history":[{"count":1,"href":"https:\/\/baralivres.ma\/index.php?rest_route=\/wp\/v2\/product\/23166\/revisions"}],"predecessor-version":[{"id":23167,"href":"https:\/\/baralivres.ma\/index.php?rest_route=\/wp\/v2\/product\/23166\/revisions\/23167"}],"wp:featuredmedia":[{"embeddable":true,"href":"https:\/\/baralivres.ma\/index.php?rest_route=\/wp\/v2\/media\/23169"}],"wp:attachment":[{"href":"https:\/\/baralivres.ma\/index.php?rest_route=%2Fwp%2Fv2%2Fmedia&parent=23166"}],"wp:term":[{"taxonomy":"product_cat","embeddable":true,"href":"https:\/\/baralivres.ma\/index.php?rest_route=%2Fwp%2Fv2%2Fproduct_cat&post=23166"},{"taxonomy":"product_tag","embeddable":true,"href":"https:\/\/baralivres.ma\/index.php?rest_route=%2Fwp%2Fv2%2Fproduct_tag&post=23166"}],"curies":[{"name":"wp","href":"https:\/\/api.w.org\/{rel}","templated":true}]}}