{"id":23161,"date":"2025-02-26T17:33:45","date_gmt":"2025-02-26T16:33:45","guid":{"rendered":"https:\/\/baralivres.ma\/?post_type=product&#038;p=23161"},"modified":"2025-02-26T17:33:45","modified_gmt":"2025-02-26T16:33:45","slug":"le-loup-qui-decouvrait-le-pays-des-contes","status":"publish","type":"product","link":"https:\/\/baralivres.ma\/?product=le-loup-qui-decouvrait-le-pays-des-contes","title":{"rendered":"Le loup qui d\u00e9couvrait le pays des contes"},"content":{"rendered":"<p data-start=\"0\" data-end=\"47\"><strong data-start=\"0\" data-end=\"45\">Le loup qui d\u00e9couvrait le pays des contes<\/strong><\/p>\n<p data-start=\"49\" data-end=\"289\">Dans cette aventure pleine de surprises, Loup d\u00e9cide de pr\u00e9parer un g\u00e2teau aux pommes pour f\u00eater le printemps. Mais un petit probl\u00e8me se pose\u2026 il ne sait pas cuisiner ! D\u00e9termin\u00e9 \u00e0 r\u00e9ussir, il part explorer la for\u00eat \u00e0 la recherche d\u2019aide.<\/p>\n<p data-start=\"291\" data-end=\"540\">Au fil de son p\u00e9riple, il va croiser des personnages bien connus des contes : les Trois Petits Cochons, le Petit Chaperon Rouge, une sorci\u00e8re et bien d&rsquo;autres ! Entre d\u00e9fis et rencontres \u00e9tonnantes, Loup vivra une aventure gourmande et palpitante.<\/p>\n<p data-start=\"542\" data-end=\"675\" data-is-last-node=\"\" data-is-only-node=\"\">Un r\u00e9cit dr\u00f4le et tendre qui m\u00eale humour et imagination, parfait pour partager un moment de lecture complice avec les enfants ! \ud83c\udf4e\ud83d\udcd6\u2728<\/p>\n","protected":false},"excerpt":{"rendered":"<p data-start=\"0\" data-end=\"47\"><strong data-start=\"0\" data-end=\"45\">Le loup qui d\u00e9couvrait le pays des contes<\/strong><\/p>\n<p data-start=\"49\" data-end=\"325\" data-is-last-node=\"\" data-is-only-node=\"\">Loup veut pr\u00e9parer un g\u00e2teau aux pommes, mais il ne sait pas cuisiner ! En qu\u00eate d\u2019aide, il traverse la for\u00eat et rencontre des personnages de contes c\u00e9l\u00e8bres : les Trois Petits Cochons, le Petit Chaperon Rouge, une sorci\u00e8re\u2026 Une aventure gourmande et pleine de surprises ! \ud83c\udf4e\u2728<\/p>\n","protected":false},"featured_media":23162,"comment_status":"open","ping_status":"closed","template":"","meta":{"inline_featured_image":false},"product_cat":[4234],"product_tag":[],"class_list":{"0":"post-23161","1":"product","2":"type-product","3":"status-publish","4":"has-post-thumbnail","6":"product_cat-collection-de-le-loup","8":"first","9":"instock","10":"shipping-taxable","11":"purchasable","12":"product-type-simple"},"_links":{"self":[{"href":"https:\/\/baralivres.ma\/index.php?rest_route=\/wp\/v2\/product\/23161","targetHints":{"allow":["GET"]}}],"collection":[{"href":"https:\/\/baralivres.ma\/index.php?rest_route=\/wp\/v2\/product"}],"about":[{"href":"https:\/\/baralivres.ma\/index.php?rest_route=\/wp\/v2\/types\/product"}],"replies":[{"embeddable":true,"href":"https:\/\/baralivres.ma\/index.php?rest_route=%2Fwp%2Fv2%2Fcomments&post=23161"}],"version-history":[{"count":1,"href":"https:\/\/baralivres.ma\/index.php?rest_route=\/wp\/v2\/product\/23161\/revisions"}],"predecessor-version":[{"id":23165,"href":"https:\/\/baralivres.ma\/index.php?rest_route=\/wp\/v2\/product\/23161\/revisions\/23165"}],"wp:featuredmedia":[{"embeddable":true,"href":"https:\/\/baralivres.ma\/index.php?rest_route=\/wp\/v2\/media\/23162"}],"wp:attachment":[{"href":"https:\/\/baralivres.ma\/index.php?rest_route=%2Fwp%2Fv2%2Fmedia&parent=23161"}],"wp:term":[{"taxonomy":"product_cat","embeddable":true,"href":"https:\/\/baralivres.ma\/index.php?rest_route=%2Fwp%2Fv2%2Fproduct_cat&post=23161"},{"taxonomy":"product_tag","embeddable":true,"href":"https:\/\/baralivres.ma\/index.php?rest_route=%2Fwp%2Fv2%2Fproduct_tag&post=23161"}],"curies":[{"name":"wp","href":"https:\/\/api.w.org\/{rel}","templated":true}]}}