{"id":23156,"date":"2025-02-26T17:15:18","date_gmt":"2025-02-26T16:15:18","guid":{"rendered":"https:\/\/baralivres.ma\/?post_type=product&#038;p=23156"},"modified":"2025-02-26T17:15:19","modified_gmt":"2025-02-26T16:15:19","slug":"le-loup-qui-apprivoisait-ses-emotions","status":"publish","type":"product","link":"https:\/\/baralivres.ma\/?product=le-loup-qui-apprivoisait-ses-emotions","title":{"rendered":"Le loup qui apprivoisait ses \u00e9motions"},"content":{"rendered":"<p data-start=\"0\" data-end=\"395\"><strong data-start=\"0\" data-end=\"41\">Le loup qui apprivoisait ses \u00e9motions<\/strong> est un album jeunesse captivant qui aide les enfants \u00e0 comprendre et g\u00e9rer leurs \u00e9motions. Loup passe par toutes sortes de sentiments : joie, tristesse, excitation, jalousie\u2026 Il change d\u2019humeur en un clin d\u2019\u0153il, ce qui perturbe ses amis. Pour \u00e9viter de leur donner le tournis, Loup d\u00e9cide d\u2019apprendre \u00e0 ma\u00eetriser ses \u00e9motions. Mais comment y parvenir ?<\/p>\n<p data-start=\"397\" data-end=\"695\" data-is-last-node=\"\" data-is-only-node=\"\">\u00c0 travers cette histoire pleine de tendresse et d\u2019humour, les jeunes lecteurs d\u00e9couvrent diff\u00e9rentes fa\u00e7ons d\u2019apprivoiser leurs \u00e9motions, avec des conseils simples et accessibles. Un livre id\u00e9al pour aider les enfants \u00e0 mieux exprimer ce qu\u2019ils ressentent et \u00e0 trouver des solutions pour se calmer.<\/p>\n","protected":false},"excerpt":{"rendered":"<p><strong data-start=\"0\" data-end=\"41\" data-is-only-node=\"\">Le loup qui apprivoisait ses \u00e9motions<\/strong> raconte l\u2019histoire de Loup, qui change d\u2019humeur sans arr\u00eat, au point de fatiguer ses amis ! Il d\u00e9cide alors d\u2019apprendre \u00e0 ma\u00eetriser ses \u00e9motions. Une aventure dr\u00f4le et tendre pour aider les enfants \u00e0 mieux comprendre et g\u00e9rer leurs sentiments.<\/p>\n","protected":false},"featured_media":23157,"comment_status":"open","ping_status":"closed","template":"","meta":{"inline_featured_image":false},"product_cat":[4234],"product_tag":[],"class_list":{"0":"post-23156","1":"product","2":"type-product","3":"status-publish","4":"has-post-thumbnail","6":"product_cat-collection-de-le-loup","8":"first","9":"instock","10":"shipping-taxable","11":"purchasable","12":"product-type-simple"},"_links":{"self":[{"href":"https:\/\/baralivres.ma\/index.php?rest_route=\/wp\/v2\/product\/23156","targetHints":{"allow":["GET"]}}],"collection":[{"href":"https:\/\/baralivres.ma\/index.php?rest_route=\/wp\/v2\/product"}],"about":[{"href":"https:\/\/baralivres.ma\/index.php?rest_route=\/wp\/v2\/types\/product"}],"replies":[{"embeddable":true,"href":"https:\/\/baralivres.ma\/index.php?rest_route=%2Fwp%2Fv2%2Fcomments&post=23156"}],"version-history":[{"count":1,"href":"https:\/\/baralivres.ma\/index.php?rest_route=\/wp\/v2\/product\/23156\/revisions"}],"predecessor-version":[{"id":23160,"href":"https:\/\/baralivres.ma\/index.php?rest_route=\/wp\/v2\/product\/23156\/revisions\/23160"}],"wp:featuredmedia":[{"embeddable":true,"href":"https:\/\/baralivres.ma\/index.php?rest_route=\/wp\/v2\/media\/23157"}],"wp:attachment":[{"href":"https:\/\/baralivres.ma\/index.php?rest_route=%2Fwp%2Fv2%2Fmedia&parent=23156"}],"wp:term":[{"taxonomy":"product_cat","embeddable":true,"href":"https:\/\/baralivres.ma\/index.php?rest_route=%2Fwp%2Fv2%2Fproduct_cat&post=23156"},{"taxonomy":"product_tag","embeddable":true,"href":"https:\/\/baralivres.ma\/index.php?rest_route=%2Fwp%2Fv2%2Fproduct_tag&post=23156"}],"curies":[{"name":"wp","href":"https:\/\/api.w.org\/{rel}","templated":true}]}}