{"id":23151,"date":"2025-02-26T17:11:40","date_gmt":"2025-02-26T16:11:40","guid":{"rendered":"https:\/\/baralivres.ma\/?post_type=product&#038;p=23151"},"modified":"2025-02-26T17:11:40","modified_gmt":"2025-02-26T16:11:40","slug":"le-loup-qui-naimait-pas-lire","status":"publish","type":"product","link":"https:\/\/baralivres.ma\/?product=le-loup-qui-naimait-pas-lire","title":{"rendered":"Le loup qui n&rsquo;aimait pas lire"},"content":{"rendered":"<p data-start=\"0\" data-end=\"306\"><strong data-start=\"0\" data-end=\"33\">Le loup qui n&rsquo;aimait pas lire<\/strong> est une histoire amusante et pleine de surprises qui suit Loup, un personnage attachant mais r\u00e9ticent \u00e0 la lecture. Pour lui, les livres ne servent qu&rsquo;\u00e0 une chose : \u00eatre grignot\u00e9s ! Ce qu&rsquo;il pr\u00e9f\u00e8re, c&rsquo;est l&rsquo;aventure r\u00e9elle, pas celle des histoires racont\u00e9es sur papier.<\/p>\n<p data-start=\"308\" data-end=\"561\">Mais un jour, il se retrouve plong\u00e9 dans un voyage extraordinaire au <strong data-start=\"377\" data-end=\"396\">Pays des livres<\/strong>. L\u00e0, il d\u00e9couvre un monde fascinant, peupl\u00e9 de h\u00e9ros l\u00e9gendaires et d\u2019histoires captivantes. Ce p\u00e9riple inattendu pourrait bien changer son regard sur la lecture\u2026<\/p>\n<p data-start=\"563\" data-end=\"685\" data-is-last-node=\"\" data-is-only-node=\"\">Un album dr\u00f4le et intelligent qui invite les enfants \u00e0 d\u00e9couvrir le plaisir de lire, m\u00eame quand on pense ne pas aimer \u00e7a !<\/p>\n","protected":false},"excerpt":{"rendered":"<p><strong data-start=\"0\" data-end=\"33\" data-is-only-node=\"\">Le loup qui n&rsquo;aimait pas lire<\/strong> raconte l&rsquo;histoire de Loup, qui pr\u00e9f\u00e8re grignoter les livres plut\u00f4t que les lire. Mais son voyage au <strong data-start=\"135\" data-end=\"154\">Pays des livres<\/strong> va peut-\u00eatre lui faire changer d\u2019avis ! Une aventure dr\u00f4le et captivante pour d\u00e9couvrir le plaisir de la lecture.<\/p>\n","protected":false},"featured_media":23152,"comment_status":"open","ping_status":"closed","template":"","meta":{"inline_featured_image":false},"product_cat":[4234],"product_tag":[],"class_list":{"0":"post-23151","1":"product","2":"type-product","3":"status-publish","4":"has-post-thumbnail","6":"product_cat-collection-de-le-loup","8":"first","9":"instock","10":"shipping-taxable","11":"purchasable","12":"product-type-simple"},"_links":{"self":[{"href":"https:\/\/baralivres.ma\/index.php?rest_route=\/wp\/v2\/product\/23151","targetHints":{"allow":["GET"]}}],"collection":[{"href":"https:\/\/baralivres.ma\/index.php?rest_route=\/wp\/v2\/product"}],"about":[{"href":"https:\/\/baralivres.ma\/index.php?rest_route=\/wp\/v2\/types\/product"}],"replies":[{"embeddable":true,"href":"https:\/\/baralivres.ma\/index.php?rest_route=%2Fwp%2Fv2%2Fcomments&post=23151"}],"version-history":[{"count":1,"href":"https:\/\/baralivres.ma\/index.php?rest_route=\/wp\/v2\/product\/23151\/revisions"}],"predecessor-version":[{"id":23155,"href":"https:\/\/baralivres.ma\/index.php?rest_route=\/wp\/v2\/product\/23151\/revisions\/23155"}],"wp:featuredmedia":[{"embeddable":true,"href":"https:\/\/baralivres.ma\/index.php?rest_route=\/wp\/v2\/media\/23152"}],"wp:attachment":[{"href":"https:\/\/baralivres.ma\/index.php?rest_route=%2Fwp%2Fv2%2Fmedia&parent=23151"}],"wp:term":[{"taxonomy":"product_cat","embeddable":true,"href":"https:\/\/baralivres.ma\/index.php?rest_route=%2Fwp%2Fv2%2Fproduct_cat&post=23151"},{"taxonomy":"product_tag","embeddable":true,"href":"https:\/\/baralivres.ma\/index.php?rest_route=%2Fwp%2Fv2%2Fproduct_tag&post=23151"}],"curies":[{"name":"wp","href":"https:\/\/api.w.org\/{rel}","templated":true}]}}