{"id":23141,"date":"2025-02-25T10:44:01","date_gmt":"2025-02-25T09:44:01","guid":{"rendered":"https:\/\/baralivres.ma\/?post_type=product&#038;p=23141"},"modified":"2025-02-25T10:44:01","modified_gmt":"2025-02-25T09:44:01","slug":"mon-coffret-eveil-musical","status":"publish","type":"product","link":"https:\/\/baralivres.ma\/?product=mon-coffret-eveil-musical","title":{"rendered":"MON COFFRET EVEIL MUSICAL"},"content":{"rendered":"<p data-start=\"0\" data-end=\"79\"><strong data-start=\"0\" data-end=\"29\">Mon Coffret \u00c9veil Musical<\/strong> \u2013 Une invitation \u00e0 la d\u00e9couverte des sons ! \ud83c\udfb6\u2728<\/p>\n<p data-start=\"81\" data-end=\"206\">Cette nouvelle \u00e9dition du c\u00e9l\u00e8bre coffret d&rsquo;\u00e9veil musical est id\u00e9ale pour initier les tout-petits au plaisir de la musique.<\/p>\n<p data-start=\"208\" data-end=\"421\">\ud83d\udcd6 <strong data-start=\"211\" data-end=\"236\">Un livre de comptines<\/strong> de 22 pages, illustr\u00e9 et plein de m\u00e9lodies joyeuses \u00e0 fredonner.<br data-start=\"301\" data-end=\"304\" \/>\ud83e\udd41 <strong data-start=\"307\" data-end=\"323\" data-is-only-node=\"\">Un tambourin<\/strong> et \ud83e\udd41 <strong data-start=\"330\" data-end=\"346\">deux maracas<\/strong>, parfaits pour accompagner les chansons et d\u00e9velopper le sens du rythme.<\/p>\n<p data-start=\"423\" data-end=\"537\" data-is-last-node=\"\" data-is-only-node=\"\">Un coffret ludique et sensoriel qui stimule l&rsquo;\u00e9coute, la coordination et l&rsquo;\u00e9veil musical des jeunes enfants ! \ud83c\udfb5\ud83d\udc9b<\/p>\n","protected":false},"excerpt":{"rendered":"<p data-start=\"0\" data-end=\"35\"><strong data-start=\"0\" data-end=\"29\">Mon Coffret \u00c9veil Musical<\/strong> \ud83c\udfb6\u2728<\/p>\n<p data-start=\"37\" data-end=\"171\" data-is-last-node=\"\" data-is-only-node=\"\">Un livre de comptines illustr\u00e9 (22 pages), un tambourin et deux maracas pour \u00e9veiller les tout-petits \u00e0 la musique en s&rsquo;amusant ! \ud83c\udfb5\ud83e\udd41<\/p>\n","protected":false},"featured_media":23142,"comment_status":"open","ping_status":"closed","template":"","meta":{"inline_featured_image":false},"product_cat":[4229,3875,201,200],"product_tag":[],"class_list":{"0":"post-23141","1":"product","2":"type-product","3":"status-publish","4":"has-post-thumbnail","6":"product_cat-bibliotheque_a_moins-cher","7":"product_cat-coffret-francais","8":"product_cat-coffret","9":"product_cat-activites","11":"first","12":"instock","13":"sale","14":"shipping-taxable","15":"purchasable","16":"product-type-simple"},"_links":{"self":[{"href":"https:\/\/baralivres.ma\/index.php?rest_route=\/wp\/v2\/product\/23141","targetHints":{"allow":["GET"]}}],"collection":[{"href":"https:\/\/baralivres.ma\/index.php?rest_route=\/wp\/v2\/product"}],"about":[{"href":"https:\/\/baralivres.ma\/index.php?rest_route=\/wp\/v2\/types\/product"}],"replies":[{"embeddable":true,"href":"https:\/\/baralivres.ma\/index.php?rest_route=%2Fwp%2Fv2%2Fcomments&post=23141"}],"version-history":[{"count":1,"href":"https:\/\/baralivres.ma\/index.php?rest_route=\/wp\/v2\/product\/23141\/revisions"}],"predecessor-version":[{"id":23145,"href":"https:\/\/baralivres.ma\/index.php?rest_route=\/wp\/v2\/product\/23141\/revisions\/23145"}],"wp:featuredmedia":[{"embeddable":true,"href":"https:\/\/baralivres.ma\/index.php?rest_route=\/wp\/v2\/media\/23142"}],"wp:attachment":[{"href":"https:\/\/baralivres.ma\/index.php?rest_route=%2Fwp%2Fv2%2Fmedia&parent=23141"}],"wp:term":[{"taxonomy":"product_cat","embeddable":true,"href":"https:\/\/baralivres.ma\/index.php?rest_route=%2Fwp%2Fv2%2Fproduct_cat&post=23141"},{"taxonomy":"product_tag","embeddable":true,"href":"https:\/\/baralivres.ma\/index.php?rest_route=%2Fwp%2Fv2%2Fproduct_tag&post=23141"}],"curies":[{"name":"wp","href":"https:\/\/api.w.org\/{rel}","templated":true}]}}