{"id":23134,"date":"2025-02-25T10:35:16","date_gmt":"2025-02-25T09:35:16","guid":{"rendered":"https:\/\/baralivres.ma\/?post_type=product&#038;p=23134"},"modified":"2025-02-25T10:35:17","modified_gmt":"2025-02-25T09:35:17","slug":"je-decouvre-le-corps-humain","status":"publish","type":"product","link":"https:\/\/baralivres.ma\/?product=je-decouvre-le-corps-humain","title":{"rendered":"Je d\u00e9couvre le corps humain"},"content":{"rendered":"<p data-start=\"0\" data-end=\"84\"><strong data-start=\"0\" data-end=\"31\">Je d\u00e9couvre le corps humain<\/strong> \u2013 Un voyage ludique au c\u0153ur du corps humain ! \ud83e\udde0\ud83d\udca1<\/p>\n<p data-start=\"86\" data-end=\"329\">Avec ce coffret interactif, les enfants explorent le corps humain tout en s&rsquo;amusant. Gr\u00e2ce \u00e0 une maquette \u00e0 assembler, ils placent eux-m\u00eames les organes, les muscles et les os phosphorescents pour mieux comprendre le fonctionnement du corps.<\/p>\n<p data-start=\"331\" data-end=\"494\">\ud83d\udcd6 <strong data-start=\"334\" data-end=\"353\">\u00c0 l&rsquo;int\u00e9rieur :<\/strong><br data-start=\"353\" data-end=\"356\" \/>\u2714\ufe0f Une maquette \u00e9ducative \u00e0 monter pas \u00e0 pas<br data-start=\"400\" data-end=\"403\" \/>\u2714\ufe0f Un livret explicatif d\u00e9taill\u00e9<br data-start=\"435\" data-end=\"438\" \/>\u2714\ufe0f Un <strong data-start=\"444\" data-end=\"477\">poster g\u00e9ant \u00e0 taille humaine<\/strong> rempli de jeux<\/p>\n<p data-start=\"496\" data-end=\"592\" data-is-last-node=\"\" data-is-only-node=\"\">Un excellent moyen d\u2019apprendre les bases de l\u2019anatomie de mani\u00e8re ludique et immersive ! \ud83d\udc69\u200d\u2695\ufe0f\ud83d\udd0d<\/p>\n","protected":false},"excerpt":{"rendered":"<p data-start=\"0\" data-end=\"64\"><strong data-start=\"0\" data-end=\"31\">Je d\u00e9couvre le corps humain<\/strong> \u2013 Apprends en t\u2019amusant ! \ud83e\udde0\ud83d\udd0d<\/p>\n<p data-start=\"66\" data-end=\"225\">Assemble la maquette en pla\u00e7ant les organes, muscles et os phosphorescents. Explore le livret et d\u00e9couvre le fonctionnement du corps humain, \u00e9tape par \u00e9tape.<\/p>\n<p data-start=\"227\" data-end=\"291\" data-is-last-node=\"\" data-is-only-node=\"\">Inclus : <strong data-start=\"236\" data-end=\"286\">un poster g\u00e9ant \u00e0 taille humaine avec des jeux<\/strong> ! \ud83c\udf89<\/p>\n","protected":false},"featured_media":23136,"comment_status":"open","ping_status":"closed","template":"","meta":{"inline_featured_image":false},"product_cat":[4229,3875,201,200],"product_tag":[],"class_list":{"0":"post-23134","1":"product","2":"type-product","3":"status-publish","4":"has-post-thumbnail","6":"product_cat-bibliotheque_a_moins-cher","7":"product_cat-coffret-francais","8":"product_cat-coffret","9":"product_cat-activites","11":"first","12":"instock","13":"sale","14":"shipping-taxable","15":"purchasable","16":"product-type-simple"},"_links":{"self":[{"href":"https:\/\/baralivres.ma\/index.php?rest_route=\/wp\/v2\/product\/23134","targetHints":{"allow":["GET"]}}],"collection":[{"href":"https:\/\/baralivres.ma\/index.php?rest_route=\/wp\/v2\/product"}],"about":[{"href":"https:\/\/baralivres.ma\/index.php?rest_route=\/wp\/v2\/types\/product"}],"replies":[{"embeddable":true,"href":"https:\/\/baralivres.ma\/index.php?rest_route=%2Fwp%2Fv2%2Fcomments&post=23134"}],"version-history":[{"count":1,"href":"https:\/\/baralivres.ma\/index.php?rest_route=\/wp\/v2\/product\/23134\/revisions"}],"predecessor-version":[{"id":23140,"href":"https:\/\/baralivres.ma\/index.php?rest_route=\/wp\/v2\/product\/23134\/revisions\/23140"}],"wp:featuredmedia":[{"embeddable":true,"href":"https:\/\/baralivres.ma\/index.php?rest_route=\/wp\/v2\/media\/23136"}],"wp:attachment":[{"href":"https:\/\/baralivres.ma\/index.php?rest_route=%2Fwp%2Fv2%2Fmedia&parent=23134"}],"wp:term":[{"taxonomy":"product_cat","embeddable":true,"href":"https:\/\/baralivres.ma\/index.php?rest_route=%2Fwp%2Fv2%2Fproduct_cat&post=23134"},{"taxonomy":"product_tag","embeddable":true,"href":"https:\/\/baralivres.ma\/index.php?rest_route=%2Fwp%2Fv2%2Fproduct_tag&post=23134"}],"curies":[{"name":"wp","href":"https:\/\/api.w.org\/{rel}","templated":true}]}}