{"id":23111,"date":"2025-02-24T18:43:48","date_gmt":"2025-02-24T17:43:48","guid":{"rendered":"https:\/\/baralivres.ma\/?post_type=product&#038;p=23111"},"modified":"2025-02-28T16:11:25","modified_gmt":"2025-02-28T15:11:25","slug":"ma-malette-loup-au-pays-des-contes","status":"publish","type":"product","link":"https:\/\/baralivres.ma\/?product=ma-malette-loup-au-pays-des-contes","title":{"rendered":"Ma malette Loup au pays des contes"},"content":{"rendered":"<p data-start=\"0\" data-end=\"41\"><strong data-start=\"0\" data-end=\"39\">Ma mallette Loup au pays des contes<\/strong><\/p>\n<p data-start=\"43\" data-end=\"175\">D\u00e9couvrez un coffret ludique et enchanteur qui plonge les enfants dans l&rsquo;univers des contes classiques aux c\u00f4t\u00e9s du c\u00e9l\u00e8bre Loup !<\/p>\n<p data-start=\"177\" data-end=\"519\">\ud83d\udcd6 <strong data-start=\"180\" data-end=\"192\">Le livre<\/strong> : Une aventure savoureuse o\u00f9 Loup, d\u00e9termin\u00e9 \u00e0 pr\u00e9parer un g\u00e2teau aux pommes pour le Go\u00fbter du Printemps, part en qu\u00eate d&rsquo;aide. Sur son chemin, il rencontre les Trois Petits Cochons, le Petit Chaperon Rouge, une sorci\u00e8re\u2026 et bien d&rsquo;autres personnages de contes ! Une histoire tendre et amusante de 32 pages \u00e0 lire et relire.<\/p>\n<p data-start=\"521\" data-end=\"684\">\ud83e\udde9 <strong data-start=\"524\" data-end=\"537\">Le puzzle<\/strong> : Reconstituez une magnifique sc\u00e8ne de l\u2019album gr\u00e2ce \u00e0 un puzzle de 25 pi\u00e8ces, parfait pour d\u00e9velopper la r\u00e9flexion et la motricit\u00e9 des enfants.<\/p>\n<p data-start=\"686\" data-end=\"873\">\ud83c\udfb2 <strong data-start=\"689\" data-end=\"704\">Les dominos<\/strong> : Un jeu de 28 dominos aux illustrations inspir\u00e9es des contes travers\u00e9s par Loup dans l\u2019histoire. Un moyen ludique et intelligent de prolonger l\u2019aventure en famille !<\/p>\n<p data-start=\"875\" data-end=\"1000\" data-is-last-node=\"\" data-is-only-node=\"\">Un grand coffret complet, ferm\u00e9 par un \u00e9lastique, pour des heures de jeu et de lecture dans l\u2019univers magique des contes ! \ud83c\udf1f<\/p>\n","protected":false},"excerpt":{"rendered":"<p data-start=\"0\" data-end=\"41\"><strong data-start=\"0\" data-end=\"39\">Ma mallette Loup au pays des contes<\/strong><\/p>\n<p data-start=\"43\" data-end=\"114\">Un coffret ludique pour plonger dans l\u2019univers des contes avec Loup !<\/p>\n<p data-start=\"116\" data-end=\"289\">\ud83d\udcd6 <strong data-start=\"119\" data-end=\"131\">Le livre<\/strong> : Loup veut cuisiner un g\u00e2teau, mais il a besoin d\u2019aide\u2026 Il part \u00e0 la rencontre des Trois Petits Cochons, du Petit Chaperon Rouge et d\u2019autres personnages !<\/p>\n<p data-start=\"291\" data-end=\"370\">\ud83e\udde9 <strong data-start=\"294\" data-end=\"307\">Le puzzle<\/strong> : 25 pi\u00e8ces pour reconstituer une belle sc\u00e8ne de l\u2019histoire.<\/p>\n<p data-start=\"372\" data-end=\"461\">\ud83c\udfb2 <strong data-start=\"375\" data-end=\"390\">Les dominos<\/strong> : 28 dominos illustr\u00e9s pour s\u2019amuser tout en prolongeant l\u2019aventure.<\/p>\n<p data-start=\"463\" data-end=\"510\" data-is-last-node=\"\" data-is-only-node=\"\">Un coffret id\u00e9al pour lire, jouer et r\u00eaver ! \ud83c\udf1f<\/p>\n","protected":false},"featured_media":23113,"comment_status":"open","ping_status":"closed","template":"","meta":{"inline_featured_image":false},"product_cat":[4229,3875,4234,201,212,200],"product_tag":[],"class_list":{"0":"post-23111","1":"product","2":"type-product","3":"status-publish","4":"has-post-thumbnail","6":"product_cat-bibliotheque_a_moins-cher","7":"product_cat-coffret-francais","8":"product_cat-collection-de-le-loup","9":"product_cat-coffret","10":"product_cat-puzzle","11":"product_cat-activites","13":"first","14":"instock","15":"sale","16":"shipping-taxable","17":"purchasable","18":"product-type-simple"},"_links":{"self":[{"href":"https:\/\/baralivres.ma\/index.php?rest_route=\/wp\/v2\/product\/23111","targetHints":{"allow":["GET"]}}],"collection":[{"href":"https:\/\/baralivres.ma\/index.php?rest_route=\/wp\/v2\/product"}],"about":[{"href":"https:\/\/baralivres.ma\/index.php?rest_route=\/wp\/v2\/types\/product"}],"replies":[{"embeddable":true,"href":"https:\/\/baralivres.ma\/index.php?rest_route=%2Fwp%2Fv2%2Fcomments&post=23111"}],"version-history":[{"count":1,"href":"https:\/\/baralivres.ma\/index.php?rest_route=\/wp\/v2\/product\/23111\/revisions"}],"predecessor-version":[{"id":23118,"href":"https:\/\/baralivres.ma\/index.php?rest_route=\/wp\/v2\/product\/23111\/revisions\/23118"}],"wp:featuredmedia":[{"embeddable":true,"href":"https:\/\/baralivres.ma\/index.php?rest_route=\/wp\/v2\/media\/23113"}],"wp:attachment":[{"href":"https:\/\/baralivres.ma\/index.php?rest_route=%2Fwp%2Fv2%2Fmedia&parent=23111"}],"wp:term":[{"taxonomy":"product_cat","embeddable":true,"href":"https:\/\/baralivres.ma\/index.php?rest_route=%2Fwp%2Fv2%2Fproduct_cat&post=23111"},{"taxonomy":"product_tag","embeddable":true,"href":"https:\/\/baralivres.ma\/index.php?rest_route=%2Fwp%2Fv2%2Fproduct_tag&post=23111"}],"curies":[{"name":"wp","href":"https:\/\/api.w.org\/{rel}","templated":true}]}}