{"id":23101,"date":"2025-02-22T11:48:14","date_gmt":"2025-02-22T10:48:14","guid":{"rendered":"https:\/\/baralivres.ma\/?post_type=product&#038;p=23101"},"modified":"2026-02-14T10:04:02","modified_gmt":"2026-02-14T09:04:02","slug":"ali-le-secret-bien-garde","status":"publish","type":"product","link":"https:\/\/baralivres.ma\/?product=ali-le-secret-bien-garde","title":{"rendered":"Ali, le secret bien gard\u00e9"},"content":{"rendered":"<p data-start=\"0\" data-end=\"504\"><em data-start=\"0\" data-end=\"27\">Ali, le secret bien gard\u00e9<\/em> de Mohammad-Ali Amir-Moezzi est un ouvrage captivant qui explore la vie et l&rsquo;h\u00e9ritage d&rsquo;Ali ibn Abi Talib, une figure centrale de l&rsquo;histoire islamique, souvent per\u00e7ue comme un personnage myst\u00e9rieux et mal compris. \u00c0 travers une approche historique et spirituelle, l&rsquo;auteur d\u00e9voile les aspects m\u00e9connus de la personnalit\u00e9 d&rsquo;Ali, offrant aux lecteurs une perspective enrichissante sur son r\u00f4le en tant qu&rsquo;homme de foi, leader, et d\u00e9fenseur des principes de justice et d&rsquo;\u00e9galit\u00e9.<\/p>\n<p data-start=\"506\" data-end=\"828\">L&rsquo;ouvrage se penche sur les \u00e9v\u00e9nements marquants de sa vie, y compris ses actions lors de la bataille de Badr, son engagement pour la v\u00e9rit\u00e9, et ses r\u00e9flexions profondes sur la nature de la spiritualit\u00e9 et de la gouvernance. Ali n&rsquo;est pas seulement un personnage religieux, mais aussi un symbole d&rsquo;int\u00e9grit\u00e9 et de courage.<\/p>\n<p data-start=\"830\" data-end=\"1203\" data-is-last-node=\"\" data-is-only-node=\"\">\u00c0 travers une narration claire et accessible, Mohammad-Ali Amir-Moezzi pr\u00e9sente un Ali complexe, entre figures historiques et l\u00e9gendes, tout en mettant en lumi\u00e8re les secrets entourant sa vie. Ce livre s&rsquo;adresse \u00e0 ceux qui cherchent \u00e0 comprendre le v\u00e9ritable h\u00e9ritage d&rsquo;Ali, en abordant des th\u00e9matiques essentielles telles que la foi, la justice et la sagesse intemporelle.<\/p>\n","protected":false},"excerpt":{"rendered":"<p><em data-start=\"0\" data-end=\"27\" data-is-only-node=\"\">Ali, le secret bien gard\u00e9<\/em> de Mohammad Ali Amir-Moezzi explore la vie d&rsquo;Ali ibn Abi Talib, une figure centrale de l&rsquo;Islam. \u00c0 travers une approche historique et spirituelle, l&rsquo;auteur d\u00e9voile les aspects m\u00e9connus de sa personnalit\u00e9, en mettant l&rsquo;accent sur sa foi, son engagement pour la justice et son r\u00f4le de leader. Le livre offre une perspective enrichissante sur l&rsquo;h\u00e9ritage d&rsquo;Ali, entre v\u00e9rit\u00e9, courage et sagesse.<\/p>\n","protected":false},"featured_media":23102,"comment_status":"open","ping_status":"closed","template":"","meta":{"inline_featured_image":false},"product_cat":[3720,3725,3862,4214],"product_tag":[],"class_list":{"0":"post-23101","1":"product","2":"type-product","3":"status-publish","4":"has-post-thumbnail","6":"product_cat-litterature","7":"product_cat-litterature-religieuse","8":"product_cat-spiritualite","9":"product_cat-voyage-spirituel-pendant-le-ramadan","10":"pa_auteurs-mohammed-ali-amir-moezzi","12":"first","13":"outofstock","14":"shipping-taxable","15":"purchasable","16":"product-type-simple"},"_links":{"self":[{"href":"https:\/\/baralivres.ma\/index.php?rest_route=\/wp\/v2\/product\/23101","targetHints":{"allow":["GET"]}}],"collection":[{"href":"https:\/\/baralivres.ma\/index.php?rest_route=\/wp\/v2\/product"}],"about":[{"href":"https:\/\/baralivres.ma\/index.php?rest_route=\/wp\/v2\/types\/product"}],"replies":[{"embeddable":true,"href":"https:\/\/baralivres.ma\/index.php?rest_route=%2Fwp%2Fv2%2Fcomments&post=23101"}],"version-history":[{"count":1,"href":"https:\/\/baralivres.ma\/index.php?rest_route=\/wp\/v2\/product\/23101\/revisions"}],"predecessor-version":[{"id":23103,"href":"https:\/\/baralivres.ma\/index.php?rest_route=\/wp\/v2\/product\/23101\/revisions\/23103"}],"wp:featuredmedia":[{"embeddable":true,"href":"https:\/\/baralivres.ma\/index.php?rest_route=\/wp\/v2\/media\/23102"}],"wp:attachment":[{"href":"https:\/\/baralivres.ma\/index.php?rest_route=%2Fwp%2Fv2%2Fmedia&parent=23101"}],"wp:term":[{"taxonomy":"product_cat","embeddable":true,"href":"https:\/\/baralivres.ma\/index.php?rest_route=%2Fwp%2Fv2%2Fproduct_cat&post=23101"},{"taxonomy":"product_tag","embeddable":true,"href":"https:\/\/baralivres.ma\/index.php?rest_route=%2Fwp%2Fv2%2Fproduct_tag&post=23101"}],"curies":[{"name":"wp","href":"https:\/\/api.w.org\/{rel}","templated":true}]}}