{"id":23093,"date":"2025-02-22T11:36:40","date_gmt":"2025-02-22T10:36:40","guid":{"rendered":"https:\/\/baralivres.ma\/?post_type=product&#038;p=23093"},"modified":"2025-02-22T11:49:47","modified_gmt":"2025-02-22T10:49:47","slug":"petit-lexique-de-lislam","status":"publish","type":"product","link":"https:\/\/baralivres.ma\/?product=petit-lexique-de-lislam","title":{"rendered":"Petit lexique de l&rsquo;islam"},"content":{"rendered":"<p data-start=\"77\" data-end=\"484\"><em data-start=\"77\" data-end=\"103\">Petit lexique de l&rsquo;islam<\/em> est un ouvrage accessible qui explore les principales notions et concepts de l&rsquo;islam, permettant au lecteur de mieux comprendre cette religion et ses fondements. \u00c9crit par Malek Chebel, anthropologue et sp\u00e9cialiste des religions, ce livre offre une approche claire et concise des termes essentiels du monde islamique, qu&rsquo;ils soient th\u00e9ologiques, culturels, sociaux ou historiques.<\/p>\n<p data-start=\"486\" data-end=\"874\">L&rsquo;auteur pr\u00e9sente une s\u00e9rie de d\u00e9finitions simples mais d\u00e9taill\u00e9es, tout en abordant les aspects divers de la foi, de la pratique, des rites et des courants de pens\u00e9e au sein de l&rsquo;islam. Ce lexique est une introduction id\u00e9ale pour toute personne souhaitant d\u00e9couvrir ou approfondir ses connaissances sur cette religion mill\u00e9naire, que ce soit pour des raisons personnelles ou acad\u00e9miques.<\/p>\n<p data-start=\"876\" data-end=\"1107\" data-is-last-node=\"\" data-is-only-node=\"\">L&rsquo;ouvrage se distingue par sa volont\u00e9 d&rsquo;\u00eatre didactique et p\u00e9dagogique, tout en respectant la complexit\u00e9 et la diversit\u00e9 de l&rsquo;islam. Il est con\u00e7u pour \u00eatre accessible \u00e0 tous, qu&rsquo;ils soient d\u00e9butants ou d\u00e9j\u00e0 familiers avec le sujet.<\/p>\n","protected":false},"excerpt":{"rendered":"<p><em data-start=\"0\" data-end=\"26\" data-is-only-node=\"\">Petit lexique de l&rsquo;islam<\/em> de Malek Chebel est un ouvrage concis qui explique les principaux termes et concepts de l&rsquo;islam. Accessible et clair, il permet aux lecteurs de mieux comprendre les fondements, rites et courants de cette religion. Parfait pour ceux qui souhaitent d\u00e9couvrir ou approfondir leurs connaissances sur l&rsquo;islam de mani\u00e8re simple et p\u00e9dagogique.<\/p>\n","protected":false},"featured_media":23104,"comment_status":"open","ping_status":"closed","template":"","meta":{"inline_featured_image":false},"product_cat":[3725,3862,4214],"product_tag":[],"class_list":{"0":"post-23093","1":"product","2":"type-product","3":"status-publish","4":"has-post-thumbnail","6":"product_cat-litterature-religieuse","7":"product_cat-spiritualite","8":"product_cat-voyage-spirituel-pendant-le-ramadan","9":"pa_auteurs-malek-chebel","11":"first","12":"instock","13":"shipping-taxable","14":"purchasable","15":"product-type-simple"},"_links":{"self":[{"href":"https:\/\/baralivres.ma\/index.php?rest_route=\/wp\/v2\/product\/23093","targetHints":{"allow":["GET"]}}],"collection":[{"href":"https:\/\/baralivres.ma\/index.php?rest_route=\/wp\/v2\/product"}],"about":[{"href":"https:\/\/baralivres.ma\/index.php?rest_route=\/wp\/v2\/types\/product"}],"replies":[{"embeddable":true,"href":"https:\/\/baralivres.ma\/index.php?rest_route=%2Fwp%2Fv2%2Fcomments&post=23093"}],"version-history":[{"count":1,"href":"https:\/\/baralivres.ma\/index.php?rest_route=\/wp\/v2\/product\/23093\/revisions"}],"predecessor-version":[{"id":23094,"href":"https:\/\/baralivres.ma\/index.php?rest_route=\/wp\/v2\/product\/23093\/revisions\/23094"}],"wp:featuredmedia":[{"embeddable":true,"href":"https:\/\/baralivres.ma\/index.php?rest_route=\/wp\/v2\/media\/23104"}],"wp:attachment":[{"href":"https:\/\/baralivres.ma\/index.php?rest_route=%2Fwp%2Fv2%2Fmedia&parent=23093"}],"wp:term":[{"taxonomy":"product_cat","embeddable":true,"href":"https:\/\/baralivres.ma\/index.php?rest_route=%2Fwp%2Fv2%2Fproduct_cat&post=23093"},{"taxonomy":"product_tag","embeddable":true,"href":"https:\/\/baralivres.ma\/index.php?rest_route=%2Fwp%2Fv2%2Fproduct_tag&post=23093"}],"curies":[{"name":"wp","href":"https:\/\/api.w.org\/{rel}","templated":true}]}}