{"id":23079,"date":"2025-02-22T10:45:09","date_gmt":"2025-02-22T09:45:09","guid":{"rendered":"https:\/\/baralivres.ma\/?post_type=product&#038;p=23079"},"modified":"2025-02-22T10:45:09","modified_gmt":"2025-02-22T09:45:09","slug":"comprendre-le-coran-2","status":"publish","type":"product","link":"https:\/\/baralivres.ma\/?product=comprendre-le-coran-2","title":{"rendered":"COMPRENDRE LE CORAN"},"content":{"rendered":"<p data-start=\"0\" data-end=\"336\">\u00ab\u00a0<strong data-start=\"1\" data-end=\"24\">Comprendre le Coran<\/strong>\u00a0\u00bb de <strong data-start=\"29\" data-end=\"45\">Malek Chebel<\/strong>, publi\u00e9 dans la collection <em data-start=\"73\" data-end=\"100\">Petite Biblioth\u00e8que Payot<\/em>, est un ouvrage concis qui vise \u00e0 rendre accessible le texte sacr\u00e9 de l&rsquo;islam. Sp\u00e9cialiste de la pens\u00e9e islamique, Chebel propose une lecture \u00e9clair\u00e9e du Coran, en mettant en avant ses grandes th\u00e9matiques et son \u00e9volution historique.<\/p>\n<p data-start=\"338\" data-end=\"650\">\u00c0 travers une approche p\u00e9dagogique et analytique, l\u2019auteur explore la structure du Coran, son message spirituel et son influence sur la civilisation musulmane. Il s\u2019attache \u00e9galement \u00e0 replacer le texte dans son contexte historique, tout en mettant en lumi\u00e8re les d\u00e9fis li\u00e9s \u00e0 son interpr\u00e9tation contemporaine.<\/p>\n<p data-start=\"652\" data-end=\"881\" data-is-last-node=\"\" data-is-only-node=\"\">Destin\u00e9 aussi bien aux curieux qu\u2019aux lecteurs d\u00e9sireux de mieux comprendre l\u2019islam, ce livre constitue une introduction synth\u00e9tique et accessible aux fondements du Coran et \u00e0 son impact sur les croyances et la culture musulmane.<\/p>\n","protected":false},"excerpt":{"rendered":"<p>\u00ab\u00a0<strong data-start=\"1\" data-end=\"24\">Comprendre le Coran<\/strong>\u00a0\u00bb de <strong data-start=\"29\" data-end=\"45\">Malek Chebel<\/strong> est une introduction claire et accessible au texte sacr\u00e9 de l&rsquo;islam. L\u2019auteur y d\u00e9crypte les grandes th\u00e9matiques du Coran, son contexte historique et ses enjeux d\u2019interpr\u00e9tation moderne, offrant ainsi une lecture \u00e9clair\u00e9e \u00e0 tous ceux qui souhaitent mieux appr\u00e9hender ce pilier de la foi musulmane.<\/p>\n","protected":false},"featured_media":23080,"comment_status":"open","ping_status":"closed","template":"","meta":{"inline_featured_image":false},"product_cat":[3725,3862,4214],"product_tag":[],"class_list":{"0":"post-23079","1":"product","2":"type-product","3":"status-publish","4":"has-post-thumbnail","6":"product_cat-litterature-religieuse","7":"product_cat-spiritualite","8":"product_cat-voyage-spirituel-pendant-le-ramadan","9":"pa_auteurs-malek-chebel","11":"first","12":"instock","13":"shipping-taxable","14":"purchasable","15":"product-type-simple"},"_links":{"self":[{"href":"https:\/\/baralivres.ma\/index.php?rest_route=\/wp\/v2\/product\/23079","targetHints":{"allow":["GET"]}}],"collection":[{"href":"https:\/\/baralivres.ma\/index.php?rest_route=\/wp\/v2\/product"}],"about":[{"href":"https:\/\/baralivres.ma\/index.php?rest_route=\/wp\/v2\/types\/product"}],"replies":[{"embeddable":true,"href":"https:\/\/baralivres.ma\/index.php?rest_route=%2Fwp%2Fv2%2Fcomments&post=23079"}],"version-history":[{"count":1,"href":"https:\/\/baralivres.ma\/index.php?rest_route=\/wp\/v2\/product\/23079\/revisions"}],"predecessor-version":[{"id":23081,"href":"https:\/\/baralivres.ma\/index.php?rest_route=\/wp\/v2\/product\/23079\/revisions\/23081"}],"wp:featuredmedia":[{"embeddable":true,"href":"https:\/\/baralivres.ma\/index.php?rest_route=\/wp\/v2\/media\/23080"}],"wp:attachment":[{"href":"https:\/\/baralivres.ma\/index.php?rest_route=%2Fwp%2Fv2%2Fmedia&parent=23079"}],"wp:term":[{"taxonomy":"product_cat","embeddable":true,"href":"https:\/\/baralivres.ma\/index.php?rest_route=%2Fwp%2Fv2%2Fproduct_cat&post=23079"},{"taxonomy":"product_tag","embeddable":true,"href":"https:\/\/baralivres.ma\/index.php?rest_route=%2Fwp%2Fv2%2Fproduct_tag&post=23079"}],"curies":[{"name":"wp","href":"https:\/\/api.w.org\/{rel}","templated":true}]}}