{"id":23076,"date":"2025-02-22T10:39:26","date_gmt":"2025-02-22T09:39:26","guid":{"rendered":"https:\/\/baralivres.ma\/?post_type=product&#038;p=23076"},"modified":"2025-02-22T10:39:26","modified_gmt":"2025-02-22T09:39:26","slug":"encyclopedie-de-lamour-en-islam","status":"publish","type":"product","link":"https:\/\/baralivres.ma\/?product=encyclopedie-de-lamour-en-islam","title":{"rendered":"Encyclop\u00e9die de l&rsquo;amour en islam"},"content":{"rendered":"<p data-start=\"0\" data-end=\"53\"><strong data-start=\"0\" data-end=\"36\">Encyclop\u00e9die de l&rsquo;amour en Islam<\/strong> \u2013 Malek Chebel<\/p>\n<p data-start=\"55\" data-end=\"496\">Dans <em data-start=\"60\" data-end=\"94\">Encyclop\u00e9die de l&rsquo;amour en Islam<\/em>, l\u2019anthropologue et islamologue Malek Chebel explore les multiples facettes de l\u2019amour dans la culture et la tradition islamique. \u00c0 travers plus de 200 entr\u00e9es th\u00e9matiques, il d\u00e9crypte les repr\u00e9sentations de l\u2019amour, du d\u00e9sir, de la sensualit\u00e9 et de la spiritualit\u00e9 dans le monde musulman, s\u2019appuyant sur des textes religieux, des r\u00e9cits historiques, de la po\u00e9sie mystique et des \u0153uvres litt\u00e9raires.<\/p>\n<p data-start=\"498\" data-end=\"850\">L\u2019ouvrage aborde des figures embl\u00e9matiques, des concepts cl\u00e9s comme l\u2019amour courtois ou l\u2019\u00e9rotisme sacr\u00e9, ainsi que les influences du soufisme et des traditions populaires. \u00c0 la crois\u00e9e de l\u2019histoire, de la th\u00e9ologie et de l\u2019anthropologie, cette encyclop\u00e9die \u00e9claire la richesse et la complexit\u00e9 des rapports amoureux en Islam, loin des id\u00e9es re\u00e7ues.<\/p>\n<p data-start=\"852\" data-end=\"998\" data-is-last-node=\"\" data-is-only-node=\"\">Un livre essentiel pour ceux qui souhaitent mieux comprendre la place de l\u2019amour dans la culture islamique et son \u00e9volution \u00e0 travers les si\u00e8cles.<\/p>\n","protected":false},"excerpt":{"rendered":"<div class=\"flex max-w-full flex-col flex-grow\">\n<div class=\"min-h-8 text-message flex w-full flex-col items-end gap-2 whitespace-normal break-words text-start [.text-message+&amp;]:mt-5\" dir=\"auto\" data-message-author-role=\"assistant\" data-message-id=\"292e8ddc-2067-4103-a70e-49791436062f\" data-message-model-slug=\"gpt-4o\">\n<div class=\"flex w-full flex-col gap-1 empty:hidden first:pt-[3px]\">\n<div class=\"markdown prose w-full break-words dark:prose-invert light\">\n<p data-start=\"0\" data-end=\"53\"><strong data-start=\"0\" data-end=\"36\">ncyclop\u00e9die de l&rsquo;amour en Islam<\/strong> \u2013 Malek Chebel<\/p>\n<p data-start=\"55\" data-end=\"351\" data-is-last-node=\"\" data-is-only-node=\"\">Cet ouvrage explore l\u2019amour, le d\u00e9sir et la sensualit\u00e9 dans la culture islamique \u00e0 travers plus de 200 entr\u00e9es th\u00e9matiques. S\u2019appuyant sur des textes religieux, historiques et litt\u00e9raires, Malek Chebel met en lumi\u00e8re la richesse des traditions amoureuses en Islam, du soufisme \u00e0 l\u2019\u00e9rotisme sacr\u00e9.<\/p>\n<\/div>\n<\/div>\n<\/div>\n<\/div>\n","protected":false},"featured_media":23077,"comment_status":"open","ping_status":"closed","template":"","meta":{"inline_featured_image":false},"product_cat":[3725,3862,4214],"product_tag":[],"class_list":{"0":"post-23076","1":"product","2":"type-product","3":"status-publish","4":"has-post-thumbnail","6":"product_cat-litterature-religieuse","7":"product_cat-spiritualite","8":"product_cat-voyage-spirituel-pendant-le-ramadan","9":"pa_auteurs-malek-chebel","11":"first","12":"instock","13":"shipping-taxable","14":"purchasable","15":"product-type-simple"},"_links":{"self":[{"href":"https:\/\/baralivres.ma\/index.php?rest_route=\/wp\/v2\/product\/23076","targetHints":{"allow":["GET"]}}],"collection":[{"href":"https:\/\/baralivres.ma\/index.php?rest_route=\/wp\/v2\/product"}],"about":[{"href":"https:\/\/baralivres.ma\/index.php?rest_route=\/wp\/v2\/types\/product"}],"replies":[{"embeddable":true,"href":"https:\/\/baralivres.ma\/index.php?rest_route=%2Fwp%2Fv2%2Fcomments&post=23076"}],"version-history":[{"count":1,"href":"https:\/\/baralivres.ma\/index.php?rest_route=\/wp\/v2\/product\/23076\/revisions"}],"predecessor-version":[{"id":23078,"href":"https:\/\/baralivres.ma\/index.php?rest_route=\/wp\/v2\/product\/23076\/revisions\/23078"}],"wp:featuredmedia":[{"embeddable":true,"href":"https:\/\/baralivres.ma\/index.php?rest_route=\/wp\/v2\/media\/23077"}],"wp:attachment":[{"href":"https:\/\/baralivres.ma\/index.php?rest_route=%2Fwp%2Fv2%2Fmedia&parent=23076"}],"wp:term":[{"taxonomy":"product_cat","embeddable":true,"href":"https:\/\/baralivres.ma\/index.php?rest_route=%2Fwp%2Fv2%2Fproduct_cat&post=23076"},{"taxonomy":"product_tag","embeddable":true,"href":"https:\/\/baralivres.ma\/index.php?rest_route=%2Fwp%2Fv2%2Fproduct_tag&post=23076"}],"curies":[{"name":"wp","href":"https:\/\/api.w.org\/{rel}","templated":true}]}}