{"id":23068,"date":"2025-02-20T17:24:44","date_gmt":"2025-02-20T16:24:44","guid":{"rendered":"https:\/\/baralivres.ma\/?post_type=product&#038;p=23068"},"modified":"2025-02-20T17:24:45","modified_gmt":"2025-02-20T16:24:45","slug":"lislam-et-la-raison","status":"publish","type":"product","link":"https:\/\/baralivres.ma\/?product=lislam-et-la-raison","title":{"rendered":"L&rsquo;Islam et la raison"},"content":{"rendered":"<p>\u00ab\u202fL&rsquo;Islam et la raison\u202f\u00bb est une anthologie qui rassemble des extraits de trois \u0153uvres majeures du philosophe andalou Averro\u00e8s (Ibn Rushd)\u202f: le \u00ab\u202fDiscours d\u00e9cisif\u202f\u00bb, le \u00ab\u202fD\u00e9voilement des m\u00e9thodes de d\u00e9monstration des dogmes de la religion musulmane\u202f\u00bb et \u00ab\u202fL&rsquo;incoh\u00e9rence de l&rsquo;incoh\u00e9rence\u202f\u00bb. Ces textes illustrent la tentative d&rsquo;Averro\u00e8s de concilier la philosophie et la religion, affirmant que la recherche philosophique est non seulement compatible avec l&rsquo;Islam, mais \u00e9galement encourag\u00e9e par celui-ci. Selon lui, la Loi religieuse vise le bien g\u00e9n\u00e9ral et impose aux \u00ab\u202fhommes de d\u00e9monstration\u202f\u00bb l&rsquo;obligation de philosopher pour atteindre la v\u00e9rit\u00e9. Cette \u00e9dition, parue chez Flammarion en 2000, est enrichie d&rsquo;une introduction d&rsquo;Alain de Libera et de notes de Marc Geoffroy, offrant un \u00e9clairage pr\u00e9cieux sur la pens\u00e9e d&rsquo;Averro\u00e8s et son contexte historique.<\/p>\n","protected":false},"excerpt":{"rendered":"<p><strong data-start=\"0\" data-end=\"24\" data-is-only-node=\"\">L&rsquo;Islam et la raison<\/strong> d&rsquo;Averro\u00e8s est une anthologie de ses textes majeurs, o\u00f9 il d\u00e9fend la compatibilit\u00e9 entre philosophie et religion. Il affirme que la recherche rationnelle est encourag\u00e9e par l&rsquo;Islam et n\u00e9cessaire pour atteindre la v\u00e9rit\u00e9. Cette \u00e9dition, enrichie par Alain de Libera et Marc Geoffroy, \u00e9claire sa pens\u00e9e et son contexte historique.<\/p>\n","protected":false},"featured_media":23069,"comment_status":"open","ping_status":"closed","template":"","meta":{"inline_featured_image":false},"product_cat":[3725,3862,4214],"product_tag":[],"class_list":{"0":"post-23068","1":"product","2":"type-product","3":"status-publish","4":"has-post-thumbnail","6":"product_cat-litterature-religieuse","7":"product_cat-spiritualite","8":"product_cat-voyage-spirituel-pendant-le-ramadan","10":"first","11":"instock","12":"shipping-taxable","13":"purchasable","14":"product-type-simple"},"_links":{"self":[{"href":"https:\/\/baralivres.ma\/index.php?rest_route=\/wp\/v2\/product\/23068","targetHints":{"allow":["GET"]}}],"collection":[{"href":"https:\/\/baralivres.ma\/index.php?rest_route=\/wp\/v2\/product"}],"about":[{"href":"https:\/\/baralivres.ma\/index.php?rest_route=\/wp\/v2\/types\/product"}],"replies":[{"embeddable":true,"href":"https:\/\/baralivres.ma\/index.php?rest_route=%2Fwp%2Fv2%2Fcomments&post=23068"}],"version-history":[{"count":1,"href":"https:\/\/baralivres.ma\/index.php?rest_route=\/wp\/v2\/product\/23068\/revisions"}],"predecessor-version":[{"id":23070,"href":"https:\/\/baralivres.ma\/index.php?rest_route=\/wp\/v2\/product\/23068\/revisions\/23070"}],"wp:featuredmedia":[{"embeddable":true,"href":"https:\/\/baralivres.ma\/index.php?rest_route=\/wp\/v2\/media\/23069"}],"wp:attachment":[{"href":"https:\/\/baralivres.ma\/index.php?rest_route=%2Fwp%2Fv2%2Fmedia&parent=23068"}],"wp:term":[{"taxonomy":"product_cat","embeddable":true,"href":"https:\/\/baralivres.ma\/index.php?rest_route=%2Fwp%2Fv2%2Fproduct_cat&post=23068"},{"taxonomy":"product_tag","embeddable":true,"href":"https:\/\/baralivres.ma\/index.php?rest_route=%2Fwp%2Fv2%2Fproduct_tag&post=23068"}],"curies":[{"name":"wp","href":"https:\/\/api.w.org\/{rel}","templated":true}]}}