{"id":23063,"date":"2025-02-20T12:33:27","date_gmt":"2025-02-20T11:33:27","guid":{"rendered":"https:\/\/baralivres.ma\/?post_type=product&#038;p=23063"},"modified":"2025-02-20T12:33:45","modified_gmt":"2025-02-20T11:33:45","slug":"dieu-et-la-connaissance-du-monde","status":"publish","type":"product","link":"https:\/\/baralivres.ma\/?product=dieu-et-la-connaissance-du-monde","title":{"rendered":"Dieu et la connaissance du monde"},"content":{"rendered":"<p data-start=\"0\" data-end=\"240\"><strong data-start=\"0\" data-end=\"36\">Dieu et la connaissance du monde<\/strong> d&rsquo;Averro\u00e8s est une \u0153uvre philosophique majeure du c\u00e9l\u00e8bre penseur andalou du XIIe si\u00e8cle, connu pour ses commentaires sur Aristote et sa tentative de concilier la philosophie et la th\u00e9ologie islamique.<\/p>\n<p data-start=\"242\" data-end=\"734\">Dans ce livre, Averro\u00e8s explore la relation entre Dieu et la connaissance du monde en s&rsquo;appuyant sur la raison et la logique aristot\u00e9licienne. Il s&rsquo;interroge sur la nature de Dieu, la cr\u00e9ation du monde et la mani\u00e8re dont l\u2019intellect humain peut appr\u00e9hender ces concepts. Il d\u00e9fend l&rsquo;id\u00e9e que la raison et la r\u00e9v\u00e9lation ne sont pas contradictoires mais compl\u00e9mentaires, une approche qui a influenc\u00e9 profond\u00e9ment la pens\u00e9e m\u00e9di\u00e9vale, tant dans le monde islamique que dans l&rsquo;Occident chr\u00e9tien.<\/p>\n<p data-start=\"736\" data-end=\"996\">L\u2019ouvrage met en avant la n\u00e9cessit\u00e9 d&rsquo;une lecture rationnelle des textes sacr\u00e9s et la place centrale de la philosophie dans la compr\u00e9hension du divin. Il s&rsquo;inscrit dans la lign\u00e9e des d\u00e9bats entre th\u00e9ologiens et philosophes sur le rapport entre foi et raison.<\/p>\n","protected":false},"excerpt":{"rendered":"<p><strong data-start=\"0\" data-end=\"36\" data-is-only-node=\"\">Dieu et la connaissance du monde<\/strong> d&rsquo;Averro\u00e8s explore la relation entre Dieu, la raison et la connaissance. Il d\u00e9fend l&rsquo;id\u00e9e que foi et philosophie sont compl\u00e9mentaires et que la raison est essentielle pour comprendre le divin. L&rsquo;ouvrage s&rsquo;inscrit dans les grands d\u00e9bats m\u00e9di\u00e9vaux sur la relation entre religion et pens\u00e9e rationnelle.<\/p>\n","protected":false},"featured_media":23064,"comment_status":"open","ping_status":"closed","template":"","meta":{"inline_featured_image":false},"product_cat":[3725,3862,4214],"product_tag":[],"class_list":{"0":"post-23063","1":"product","2":"type-product","3":"status-publish","4":"has-post-thumbnail","6":"product_cat-litterature-religieuse","7":"product_cat-spiritualite","8":"product_cat-voyage-spirituel-pendant-le-ramadan","10":"first","11":"instock","12":"shipping-taxable","13":"purchasable","14":"product-type-simple"},"_links":{"self":[{"href":"https:\/\/baralivres.ma\/index.php?rest_route=\/wp\/v2\/product\/23063","targetHints":{"allow":["GET"]}}],"collection":[{"href":"https:\/\/baralivres.ma\/index.php?rest_route=\/wp\/v2\/product"}],"about":[{"href":"https:\/\/baralivres.ma\/index.php?rest_route=\/wp\/v2\/types\/product"}],"replies":[{"embeddable":true,"href":"https:\/\/baralivres.ma\/index.php?rest_route=%2Fwp%2Fv2%2Fcomments&post=23063"}],"version-history":[{"count":2,"href":"https:\/\/baralivres.ma\/index.php?rest_route=\/wp\/v2\/product\/23063\/revisions"}],"predecessor-version":[{"id":23067,"href":"https:\/\/baralivres.ma\/index.php?rest_route=\/wp\/v2\/product\/23063\/revisions\/23067"}],"wp:featuredmedia":[{"embeddable":true,"href":"https:\/\/baralivres.ma\/index.php?rest_route=\/wp\/v2\/media\/23064"}],"wp:attachment":[{"href":"https:\/\/baralivres.ma\/index.php?rest_route=%2Fwp%2Fv2%2Fmedia&parent=23063"}],"wp:term":[{"taxonomy":"product_cat","embeddable":true,"href":"https:\/\/baralivres.ma\/index.php?rest_route=%2Fwp%2Fv2%2Fproduct_cat&post=23063"},{"taxonomy":"product_tag","embeddable":true,"href":"https:\/\/baralivres.ma\/index.php?rest_route=%2Fwp%2Fv2%2Fproduct_tag&post=23063"}],"curies":[{"name":"wp","href":"https:\/\/api.w.org\/{rel}","templated":true}]}}