{"id":23048,"date":"2025-02-19T16:46:29","date_gmt":"2025-02-19T15:46:29","guid":{"rendered":"https:\/\/baralivres.ma\/?post_type=product&#038;p=23048"},"modified":"2025-02-24T18:09:14","modified_gmt":"2025-02-24T17:09:14","slug":"ecoute-et-cherche-ma-journee","status":"publish","type":"product","link":"https:\/\/baralivres.ma\/?product=ecoute-et-cherche-ma-journee","title":{"rendered":"ECOUTE ET CHERCHE MA JOURNEE"},"content":{"rendered":"<p data-start=\"0\" data-end=\"36\"><strong data-start=\"0\" data-end=\"34\">\u00c9coute et cherche &#8211; Ma journ\u00e9e<\/strong><\/p>\n<p data-start=\"38\" data-end=\"96\">\ud83d\udcda <strong data-start=\"41\" data-end=\"94\">Un livre sonore interactif pour les tout-petits !<\/strong><\/p>\n<p data-start=\"98\" data-end=\"375\">Avec <em data-start=\"103\" data-end=\"135\">\u00c9coute et cherche &#8211; Ma journ\u00e9e<\/em>, les enfants d\u00e9couvrent les sons du quotidien tout en s\u2019amusant. En appuyant sur les boutons, ils \u00e9coutent des bruits familiers (le r\u00e9veil qui sonne, l\u2019eau qui coule, l\u2019oiseau qui chante&#8230;) et doivent ensuite les retrouver dans l\u2019image.<\/p>\n<p data-start=\"377\" data-end=\"566\">\ud83d\udd0e <strong data-start=\"380\" data-end=\"411\">Un cherche et trouve sonore<\/strong> qui stimule l\u2019attention, la m\u00e9moire et l\u2019association image-son. Un jeu \u00e9ducatif id\u00e9al pour d\u00e9velopper l\u2019\u00e9veil auditif et le vocabulaire des tout-petits.<\/p>\n<p data-start=\"568\" data-end=\"716\" data-is-last-node=\"\">\ud83c\udfb6 <strong data-start=\"571\" data-end=\"600\">\u00c9coute, observe et joue !<\/strong> Un livre interactif parfait pour accompagner les enfants dans l\u2019apprentissage des sons de la vie de tous les jours.<\/p>\n","protected":false},"excerpt":{"rendered":"<p data-start=\"0\" data-end=\"36\"><strong data-start=\"0\" data-end=\"34\">\u00c9coute et cherche &#8211; Ma journ\u00e9e<\/strong><\/p>\n<p data-start=\"38\" data-end=\"265\" data-is-last-node=\"\">Un livre sonore interactif pour d\u00e9couvrir les sons du quotidien en s\u2019amusant ! Appuie sur le bouton, \u00e9coute le son et retrouve-le dans l\u2019image. Un jeu \u00e9ducatif id\u00e9al pour \u00e9veiller l\u2019attention et la m\u00e9moire des tout-petits. \ud83c\udfb6\ud83d\udd0e<\/p>\n","protected":false},"featured_media":23050,"comment_status":"open","ping_status":"closed","template":"","meta":{"inline_featured_image":false},"product_cat":[4229,3950,3944,197,198],"product_tag":[],"class_list":{"0":"post-23048","1":"product","2":"type-product","3":"status-publish","4":"has-post-thumbnail","6":"product_cat-bibliotheque_a_moins-cher","7":"product_cat-les-livres-cartonnes-francais","8":"product_cat-les-livres-sonore-francais","9":"product_cat-livre-sonore","10":"product_cat-livres-animes","12":"first","13":"instock","14":"sale","15":"shipping-taxable","16":"purchasable","17":"product-type-simple"},"_links":{"self":[{"href":"https:\/\/baralivres.ma\/index.php?rest_route=\/wp\/v2\/product\/23048","targetHints":{"allow":["GET"]}}],"collection":[{"href":"https:\/\/baralivres.ma\/index.php?rest_route=\/wp\/v2\/product"}],"about":[{"href":"https:\/\/baralivres.ma\/index.php?rest_route=\/wp\/v2\/types\/product"}],"replies":[{"embeddable":true,"href":"https:\/\/baralivres.ma\/index.php?rest_route=%2Fwp%2Fv2%2Fcomments&post=23048"}],"version-history":[{"count":2,"href":"https:\/\/baralivres.ma\/index.php?rest_route=\/wp\/v2\/product\/23048\/revisions"}],"predecessor-version":[{"id":23055,"href":"https:\/\/baralivres.ma\/index.php?rest_route=\/wp\/v2\/product\/23048\/revisions\/23055"}],"wp:featuredmedia":[{"embeddable":true,"href":"https:\/\/baralivres.ma\/index.php?rest_route=\/wp\/v2\/media\/23050"}],"wp:attachment":[{"href":"https:\/\/baralivres.ma\/index.php?rest_route=%2Fwp%2Fv2%2Fmedia&parent=23048"}],"wp:term":[{"taxonomy":"product_cat","embeddable":true,"href":"https:\/\/baralivres.ma\/index.php?rest_route=%2Fwp%2Fv2%2Fproduct_cat&post=23048"},{"taxonomy":"product_tag","embeddable":true,"href":"https:\/\/baralivres.ma\/index.php?rest_route=%2Fwp%2Fv2%2Fproduct_tag&post=23048"}],"curies":[{"name":"wp","href":"https:\/\/api.w.org\/{rel}","templated":true}]}}