{"id":23041,"date":"2025-02-19T16:34:25","date_gmt":"2025-02-19T15:34:25","guid":{"rendered":"https:\/\/baralivres.ma\/?post_type=product&#038;p=23041"},"modified":"2025-02-24T18:09:38","modified_gmt":"2025-02-24T17:09:38","slug":"ecoute-et-cherche-les-dinosaures","status":"publish","type":"product","link":"https:\/\/baralivres.ma\/?product=ecoute-et-cherche-les-dinosaures","title":{"rendered":"ECOUTE ET CHERCHE LES DINOSAURES"},"content":{"rendered":"<p data-start=\"0\" data-end=\"304\"><strong data-start=\"0\" data-end=\"36\">\u00c9coute et Cherche les Dinosaures<\/strong> est un livre sonore interactif con\u00e7u pour les tout-petits. Gr\u00e2ce \u00e0 ce <strong data-start=\"107\" data-end=\"135\">cherche et trouve sonore<\/strong>, les enfants d\u00e9veloppent leur capacit\u00e9 \u00e0 <strong data-start=\"177\" data-end=\"226\">reconna\u00eetre et associer des sons \u00e0 des images<\/strong>, tout en s\u2019amusant \u00e0 retrouver des \u00e9l\u00e9ments cach\u00e9s parmi les illustrations.<\/p>\n<p data-start=\"306\" data-end=\"562\" data-is-last-node=\"\">Le th\u00e8me des <strong data-start=\"319\" data-end=\"333\">dinosaures<\/strong> rend l\u2019exploration encore plus ludique et captivante ! Avec de <strong data-start=\"397\" data-end=\"443\">belles illustrations color\u00e9es et amusantes<\/strong>, ce livre offre une exp\u00e9rience sensorielle enrichissante, parfaite pour \u00e9veiller la curiosit\u00e9 des petits explorateurs.<\/p>\n","protected":false},"excerpt":{"rendered":"<p><strong data-start=\"0\" data-end=\"36\">\u00c9coute et Cherche les Dinosaures<\/strong> est un livre sonore ludique o\u00f9 les tout-petits apprennent \u00e0 reconna\u00eetre les sons et \u00e0 associer les images en explorant l\u2019univers des dinosaures. Un jeu interactif id\u00e9al pour \u00e9veiller leur curiosit\u00e9 !<\/p>\n","protected":false},"featured_media":23042,"comment_status":"open","ping_status":"closed","template":"","meta":{"inline_featured_image":false},"product_cat":[4229,3950,3944,197,198],"product_tag":[],"class_list":{"0":"post-23041","1":"product","2":"type-product","3":"status-publish","4":"has-post-thumbnail","6":"product_cat-bibliotheque_a_moins-cher","7":"product_cat-les-livres-cartonnes-francais","8":"product_cat-les-livres-sonore-francais","9":"product_cat-livre-sonore","10":"product_cat-livres-animes","12":"first","13":"instock","14":"sale","15":"shipping-taxable","16":"purchasable","17":"product-type-simple"},"_links":{"self":[{"href":"https:\/\/baralivres.ma\/index.php?rest_route=\/wp\/v2\/product\/23041","targetHints":{"allow":["GET"]}}],"collection":[{"href":"https:\/\/baralivres.ma\/index.php?rest_route=\/wp\/v2\/product"}],"about":[{"href":"https:\/\/baralivres.ma\/index.php?rest_route=\/wp\/v2\/types\/product"}],"replies":[{"embeddable":true,"href":"https:\/\/baralivres.ma\/index.php?rest_route=%2Fwp%2Fv2%2Fcomments&post=23041"}],"version-history":[{"count":1,"href":"https:\/\/baralivres.ma\/index.php?rest_route=\/wp\/v2\/product\/23041\/revisions"}],"predecessor-version":[{"id":23043,"href":"https:\/\/baralivres.ma\/index.php?rest_route=\/wp\/v2\/product\/23041\/revisions\/23043"}],"wp:featuredmedia":[{"embeddable":true,"href":"https:\/\/baralivres.ma\/index.php?rest_route=\/wp\/v2\/media\/23042"}],"wp:attachment":[{"href":"https:\/\/baralivres.ma\/index.php?rest_route=%2Fwp%2Fv2%2Fmedia&parent=23041"}],"wp:term":[{"taxonomy":"product_cat","embeddable":true,"href":"https:\/\/baralivres.ma\/index.php?rest_route=%2Fwp%2Fv2%2Fproduct_cat&post=23041"},{"taxonomy":"product_tag","embeddable":true,"href":"https:\/\/baralivres.ma\/index.php?rest_route=%2Fwp%2Fv2%2Fproduct_tag&post=23041"}],"curies":[{"name":"wp","href":"https:\/\/api.w.org\/{rel}","templated":true}]}}