{"id":23029,"date":"2025-02-19T16:22:13","date_gmt":"2025-02-19T15:22:13","guid":{"rendered":"https:\/\/baralivres.ma\/?post_type=product&#038;p=23029"},"modified":"2025-02-24T18:10:05","modified_gmt":"2025-02-24T17:10:05","slug":"mon-tres-grand-animalier-du-monde","status":"publish","type":"product","link":"https:\/\/baralivres.ma\/?product=mon-tres-grand-animalier-du-monde","title":{"rendered":"Mon tr\u00e8s grand animalier du monde"},"content":{"rendered":"<p><strong data-start=\"0\" data-end=\"37\">Mon tr\u00e8s grand animalier du monde<\/strong> est un livre fascinant qui emm\u00e8ne les enfants \u00e0 la d\u00e9couverte des animaux des quatre coins du globe. Gr\u00e2ce \u00e0 de magnifiques photographies en grand format, ce livre offre une immersion visuelle exceptionnelle dans le r\u00e8gne animal. Chaque page pr\u00e9sente des esp\u00e8ces vari\u00e9es, des plus connues aux plus \u00e9tonnantes, accompagn\u00e9es d&rsquo;explications simples et adapt\u00e9es aux jeunes lecteurs. Un ouvrage id\u00e9al pour \u00e9veiller la curiosit\u00e9 des enfants et leur faire d\u00e9couvrir la richesse et la diversit\u00e9 du monde animal ! \ud83e\udd81\ud83d\udc27\ud83d\udc18<\/p>\n","protected":false},"excerpt":{"rendered":"<p><strong data-start=\"0\" data-end=\"37\">Mon tr\u00e8s grand animalier du monde<\/strong> invite les enfants \u00e0 d\u00e9couvrir les animaux du monde \u00e0 travers de superbes photos et des explications simples. Un voyage fascinant au c\u0153ur de la faune ! \ud83e\udd81\ud83c\udf0d\ud83d\udcd6<\/p>\n","protected":false},"featured_media":23033,"comment_status":"open","ping_status":"closed","template":"","meta":{"inline_featured_image":false},"product_cat":[4229,3898,3706],"product_tag":[],"class_list":{"0":"post-23029","1":"product","2":"type-product","3":"status-publish","4":"has-post-thumbnail","6":"product_cat-bibliotheque_a_moins-cher","7":"product_cat-encyclopedie_francais","8":"product_cat-encyclopedie-2","10":"first","11":"instock","12":"sale","13":"shipping-taxable","14":"purchasable","15":"product-type-simple"},"_links":{"self":[{"href":"https:\/\/baralivres.ma\/index.php?rest_route=\/wp\/v2\/product\/23029","targetHints":{"allow":["GET"]}}],"collection":[{"href":"https:\/\/baralivres.ma\/index.php?rest_route=\/wp\/v2\/product"}],"about":[{"href":"https:\/\/baralivres.ma\/index.php?rest_route=\/wp\/v2\/types\/product"}],"replies":[{"embeddable":true,"href":"https:\/\/baralivres.ma\/index.php?rest_route=%2Fwp%2Fv2%2Fcomments&post=23029"}],"version-history":[{"count":1,"href":"https:\/\/baralivres.ma\/index.php?rest_route=\/wp\/v2\/product\/23029\/revisions"}],"predecessor-version":[{"id":23036,"href":"https:\/\/baralivres.ma\/index.php?rest_route=\/wp\/v2\/product\/23029\/revisions\/23036"}],"wp:featuredmedia":[{"embeddable":true,"href":"https:\/\/baralivres.ma\/index.php?rest_route=\/wp\/v2\/media\/23033"}],"wp:attachment":[{"href":"https:\/\/baralivres.ma\/index.php?rest_route=%2Fwp%2Fv2%2Fmedia&parent=23029"}],"wp:term":[{"taxonomy":"product_cat","embeddable":true,"href":"https:\/\/baralivres.ma\/index.php?rest_route=%2Fwp%2Fv2%2Fproduct_cat&post=23029"},{"taxonomy":"product_tag","embeddable":true,"href":"https:\/\/baralivres.ma\/index.php?rest_route=%2Fwp%2Fv2%2Fproduct_tag&post=23029"}],"curies":[{"name":"wp","href":"https:\/\/api.w.org\/{rel}","templated":true}]}}