{"id":23021,"date":"2025-02-19T14:10:11","date_gmt":"2025-02-19T13:10:11","guid":{"rendered":"https:\/\/baralivres.ma\/?post_type=product&#038;p=23021"},"modified":"2025-02-24T18:10:35","modified_gmt":"2025-02-24T17:10:35","slug":"mon-animagier-le-corps","status":"publish","type":"product","link":"https:\/\/baralivres.ma\/?product=mon-animagier-le-corps","title":{"rendered":"Mon anim&rsquo;agier &#8211; LE CORPS"},"content":{"rendered":"<p><em data-start=\"0\" data-end=\"29\">\u00ab\u00a0Mon anim&rsquo;agier &#8211; LE CORPS\u00a0\u00bb<\/em> est un livre interactif con\u00e7u pour aider les enfants \u00e0 d\u00e9couvrir le corps humain de mani\u00e8re ludique. Gr\u00e2ce \u00e0 des m\u00e9canismes simples et faciles \u00e0 activer, les jeunes lecteurs peuvent explorer diff\u00e9rentes parties du corps sous divers angles. La derni\u00e8re page r\u00e9serve une surprise avec un jeu de devinettes o\u00f9 l\u2019enfant doit soulever des flaps pour d\u00e9couvrir ce qui se cache en dessous.<\/p>\n","protected":false},"excerpt":{"rendered":"<p><em data-start=\"0\" data-end=\"29\">\u00ab\u00a0Mon anim&rsquo;agier &#8211; LE CORPS\u00a0\u00bb<\/em> est un livre interactif pour d\u00e9couvrir le corps humain de fa\u00e7on ludique gr\u00e2ce \u00e0 des m\u00e9canismes simples et des flaps \u00e0 soulever. Id\u00e9al pour \u00e9veiller la curiosit\u00e9 des enfants ! \ud83d\ude0a<\/p>\n","protected":false},"featured_media":23022,"comment_status":"open","ping_status":"closed","template":"","meta":{"inline_featured_image":false},"product_cat":[4229,3950,198],"product_tag":[],"class_list":{"0":"post-23021","1":"product","2":"type-product","3":"status-publish","4":"has-post-thumbnail","6":"product_cat-bibliotheque_a_moins-cher","7":"product_cat-les-livres-cartonnes-francais","8":"product_cat-livres-animes","10":"first","11":"instock","12":"sale","13":"shipping-taxable","14":"purchasable","15":"product-type-simple"},"_links":{"self":[{"href":"https:\/\/baralivres.ma\/index.php?rest_route=\/wp\/v2\/product\/23021","targetHints":{"allow":["GET"]}}],"collection":[{"href":"https:\/\/baralivres.ma\/index.php?rest_route=\/wp\/v2\/product"}],"about":[{"href":"https:\/\/baralivres.ma\/index.php?rest_route=\/wp\/v2\/types\/product"}],"replies":[{"embeddable":true,"href":"https:\/\/baralivres.ma\/index.php?rest_route=%2Fwp%2Fv2%2Fcomments&post=23021"}],"version-history":[{"count":1,"href":"https:\/\/baralivres.ma\/index.php?rest_route=\/wp\/v2\/product\/23021\/revisions"}],"predecessor-version":[{"id":23024,"href":"https:\/\/baralivres.ma\/index.php?rest_route=\/wp\/v2\/product\/23021\/revisions\/23024"}],"wp:featuredmedia":[{"embeddable":true,"href":"https:\/\/baralivres.ma\/index.php?rest_route=\/wp\/v2\/media\/23022"}],"wp:attachment":[{"href":"https:\/\/baralivres.ma\/index.php?rest_route=%2Fwp%2Fv2%2Fmedia&parent=23021"}],"wp:term":[{"taxonomy":"product_cat","embeddable":true,"href":"https:\/\/baralivres.ma\/index.php?rest_route=%2Fwp%2Fv2%2Fproduct_cat&post=23021"},{"taxonomy":"product_tag","embeddable":true,"href":"https:\/\/baralivres.ma\/index.php?rest_route=%2Fwp%2Fv2%2Fproduct_tag&post=23021"}],"curies":[{"name":"wp","href":"https:\/\/api.w.org\/{rel}","templated":true}]}}