{"id":23017,"date":"2025-02-19T14:00:01","date_gmt":"2025-02-19T13:00:01","guid":{"rendered":"https:\/\/baralivres.ma\/?post_type=product&#038;p=23017"},"modified":"2025-02-24T18:11:12","modified_gmt":"2025-02-24T17:11:12","slug":"mon-animagier-la-jungle-et-la-savane","status":"publish","type":"product","link":"https:\/\/baralivres.ma\/?product=mon-animagier-la-jungle-et-la-savane","title":{"rendered":"Mon anim&rsquo;agier &#8211; La jungle et la savane"},"content":{"rendered":"<p><strong data-start=\"0\" data-end=\"43\">Mon anim&rsquo;agier &#8211; La jungle et la savane<\/strong> est un livre interactif con\u00e7u pour \u00e9veiller la curiosit\u00e9 des tout-petits. Gr\u00e2ce \u00e0 des m\u00e9canismes simples \u00e0 activer, les enfants d\u00e9couvrent de mani\u00e8re ludique l\u2019univers fascinant de la jungle et de la savane. Lions majestueux, z\u00e8bres ray\u00e9s, girafes \u00e9lanc\u00e9es et singes malicieux prennent vie au fil des pages, offrant une premi\u00e8re exploration sensorielle et visuelle des animaux sauvages. Un livre id\u00e9al pour apprendre en s\u2019amusant ! \ud83c\udf3f\ud83e\udd81\ud83d\udc12<\/p>\n","protected":false},"excerpt":{"rendered":"<p><strong data-start=\"0\" data-end=\"43\">Mon anim&rsquo;agier &#8211; La jungle et la savane<\/strong> invite les tout-petits \u00e0 d\u00e9couvrir les animaux sauvages gr\u00e2ce \u00e0 des animations simples et ludiques. Lions, z\u00e8bres, girafes et singes n\u2019auront plus de secrets pour eux ! \ud83e\udd81\ud83c\udf3f<\/p>\n","protected":false},"featured_media":23018,"comment_status":"open","ping_status":"closed","template":"","meta":{"inline_featured_image":false},"product_cat":[4229,3950,198],"product_tag":[],"class_list":{"0":"post-23017","1":"product","2":"type-product","3":"status-publish","4":"has-post-thumbnail","6":"product_cat-bibliotheque_a_moins-cher","7":"product_cat-les-livres-cartonnes-francais","8":"product_cat-livres-animes","10":"first","11":"instock","12":"sale","13":"shipping-taxable","14":"purchasable","15":"product-type-simple"},"_links":{"self":[{"href":"https:\/\/baralivres.ma\/index.php?rest_route=\/wp\/v2\/product\/23017","targetHints":{"allow":["GET"]}}],"collection":[{"href":"https:\/\/baralivres.ma\/index.php?rest_route=\/wp\/v2\/product"}],"about":[{"href":"https:\/\/baralivres.ma\/index.php?rest_route=\/wp\/v2\/types\/product"}],"replies":[{"embeddable":true,"href":"https:\/\/baralivres.ma\/index.php?rest_route=%2Fwp%2Fv2%2Fcomments&post=23017"}],"version-history":[{"count":1,"href":"https:\/\/baralivres.ma\/index.php?rest_route=\/wp\/v2\/product\/23017\/revisions"}],"predecessor-version":[{"id":23020,"href":"https:\/\/baralivres.ma\/index.php?rest_route=\/wp\/v2\/product\/23017\/revisions\/23020"}],"wp:featuredmedia":[{"embeddable":true,"href":"https:\/\/baralivres.ma\/index.php?rest_route=\/wp\/v2\/media\/23018"}],"wp:attachment":[{"href":"https:\/\/baralivres.ma\/index.php?rest_route=%2Fwp%2Fv2%2Fmedia&parent=23017"}],"wp:term":[{"taxonomy":"product_cat","embeddable":true,"href":"https:\/\/baralivres.ma\/index.php?rest_route=%2Fwp%2Fv2%2Fproduct_cat&post=23017"},{"taxonomy":"product_tag","embeddable":true,"href":"https:\/\/baralivres.ma\/index.php?rest_route=%2Fwp%2Fv2%2Fproduct_tag&post=23017"}],"curies":[{"name":"wp","href":"https:\/\/api.w.org\/{rel}","templated":true}]}}