{"id":23013,"date":"2025-02-19T13:49:36","date_gmt":"2025-02-19T12:49:36","guid":{"rendered":"https:\/\/baralivres.ma\/?post_type=product&#038;p=23013"},"modified":"2025-02-19T13:49:36","modified_gmt":"2025-02-19T12:49:36","slug":"mes-comptines-des-emotions","status":"publish","type":"product","link":"https:\/\/baralivres.ma\/?product=mes-comptines-des-emotions","title":{"rendered":"Mes comptines des \u00e9motions"},"content":{"rendered":"<p data-start=\"0\" data-end=\"309\"><strong data-start=\"0\" data-end=\"30\">Mes comptines des \u00e9motions<\/strong> est un livre sonore interactif con\u00e7u pour aider les enfants \u00e0 explorer et exprimer leurs \u00e9motions \u00e0 travers la musique. Gr\u00e2ce \u00e0 <strong data-start=\"159\" data-end=\"192\">6 comptines douces et tendres<\/strong>, ce livre invite les tout-petits \u00e0 d\u00e9couvrir le rythme, chanter et partager un moment complice avec leurs parents.<\/p>\n<p data-start=\"311\" data-end=\"595\">Chaque comptine aborde une \u00e9motion sp\u00e9cifique, permettant aux enfants de mieux comprendre ce qu&rsquo;ils ressentent tout en s&rsquo;amusant. Avec de <strong data-start=\"449\" data-end=\"482\">belles illustrations color\u00e9es<\/strong> et des <strong data-start=\"490\" data-end=\"525\">puces sonores faciles \u00e0 activer<\/strong>, ce livre est parfait pour une initiation musicale tout en douceur.<\/p>\n<p data-start=\"597\" data-end=\"749\" data-is-last-node=\"\">Un excellent support pour \u00e9veiller la sensibilit\u00e9 musicale des enfants et les accompagner dans l\u2019apprentissage des \u00e9motions d\u00e8s le plus jeune \u00e2ge ! \ud83c\udfb5\ud83d\ude0a<\/p>\n","protected":false},"excerpt":{"rendered":"<p><strong data-start=\"0\" data-end=\"30\">Mes comptines des \u00e9motions<\/strong> est un livre sonore interactif avec <strong data-start=\"67\" data-end=\"89\">6 comptines douces<\/strong> pour aider les enfants \u00e0 d\u00e9couvrir et exprimer leurs \u00e9motions en musique. Avec de <strong data-start=\"172\" data-end=\"196\">belles illustrations<\/strong> et des <strong data-start=\"204\" data-end=\"239\">puces sonores faciles \u00e0 activer<\/strong>, il offre un moment ludique et complice pour s\u2019initier au rythme et au chant ! \ud83c\udfb5\ud83d\ude0a<\/p>\n","protected":false},"featured_media":23014,"comment_status":"open","ping_status":"closed","template":"","meta":{"inline_featured_image":false},"product_cat":[3944,197],"product_tag":[],"class_list":{"0":"post-23013","1":"product","2":"type-product","3":"status-publish","4":"has-post-thumbnail","6":"product_cat-les-livres-sonore-francais","7":"product_cat-livre-sonore","9":"first","10":"instock","11":"shipping-taxable","12":"purchasable","13":"product-type-simple"},"_links":{"self":[{"href":"https:\/\/baralivres.ma\/index.php?rest_route=\/wp\/v2\/product\/23013","targetHints":{"allow":["GET"]}}],"collection":[{"href":"https:\/\/baralivres.ma\/index.php?rest_route=\/wp\/v2\/product"}],"about":[{"href":"https:\/\/baralivres.ma\/index.php?rest_route=\/wp\/v2\/types\/product"}],"replies":[{"embeddable":true,"href":"https:\/\/baralivres.ma\/index.php?rest_route=%2Fwp%2Fv2%2Fcomments&post=23013"}],"version-history":[{"count":1,"href":"https:\/\/baralivres.ma\/index.php?rest_route=\/wp\/v2\/product\/23013\/revisions"}],"predecessor-version":[{"id":23016,"href":"https:\/\/baralivres.ma\/index.php?rest_route=\/wp\/v2\/product\/23013\/revisions\/23016"}],"wp:featuredmedia":[{"embeddable":true,"href":"https:\/\/baralivres.ma\/index.php?rest_route=\/wp\/v2\/media\/23014"}],"wp:attachment":[{"href":"https:\/\/baralivres.ma\/index.php?rest_route=%2Fwp%2Fv2%2Fmedia&parent=23013"}],"wp:term":[{"taxonomy":"product_cat","embeddable":true,"href":"https:\/\/baralivres.ma\/index.php?rest_route=%2Fwp%2Fv2%2Fproduct_cat&post=23013"},{"taxonomy":"product_tag","embeddable":true,"href":"https:\/\/baralivres.ma\/index.php?rest_route=%2Fwp%2Fv2%2Fproduct_tag&post=23013"}],"curies":[{"name":"wp","href":"https:\/\/api.w.org\/{rel}","templated":true}]}}