{"id":23008,"date":"2025-02-17T17:55:03","date_gmt":"2025-02-17T16:55:03","guid":{"rendered":"https:\/\/baralivres.ma\/?post_type=product&#038;p=23008"},"modified":"2025-02-24T18:11:27","modified_gmt":"2025-02-24T17:11:27","slug":"mes-comptines-des-vacances","status":"publish","type":"product","link":"https:\/\/baralivres.ma\/?product=mes-comptines-des-vacances","title":{"rendered":"Mes comptines des vacances"},"content":{"rendered":"<p data-start=\"0\" data-end=\"476\"><strong data-start=\"0\" data-end=\"30\">Mes comptines des vacances<\/strong> est un livre charmant qui regroupe 15 comptines sp\u00e9cialement con\u00e7ues pour accompagner les enfants lors de leurs vacances. Ces chansons ludiques et joyeuses les emm\u00e8nent dans des aventures imaginaires \u00e0 la campagne, dans la for\u00eat, au bord de la mer et en route vers leur destination estivale. Chaque comptine \u00e9voque un aspect des vacances, comme le plaisir de d\u00e9couvrir la nature, les animaux, les paysages, et les moments de d\u00e9tente en famille.<\/p>\n<p data-start=\"478\" data-end=\"900\">Avec des m\u00e9lodies faciles \u00e0 retenir et des paroles amusantes, ce livre est un excellent moyen d\u2019animer les trajets, les journ\u00e9es en plein air et les moments calmes \u00e0 la maison. Il aide les enfants \u00e0 d\u00e9velopper leur vocabulaire tout en leur offrant un moment de plaisir musical, et il est id\u00e9al pour les parents qui souhaitent partager des instants de complicit\u00e9 avec leurs enfants tout en explorant les joies des vacances.<\/p>\n","protected":false},"excerpt":{"rendered":"<div id=\"description\" class=\"one-anchor\">\n<div class=\"mb-24\">\n<div class=\"one-collapse one-wysiwyg paragraph one-expend\">15 comptines en lien avec les vacances \u00e0 la campagne, dans la for\u00eat, au bord de la mer, en route vers les vacances !<\/div>\n<\/div>\n<\/div>\n","protected":false},"featured_media":23011,"comment_status":"open","ping_status":"closed","template":"","meta":{"inline_featured_image":false},"product_cat":[4229,3950,3944,197,198],"product_tag":[],"class_list":{"0":"post-23008","1":"product","2":"type-product","3":"status-publish","4":"has-post-thumbnail","6":"product_cat-bibliotheque_a_moins-cher","7":"product_cat-les-livres-cartonnes-francais","8":"product_cat-les-livres-sonore-francais","9":"product_cat-livre-sonore","10":"product_cat-livres-animes","12":"first","13":"instock","14":"sale","15":"shipping-taxable","16":"purchasable","17":"product-type-simple"},"_links":{"self":[{"href":"https:\/\/baralivres.ma\/index.php?rest_route=\/wp\/v2\/product\/23008","targetHints":{"allow":["GET"]}}],"collection":[{"href":"https:\/\/baralivres.ma\/index.php?rest_route=\/wp\/v2\/product"}],"about":[{"href":"https:\/\/baralivres.ma\/index.php?rest_route=\/wp\/v2\/types\/product"}],"replies":[{"embeddable":true,"href":"https:\/\/baralivres.ma\/index.php?rest_route=%2Fwp%2Fv2%2Fcomments&post=23008"}],"version-history":[{"count":1,"href":"https:\/\/baralivres.ma\/index.php?rest_route=\/wp\/v2\/product\/23008\/revisions"}],"predecessor-version":[{"id":23012,"href":"https:\/\/baralivres.ma\/index.php?rest_route=\/wp\/v2\/product\/23008\/revisions\/23012"}],"wp:featuredmedia":[{"embeddable":true,"href":"https:\/\/baralivres.ma\/index.php?rest_route=\/wp\/v2\/media\/23011"}],"wp:attachment":[{"href":"https:\/\/baralivres.ma\/index.php?rest_route=%2Fwp%2Fv2%2Fmedia&parent=23008"}],"wp:term":[{"taxonomy":"product_cat","embeddable":true,"href":"https:\/\/baralivres.ma\/index.php?rest_route=%2Fwp%2Fv2%2Fproduct_cat&post=23008"},{"taxonomy":"product_tag","embeddable":true,"href":"https:\/\/baralivres.ma\/index.php?rest_route=%2Fwp%2Fv2%2Fproduct_tag&post=23008"}],"curies":[{"name":"wp","href":"https:\/\/api.w.org\/{rel}","templated":true}]}}