{"id":23003,"date":"2025-02-17T17:42:06","date_gmt":"2025-02-17T16:42:06","guid":{"rendered":"https:\/\/baralivres.ma\/?post_type=product&#038;p=23003"},"modified":"2025-02-24T18:11:46","modified_gmt":"2025-02-24T17:11:46","slug":"ptit-loup-mon-premier-imagier-a-toucher","status":"publish","type":"product","link":"https:\/\/baralivres.ma\/?product=ptit-loup-mon-premier-imagier-a-toucher","title":{"rendered":"P&rsquo;tit loup &#8211; Mon premier imagier \u00e0 toucher"},"content":{"rendered":"<p><strong data-start=\"0\" data-end=\"46\">P&rsquo;tit Loup &#8211; Mon premier imagier \u00e0 toucher<\/strong> est un imagier interactif id\u00e9al pour l&rsquo;\u00e9veil des tout-petits. Ce livre invite les enfants \u00e0 d\u00e9couvrir le monde qui les entoure \u00e0 travers les yeux de leur super h\u00e9ros pr\u00e9f\u00e9r\u00e9, P&rsquo;tit Loup. Compos\u00e9 de 7 th\u00e9matiques vari\u00e9es du quotidien des enfants, telles que les jouets, les aliments, les v\u00eatements et bien plus, cet imagier offre une exp\u00e9rience sensorielle enrichissante gr\u00e2ce \u00e0 ses \u00e9l\u00e9ments \u00e0 toucher. Chaque page est con\u00e7ue pour aider les petits \u00e0 d\u00e9velopper leur vocabulaire tout en s&rsquo;amusant et en explorant les textures et les objets familiers de leur quotidien. Une fa\u00e7on ludique et p\u00e9dagogique d&rsquo;apprendre en compagnie de P&rsquo;tit Loup !<\/p>\n","protected":false},"excerpt":{"rendered":"<div class=\"flex max-w-full flex-col flex-grow\">\n<div class=\"min-h-8 text-message flex w-full flex-col items-end gap-2 whitespace-normal break-words text-start [.text-message+&amp;]:mt-5\" dir=\"auto\" data-message-author-role=\"assistant\" data-message-id=\"ff619c23-204e-4571-9a59-8805bee6c327\" data-message-model-slug=\"gpt-4o-mini\">\n<div class=\"flex w-full flex-col gap-1 empty:hidden first:pt-[3px]\">\n<div class=\"markdown prose w-full break-words dark:prose-invert light\">\n<p data-start=\"0\" data-end=\"345\" data-is-last-node=\"\"><strong data-start=\"0\" data-end=\"46\">P&rsquo;tit Loup &#8211; Mon premier imagier \u00e0 toucher<\/strong> est un imagier interactif pour les tout-petits, avec 7 th\u00e9matiques du quotidien (jouets, aliments, v\u00eatements, etc.). \u00c0 travers des textures \u00e0 toucher et des illustrations de P&rsquo;tit Loup, les enfants d\u00e9veloppent leur vocabulaire en s&rsquo;amusant. Une mani\u00e8re ludique d&rsquo;explorer le monde qui les entoure !<\/p>\n<\/div>\n<\/div>\n<\/div>\n<\/div>\n<div class=\"mb-2 flex gap-3 empty:hidden -ml-2\">\n<div class=\"items-center justify-start rounded-xl p-1 flex\">\n<div class=\"flex items-center\"><button class=\"rounded-lg text-token-text-secondary hover:bg-token-main-surface-secondary\" aria-label=\"Copier\" data-testid=\"copy-turn-action-button\"><\/button><\/p>\n<div class=\"flex\"><\/div>\n<p><button class=\"rounded-lg text-token-text-secondary hover:bg-token-main-surface-secondary\" aria-label=\"Read aloud\" data-testid=\"voice-play-turn-action-button\"><\/button><button class=\"rounded-lg text-token-text-secondary hover:bg-token-main-surface-secondary\" aria-label=\"Modifier dans le canevas\"><\/button><\/p>\n<div class=\"flex items-center pb-0\"><span class=\"overflow-hidden text-clip whitespace-nowrap text-sm\">4o mini<\/span><\/div>\n<\/div>\n<\/div>\n<\/div>\n","protected":false},"featured_media":23004,"comment_status":"open","ping_status":"closed","template":"","meta":{"inline_featured_image":false},"product_cat":[4229,3950,198],"product_tag":[],"class_list":{"0":"post-23003","1":"product","2":"type-product","3":"status-publish","4":"has-post-thumbnail","6":"product_cat-bibliotheque_a_moins-cher","7":"product_cat-les-livres-cartonnes-francais","8":"product_cat-livres-animes","10":"first","11":"instock","12":"sale","13":"shipping-taxable","14":"purchasable","15":"product-type-simple"},"_links":{"self":[{"href":"https:\/\/baralivres.ma\/index.php?rest_route=\/wp\/v2\/product\/23003","targetHints":{"allow":["GET"]}}],"collection":[{"href":"https:\/\/baralivres.ma\/index.php?rest_route=\/wp\/v2\/product"}],"about":[{"href":"https:\/\/baralivres.ma\/index.php?rest_route=\/wp\/v2\/types\/product"}],"replies":[{"embeddable":true,"href":"https:\/\/baralivres.ma\/index.php?rest_route=%2Fwp%2Fv2%2Fcomments&post=23003"}],"version-history":[{"count":1,"href":"https:\/\/baralivres.ma\/index.php?rest_route=\/wp\/v2\/product\/23003\/revisions"}],"predecessor-version":[{"id":23007,"href":"https:\/\/baralivres.ma\/index.php?rest_route=\/wp\/v2\/product\/23003\/revisions\/23007"}],"wp:featuredmedia":[{"embeddable":true,"href":"https:\/\/baralivres.ma\/index.php?rest_route=\/wp\/v2\/media\/23004"}],"wp:attachment":[{"href":"https:\/\/baralivres.ma\/index.php?rest_route=%2Fwp%2Fv2%2Fmedia&parent=23003"}],"wp:term":[{"taxonomy":"product_cat","embeddable":true,"href":"https:\/\/baralivres.ma\/index.php?rest_route=%2Fwp%2Fv2%2Fproduct_cat&post=23003"},{"taxonomy":"product_tag","embeddable":true,"href":"https:\/\/baralivres.ma\/index.php?rest_route=%2Fwp%2Fv2%2Fproduct_tag&post=23003"}],"curies":[{"name":"wp","href":"https:\/\/api.w.org\/{rel}","templated":true}]}}