{"id":22995,"date":"2025-02-17T17:36:39","date_gmt":"2025-02-17T16:36:39","guid":{"rendered":"https:\/\/baralivres.ma\/?post_type=product&#038;p=22995"},"modified":"2025-02-24T18:12:40","modified_gmt":"2025-02-24T17:12:40","slug":"mes-7-histoires-des-emotions-avec-ptit-loup","status":"publish","type":"product","link":"https:\/\/baralivres.ma\/?product=mes-7-histoires-des-emotions-avec-ptit-loup","title":{"rendered":"MES 7 HISTOIRES DES EMOTIONS AVEC P&rsquo;TIT LOUP"},"content":{"rendered":"<p>\u00ab\u00a07 Histoires des \u00c9motions\u00a0\u00bb est un ouvrage tendre et p\u00e9dagogique qui permet aux enfants de comprendre et ma\u00eetriser leurs \u00e9motions \u00e0 travers les aventures de P&rsquo;tit Loup. Lors d\u2019une semaine de vacances \u00e0 la campagne, P&rsquo;tit Loup rencontre toute une palette d\u2019\u00e9motions : surprise, joie, peur, col\u00e8re, amour, et d\u00e9go\u00fbt. \u00c0 chaque histoire, il apprend \u00e0 reconna\u00eetre ce qu&rsquo;il ressent et \u00e0 g\u00e9rer ses \u00e9motions de mani\u00e8re positive. Ce livre offre aux enfants une mani\u00e8re ludique et accessible d&rsquo;appr\u00e9hender leurs sentiments, tout en leur montrant que chaque \u00e9motion est une \u00e9tape de leur d\u00e9veloppement et qu&rsquo;elles peuvent \u00eatre comprises et ma\u00eetris\u00e9es. Un excellent compagnon pour accompagner les petits dans leur \u00e9panouissement \u00e9motionnel !<\/p>\n","protected":false},"excerpt":{"rendered":"<p>\u00ab\u00a07 Histoires des \u00c9motions\u00a0\u00bb aide les enfants \u00e0 comprendre et ma\u00eetriser leurs \u00e9motions \u00e0 travers les aventures de P&rsquo;tit Loup. Durant une semaine \u00e0 la campagne, il d\u00e9couvre la surprise, la joie, la peur, la col\u00e8re, l&rsquo;amour et le d\u00e9go\u00fbt. Un livre ludique pour accompagner les enfants dans la gestion de leurs \u00e9motions.<\/p>\n","protected":false},"featured_media":23001,"comment_status":"open","ping_status":"closed","template":"","meta":{"inline_featured_image":false},"product_cat":[4229,3877,3950,199,198],"product_tag":[],"class_list":{"0":"post-22995","1":"product","2":"type-product","3":"status-publish","4":"has-post-thumbnail","6":"product_cat-bibliotheque_a_moins-cher","7":"product_cat-les-histoires-francais","8":"product_cat-les-livres-cartonnes-francais","9":"product_cat-histoires","10":"product_cat-livres-animes","12":"first","13":"instock","14":"sale","15":"shipping-taxable","16":"purchasable","17":"product-type-simple"},"_links":{"self":[{"href":"https:\/\/baralivres.ma\/index.php?rest_route=\/wp\/v2\/product\/22995","targetHints":{"allow":["GET"]}}],"collection":[{"href":"https:\/\/baralivres.ma\/index.php?rest_route=\/wp\/v2\/product"}],"about":[{"href":"https:\/\/baralivres.ma\/index.php?rest_route=\/wp\/v2\/types\/product"}],"replies":[{"embeddable":true,"href":"https:\/\/baralivres.ma\/index.php?rest_route=%2Fwp%2Fv2%2Fcomments&post=22995"}],"version-history":[{"count":1,"href":"https:\/\/baralivres.ma\/index.php?rest_route=\/wp\/v2\/product\/22995\/revisions"}],"predecessor-version":[{"id":23002,"href":"https:\/\/baralivres.ma\/index.php?rest_route=\/wp\/v2\/product\/22995\/revisions\/23002"}],"wp:featuredmedia":[{"embeddable":true,"href":"https:\/\/baralivres.ma\/index.php?rest_route=\/wp\/v2\/media\/23001"}],"wp:attachment":[{"href":"https:\/\/baralivres.ma\/index.php?rest_route=%2Fwp%2Fv2%2Fmedia&parent=22995"}],"wp:term":[{"taxonomy":"product_cat","embeddable":true,"href":"https:\/\/baralivres.ma\/index.php?rest_route=%2Fwp%2Fv2%2Fproduct_cat&post=22995"},{"taxonomy":"product_tag","embeddable":true,"href":"https:\/\/baralivres.ma\/index.php?rest_route=%2Fwp%2Fv2%2Fproduct_tag&post=22995"}],"curies":[{"name":"wp","href":"https:\/\/api.w.org\/{rel}","templated":true}]}}