{"id":22980,"date":"2025-02-17T17:03:52","date_gmt":"2025-02-17T16:03:52","guid":{"rendered":"https:\/\/baralivres.ma\/?post_type=product&#038;p=22980"},"modified":"2025-02-24T18:13:30","modified_gmt":"2025-02-24T17:13:30","slug":"je-deviens-grand","status":"publish","type":"product","link":"https:\/\/baralivres.ma\/?product=je-deviens-grand","title":{"rendered":"JE DEVIENS GRAND"},"content":{"rendered":"<p data-start=\"0\" data-end=\"95\"><strong data-start=\"0\" data-end=\"20\">Je deviens grand<\/strong> \u2013 Un livre interactif pour c\u00e9l\u00e9brer les petites victoires du quotidien !<\/p>\n<p data-start=\"97\" data-end=\"343\">Avec <strong data-start=\"102\" data-end=\"124\">\u00ab\u00a0Je deviens grand\u00a0\u00bb<\/strong>, chaque enfant d\u00e9couvre avec fiert\u00e9 les \u00e9tapes importantes de son autonomie. Ce grand livre anim\u00e9 propose <strong data-start=\"231\" data-end=\"256\">10 rituels essentiels<\/strong> pour bien grandir, \u00e0 travers des <strong data-start=\"290\" data-end=\"328\">m\u00e9canismes ludiques et interactifs<\/strong> \u00e0 actionner.<\/p>\n<p data-start=\"345\" data-end=\"406\">\ud83d\udc49 <strong data-start=\"348\" data-end=\"404\">Tourner, tirer, soulever&#8230; apprendre en s\u2019amusant !<\/strong><\/p>\n<p data-start=\"408\" data-end=\"724\">Gr\u00e2ce \u00e0 ce livre, les tout-petits prennent plaisir \u00e0 :<br data-start=\"462\" data-end=\"465\" \/>\u2714 Aller sur le pot \ud83d\udebd<br data-start=\"486\" data-end=\"489\" \/>\u2714 Se laver tout seul \ud83d\udec1<br data-start=\"512\" data-end=\"515\" \/>\u2714 Se brosser les dents \ud83e\uddb7<br data-start=\"540\" data-end=\"543\" \/>\u2714 Manger et boire comme un grand \ud83c\udf7d\ufe0f<br data-start=\"579\" data-end=\"582\" \/>\u2714 S&rsquo;habiller tout seul \ud83d\udc55<br data-start=\"607\" data-end=\"610\" \/>\u2714 Dire adieu \u00e0 la t\u00e9tine \ud83d\udc76\u274c<br data-start=\"638\" data-end=\"641\" \/>\u2714 Ranger sa chambre \ud83e\uddf8<br data-start=\"663\" data-end=\"666\" \/>\u2714 Aller \u00e0 l&rsquo;\u00e9cole \ud83c\udf92<br data-start=\"686\" data-end=\"689\" \/>\u2714 Dormir dans un lit de grand \ud83d\udecf\ufe0f<\/p>\n<p data-start=\"726\" data-end=\"820\" data-is-last-node=\"\">Une mani\u00e8re amusante et interactive d&rsquo;encourager les enfants \u00e0 grandir en toute confiance ! \ud83c\udf1f<\/p>\n","protected":false},"excerpt":{"rendered":"<p data-start=\"0\" data-end=\"90\"><strong data-start=\"0\" data-end=\"20\">Je deviens grand<\/strong> \u2013 Un livre anim\u00e9 pour c\u00e9l\u00e9brer les petites victoires du quotidien !<\/p>\n<p data-start=\"92\" data-end=\"304\" data-is-last-node=\"\">Gr\u00e2ce \u00e0 <strong data-start=\"100\" data-end=\"126\">10 rituels interactifs<\/strong>, l\u2019enfant d\u00e9couvre avec plaisir les \u00e9tapes de son autonomie : aller sur le pot, se laver, s\u2019habiller, manger seul, ranger, aller \u00e0 l\u2019\u00e9cole\u2026 <strong data-start=\"267\" data-end=\"301\">Devenir grand, c\u2019est amusant !<\/strong> \ud83c\udf89<\/p>\n","protected":false},"featured_media":22981,"comment_status":"open","ping_status":"closed","template":"","meta":{"inline_featured_image":false},"product_cat":[4229,3950,198],"product_tag":[],"class_list":{"0":"post-22980","1":"product","2":"type-product","3":"status-publish","4":"has-post-thumbnail","6":"product_cat-bibliotheque_a_moins-cher","7":"product_cat-les-livres-cartonnes-francais","8":"product_cat-livres-animes","10":"first","11":"instock","12":"sale","13":"shipping-taxable","14":"purchasable","15":"product-type-simple"},"_links":{"self":[{"href":"https:\/\/baralivres.ma\/index.php?rest_route=\/wp\/v2\/product\/22980","targetHints":{"allow":["GET"]}}],"collection":[{"href":"https:\/\/baralivres.ma\/index.php?rest_route=\/wp\/v2\/product"}],"about":[{"href":"https:\/\/baralivres.ma\/index.php?rest_route=\/wp\/v2\/types\/product"}],"replies":[{"embeddable":true,"href":"https:\/\/baralivres.ma\/index.php?rest_route=%2Fwp%2Fv2%2Fcomments&post=22980"}],"version-history":[{"count":2,"href":"https:\/\/baralivres.ma\/index.php?rest_route=\/wp\/v2\/product\/22980\/revisions"}],"predecessor-version":[{"id":22987,"href":"https:\/\/baralivres.ma\/index.php?rest_route=\/wp\/v2\/product\/22980\/revisions\/22987"}],"wp:featuredmedia":[{"embeddable":true,"href":"https:\/\/baralivres.ma\/index.php?rest_route=\/wp\/v2\/media\/22981"}],"wp:attachment":[{"href":"https:\/\/baralivres.ma\/index.php?rest_route=%2Fwp%2Fv2%2Fmedia&parent=22980"}],"wp:term":[{"taxonomy":"product_cat","embeddable":true,"href":"https:\/\/baralivres.ma\/index.php?rest_route=%2Fwp%2Fv2%2Fproduct_cat&post=22980"},{"taxonomy":"product_tag","embeddable":true,"href":"https:\/\/baralivres.ma\/index.php?rest_route=%2Fwp%2Fv2%2Fproduct_tag&post=22980"}],"curies":[{"name":"wp","href":"https:\/\/api.w.org\/{rel}","templated":true}]}}