{"id":22972,"date":"2025-02-17T16:23:55","date_gmt":"2025-02-17T15:23:55","guid":{"rendered":"https:\/\/baralivres.ma\/?post_type=product&#038;p=22972"},"modified":"2025-02-24T18:13:41","modified_gmt":"2025-02-24T17:13:41","slug":"1001-pourquoi-comment-science-vie-junior","status":"publish","type":"product","link":"https:\/\/baralivres.ma\/?product=1001-pourquoi-comment-science-vie-junior","title":{"rendered":"1001 Pourquoi Comment &#8211; Science &#038; Vie Junior"},"content":{"rendered":"<p data-start=\"0\" data-end=\"50\"><strong data-start=\"0\" data-end=\"48\">1001 Pourquoi Comment &#8211; Science &amp; Vie Junior<\/strong><\/p>\n<p data-start=\"52\" data-end=\"124\">Un livre captivant qui r\u00e9pond aux grandes questions des curieux ! \ud83d\udcda\ud83d\udca1<\/p>\n<p data-start=\"126\" data-end=\"355\">Pourquoi le ciel est-il bleu ? Peut-on d\u00e9tecter des formes de vie extraterrestres ? Comment fonctionne notre corps ? Ce livre propose plus de <strong data-start=\"268\" data-end=\"298\">1000 questions et r\u00e9ponses<\/strong> passionnantes pour explorer le monde qui nous entoure.<\/p>\n<p data-start=\"357\" data-end=\"533\">\ud83d\udd0e <strong data-start=\"360\" data-end=\"389\">7 th\u00e9matiques fascinantes<\/strong> :<br data-start=\"391\" data-end=\"394\" \/>\ud83c\udf0c L\u2019Univers | \ud83c\udf0d La Terre | \ud83e\uddec La Vie | \ud83c\udf31 Le D\u00e9veloppement durable | \ud83c\udfe5 Le Corps humain | \ud83d\udd2c Les Sciences et techniques | \ud83d\udcdc L\u2019Histoire<\/p>\n<p data-start=\"535\" data-end=\"768\">Chaque sujet est pr\u00e9sent\u00e9 de mani\u00e8re <strong data-start=\"572\" data-end=\"597\">ludique et accessible<\/strong>, avec :<br data-start=\"605\" data-end=\"608\" \/>\u2705 Des <strong data-start=\"614\" data-end=\"641\">illustrations et photos<\/strong> pour mieux comprendre<br data-start=\"663\" data-end=\"666\" \/>\u2705 Des <strong data-start=\"672\" data-end=\"698\">exp\u00e9riences \u00e0 r\u00e9aliser<\/strong> soi-m\u00eame<br data-start=\"707\" data-end=\"710\" \/>\u2705 Des <strong data-start=\"716\" data-end=\"736\">quiz interactifs<\/strong> pour tester ses connaissances<\/p>\n<p data-start=\"770\" data-end=\"875\" data-is-last-node=\"\">Un livre id\u00e9al pour les <strong data-start=\"794\" data-end=\"812\">jeunes curieux<\/strong> et les <strong data-start=\"820\" data-end=\"846\">passionn\u00e9s de sciences<\/strong>, \u00e0 partir de <strong data-start=\"860\" data-end=\"870\">10 ans<\/strong> ! \ud83d\ude80<\/p>\n","protected":false},"excerpt":{"rendered":"<p data-start=\"0\" data-end=\"50\"><strong data-start=\"0\" data-end=\"48\">1001 Pourquoi Comment &#8211; Science &amp; Vie Junior<\/strong><\/p>\n<p data-start=\"52\" data-end=\"220\">Un livre captivant qui r\u00e9pond \u00e0 plus de <strong data-start=\"92\" data-end=\"110\">1000 questions<\/strong> sur <strong data-start=\"115\" data-end=\"217\">l\u2019Univers, la Terre, la vie, le corps humain, les sciences, l\u2019Histoire et le d\u00e9veloppement durable<\/strong>.<\/p>\n<p data-start=\"222\" data-end=\"369\" data-is-last-node=\"\">Avec des <strong data-start=\"231\" data-end=\"277\">illustrations, photos, exp\u00e9riences et quiz<\/strong>, il rend la science <strong data-start=\"298\" data-end=\"323\">ludique et accessible<\/strong> pour les jeunes curieux d\u00e8s <strong data-start=\"352\" data-end=\"362\">10 ans<\/strong> ! \ud83d\ude80\ud83d\udd0d<\/p>\n","protected":false},"featured_media":22974,"comment_status":"open","ping_status":"closed","template":"","meta":{"inline_featured_image":false},"product_cat":[4229,3898,3706],"product_tag":[],"class_list":{"0":"post-22972","1":"product","2":"type-product","3":"status-publish","4":"has-post-thumbnail","6":"product_cat-bibliotheque_a_moins-cher","7":"product_cat-encyclopedie_francais","8":"product_cat-encyclopedie-2","9":"pa_auteurs-david-patrickalbou-tabart-sylvie","11":"first","12":"instock","13":"sale","14":"shipping-taxable","15":"purchasable","16":"product-type-simple"},"_links":{"self":[{"href":"https:\/\/baralivres.ma\/index.php?rest_route=\/wp\/v2\/product\/22972","targetHints":{"allow":["GET"]}}],"collection":[{"href":"https:\/\/baralivres.ma\/index.php?rest_route=\/wp\/v2\/product"}],"about":[{"href":"https:\/\/baralivres.ma\/index.php?rest_route=\/wp\/v2\/types\/product"}],"replies":[{"embeddable":true,"href":"https:\/\/baralivres.ma\/index.php?rest_route=%2Fwp%2Fv2%2Fcomments&post=22972"}],"version-history":[{"count":1,"href":"https:\/\/baralivres.ma\/index.php?rest_route=\/wp\/v2\/product\/22972\/revisions"}],"predecessor-version":[{"id":22973,"href":"https:\/\/baralivres.ma\/index.php?rest_route=\/wp\/v2\/product\/22972\/revisions\/22973"}],"wp:featuredmedia":[{"embeddable":true,"href":"https:\/\/baralivres.ma\/index.php?rest_route=\/wp\/v2\/media\/22974"}],"wp:attachment":[{"href":"https:\/\/baralivres.ma\/index.php?rest_route=%2Fwp%2Fv2%2Fmedia&parent=22972"}],"wp:term":[{"taxonomy":"product_cat","embeddable":true,"href":"https:\/\/baralivres.ma\/index.php?rest_route=%2Fwp%2Fv2%2Fproduct_cat&post=22972"},{"taxonomy":"product_tag","embeddable":true,"href":"https:\/\/baralivres.ma\/index.php?rest_route=%2Fwp%2Fv2%2Fproduct_tag&post=22972"}],"curies":[{"name":"wp","href":"https:\/\/api.w.org\/{rel}","templated":true}]}}