{"id":22960,"date":"2025-02-17T15:59:14","date_gmt":"2025-02-17T14:59:14","guid":{"rendered":"https:\/\/baralivres.ma\/?post_type=product&#038;p=22960"},"modified":"2026-03-10T10:21:07","modified_gmt":"2026-03-10T09:21:07","slug":"mes-100-mots-pour-bien-grandir","status":"publish","type":"product","link":"https:\/\/baralivres.ma\/?product=mes-100-mots-pour-bien-grandir","title":{"rendered":"MES 100 MOTS POUR BIEN GRANDIR"},"content":{"rendered":"<p><strong data-start=\"0\" data-end=\"34\">Mes 100 mots pour bien grandir<\/strong> est un imagier essentiel pour accompagner les tout-petits dans leur d\u00e9couverte du monde. \u00c0 travers 12 univers familiers \u2013 comme le repas, l\u2019hygi\u00e8ne, le jeu ou encore le sommeil \u2013 cet ouvrage aide l\u2019enfant \u00e0 enrichir son vocabulaire et \u00e0 reconna\u00eetre les \u00e9l\u00e9ments de son quotidien. Chaque mot est illustr\u00e9 de mani\u00e8re claire et attrayante, favorisant l\u2019apprentissage tout en s\u2019amusant. Gr\u00e2ce \u00e0 cet imagier, b\u00e9b\u00e9 d\u00e9veloppe son langage, sa compr\u00e9hension et son autonomie tout en explorant avec plaisir les gestes du quotidien. Un livre id\u00e9al pour partager des moments complices et apprendre en douceur !<\/p>\n","protected":false},"excerpt":{"rendered":"<p><strong data-start=\"0\" data-end=\"34\">Mes 100 mots pour bien grandir<\/strong> est un imagier incontournable pour enrichir le vocabulaire des tout-petits. \u00c0 travers 12 univers familiers (repas, toilette, jeu, sommeil\u2026), l\u2019enfant d\u00e9couvre et nomme les \u00e9l\u00e9ments de son quotidien. Un outil ludique pour apprendre en s\u2019amusant !<\/p>\n","protected":false},"featured_media":22961,"comment_status":"open","ping_status":"closed","template":"","meta":{"inline_featured_image":false},"product_cat":[4229,3950,198],"product_tag":[],"class_list":{"0":"post-22960","1":"product","2":"type-product","3":"status-publish","4":"has-post-thumbnail","6":"product_cat-bibliotheque_a_moins-cher","7":"product_cat-les-livres-cartonnes-francais","8":"product_cat-livres-animes","10":"first","11":"onbackorder","12":"sale","13":"shipping-taxable","14":"purchasable","15":"product-type-simple"},"_links":{"self":[{"href":"https:\/\/baralivres.ma\/index.php?rest_route=\/wp\/v2\/product\/22960","targetHints":{"allow":["GET"]}}],"collection":[{"href":"https:\/\/baralivres.ma\/index.php?rest_route=\/wp\/v2\/product"}],"about":[{"href":"https:\/\/baralivres.ma\/index.php?rest_route=\/wp\/v2\/types\/product"}],"replies":[{"embeddable":true,"href":"https:\/\/baralivres.ma\/index.php?rest_route=%2Fwp%2Fv2%2Fcomments&post=22960"}],"version-history":[{"count":1,"href":"https:\/\/baralivres.ma\/index.php?rest_route=\/wp\/v2\/product\/22960\/revisions"}],"predecessor-version":[{"id":22965,"href":"https:\/\/baralivres.ma\/index.php?rest_route=\/wp\/v2\/product\/22960\/revisions\/22965"}],"wp:featuredmedia":[{"embeddable":true,"href":"https:\/\/baralivres.ma\/index.php?rest_route=\/wp\/v2\/media\/22961"}],"wp:attachment":[{"href":"https:\/\/baralivres.ma\/index.php?rest_route=%2Fwp%2Fv2%2Fmedia&parent=22960"}],"wp:term":[{"taxonomy":"product_cat","embeddable":true,"href":"https:\/\/baralivres.ma\/index.php?rest_route=%2Fwp%2Fv2%2Fproduct_cat&post=22960"},{"taxonomy":"product_tag","embeddable":true,"href":"https:\/\/baralivres.ma\/index.php?rest_route=%2Fwp%2Fv2%2Fproduct_tag&post=22960"}],"curies":[{"name":"wp","href":"https:\/\/api.w.org\/{rel}","templated":true}]}}