{"id":22952,"date":"2025-02-17T11:13:12","date_gmt":"2025-02-17T10:13:12","guid":{"rendered":"https:\/\/baralivres.ma\/?post_type=product&#038;p=22952"},"modified":"2025-02-24T18:14:21","modified_gmt":"2025-02-24T17:14:21","slug":"mes-joyeuses-comptines-au-piano","status":"publish","type":"product","link":"https:\/\/baralivres.ma\/?product=mes-joyeuses-comptines-au-piano","title":{"rendered":"Mes joyeuses comptines au piano"},"content":{"rendered":"<p data-start=\"81\" data-end=\"124\">\ud83c\udfb9 <strong data-start=\"84\" data-end=\"119\">Mes joyeuses comptines au piano<\/strong> \ud83c\udfb6<\/p>\n<p data-start=\"126\" data-end=\"432\">Un livre musical interactif pour initier les enfants au plaisir du piano tout en chantant leurs comptines pr\u00e9f\u00e9r\u00e9es ! Avec <strong data-start=\"249\" data-end=\"281\">20 comptines incontournables<\/strong>, ce livre offre une double lecture des partitions : <strong data-start=\"334\" data-end=\"380\">des ronds de couleurs pour les plus petits<\/strong> et <strong data-start=\"384\" data-end=\"429\">des notes classiques pour les plus grands<\/strong>.<\/p>\n<p data-start=\"434\" data-end=\"613\">Gr\u00e2ce \u00e0 son petit <strong data-start=\"452\" data-end=\"469\">piano int\u00e9gr\u00e9<\/strong>, les enfants peuvent s&rsquo;amuser \u00e0 reproduire les m\u00e9lodies en toute autonomie et d\u00e9couvrir la magie de la musique de mani\u00e8re ludique et joyeuse.<\/p>\n<p data-start=\"615\" data-end=\"829\">\ud83d\udcd6 <strong data-start=\"618\" data-end=\"651\">Quelques comptines incluses :<\/strong><br data-start=\"651\" data-end=\"654\" \/>\ud83c\udfb5 <em data-start=\"657\" data-end=\"678\">Le bon roi Dagobert<\/em><br data-start=\"678\" data-end=\"681\" \/>\ud83c\udfb5 <em data-start=\"684\" data-end=\"702\">Bateau sur l&rsquo;eau<\/em><br data-start=\"702\" data-end=\"705\" \/>\ud83c\udfb5 <em data-start=\"708\" data-end=\"738\">Promenons-nous dans les bois<\/em><br data-start=\"738\" data-end=\"741\" \/>\ud83c\udfb5 <em data-start=\"744\" data-end=\"767\">Pirouette, cacahou\u00e8te<\/em><br data-start=\"767\" data-end=\"770\" \/>\ud83c\udfb5 <em data-start=\"773\" data-end=\"802\">Alouette, gentille alouette<\/em><br data-start=\"802\" data-end=\"805\" \/>&#8230; et bien d&rsquo;autres !<\/p>\n<p data-start=\"831\" data-end=\"971\">\u2728 Un livre parfait pour \u00e9veiller l&rsquo;oreille musicale des enfants, d\u00e9velopper leur motricit\u00e9 et partager des moments de bonheur en famille !<\/p>\n<p data-start=\"973\" data-end=\"1001\" data-is-last-node=\"\">\ud83d\udccc <strong data-start=\"976\" data-end=\"996\">Id\u00e9al d\u00e8s 3 ans.<\/strong> \ud83c\udfbc\ud83d\udc9b<\/p>\n","protected":false},"excerpt":{"rendered":"<p data-start=\"0\" data-end=\"43\">\ud83c\udfb9 <strong data-start=\"3\" data-end=\"38\">Mes joyeuses comptines au piano<\/strong> \ud83c\udfb6<\/p>\n<p data-start=\"45\" data-end=\"189\">Un livre interactif avec <strong data-start=\"70\" data-end=\"86\">20 comptines<\/strong> \u00e0 jouer et chanter gr\u00e2ce \u00e0 un <strong data-start=\"117\" data-end=\"134\">piano int\u00e9gr\u00e9<\/strong> et des <strong data-start=\"142\" data-end=\"165\">partitions adapt\u00e9es<\/strong> aux petits et grands.<\/p>\n<p data-start=\"191\" data-end=\"234\" data-is-last-node=\"\">\u2728 <strong data-start=\"193\" data-end=\"229\">Amusant et \u00e9ducatif, d\u00e8s 3 ans !<\/strong> \ud83c\udfbc\ud83d\udc9b<\/p>\n","protected":false},"featured_media":22953,"comment_status":"open","ping_status":"closed","template":"","meta":{"inline_featured_image":false},"product_cat":[4229,3944,197],"product_tag":[],"class_list":{"0":"post-22952","1":"product","2":"type-product","3":"status-publish","4":"has-post-thumbnail","6":"product_cat-bibliotheque_a_moins-cher","7":"product_cat-les-livres-sonore-francais","8":"product_cat-livre-sonore","10":"first","11":"instock","12":"sale","13":"shipping-taxable","14":"purchasable","15":"product-type-simple"},"_links":{"self":[{"href":"https:\/\/baralivres.ma\/index.php?rest_route=\/wp\/v2\/product\/22952","targetHints":{"allow":["GET"]}}],"collection":[{"href":"https:\/\/baralivres.ma\/index.php?rest_route=\/wp\/v2\/product"}],"about":[{"href":"https:\/\/baralivres.ma\/index.php?rest_route=\/wp\/v2\/types\/product"}],"replies":[{"embeddable":true,"href":"https:\/\/baralivres.ma\/index.php?rest_route=%2Fwp%2Fv2%2Fcomments&post=22952"}],"version-history":[{"count":1,"href":"https:\/\/baralivres.ma\/index.php?rest_route=\/wp\/v2\/product\/22952\/revisions"}],"predecessor-version":[{"id":22954,"href":"https:\/\/baralivres.ma\/index.php?rest_route=\/wp\/v2\/product\/22952\/revisions\/22954"}],"wp:featuredmedia":[{"embeddable":true,"href":"https:\/\/baralivres.ma\/index.php?rest_route=\/wp\/v2\/media\/22953"}],"wp:attachment":[{"href":"https:\/\/baralivres.ma\/index.php?rest_route=%2Fwp%2Fv2%2Fmedia&parent=22952"}],"wp:term":[{"taxonomy":"product_cat","embeddable":true,"href":"https:\/\/baralivres.ma\/index.php?rest_route=%2Fwp%2Fv2%2Fproduct_cat&post=22952"},{"taxonomy":"product_tag","embeddable":true,"href":"https:\/\/baralivres.ma\/index.php?rest_route=%2Fwp%2Fv2%2Fproduct_tag&post=22952"}],"curies":[{"name":"wp","href":"https:\/\/api.w.org\/{rel}","templated":true}]}}