{"id":22936,"date":"2025-02-15T10:15:55","date_gmt":"2025-02-15T09:15:55","guid":{"rendered":"https:\/\/baralivres.ma\/?post_type=product&#038;p=22936"},"modified":"2025-02-24T18:15:04","modified_gmt":"2025-02-24T17:15:04","slug":"mes-toutes-premieres-comptines-au-piano","status":"publish","type":"product","link":"https:\/\/baralivres.ma\/?product=mes-toutes-premieres-comptines-au-piano","title":{"rendered":"Mes toutes premi\u00e8res comptines au piano"},"content":{"rendered":"<p>Un livre musical interactif pour les petits pianistes en herbe ! \ud83c\udfb6 Avec 15 comptines \u00e0 chanter et jouer sur un piano int\u00e9gr\u00e9, ce livre color\u00e9 facilite l&rsquo;apprentissage gr\u00e2ce \u00e0 un code couleurs intuitif. \ud83c\udfb9\u2728<\/p>\n","protected":false},"excerpt":{"rendered":"<p>Un livre piano avec 15 comptines \u00e0 chanter et jouer gr\u00e2ce \u00e0 un code couleurs simple ! \ud83c\udfb6\ud83c\udfb9<\/p>\n","protected":false},"featured_media":22937,"comment_status":"open","ping_status":"closed","template":"","meta":{"inline_featured_image":false},"product_cat":[4229,3944,197],"product_tag":[],"class_list":{"0":"post-22936","1":"product","2":"type-product","3":"status-publish","4":"has-post-thumbnail","6":"product_cat-bibliotheque_a_moins-cher","7":"product_cat-les-livres-sonore-francais","8":"product_cat-livre-sonore","10":"first","11":"instock","12":"sale","13":"shipping-taxable","14":"purchasable","15":"product-type-simple"},"_links":{"self":[{"href":"https:\/\/baralivres.ma\/index.php?rest_route=\/wp\/v2\/product\/22936","targetHints":{"allow":["GET"]}}],"collection":[{"href":"https:\/\/baralivres.ma\/index.php?rest_route=\/wp\/v2\/product"}],"about":[{"href":"https:\/\/baralivres.ma\/index.php?rest_route=\/wp\/v2\/types\/product"}],"replies":[{"embeddable":true,"href":"https:\/\/baralivres.ma\/index.php?rest_route=%2Fwp%2Fv2%2Fcomments&post=22936"}],"version-history":[{"count":1,"href":"https:\/\/baralivres.ma\/index.php?rest_route=\/wp\/v2\/product\/22936\/revisions"}],"predecessor-version":[{"id":22940,"href":"https:\/\/baralivres.ma\/index.php?rest_route=\/wp\/v2\/product\/22936\/revisions\/22940"}],"wp:featuredmedia":[{"embeddable":true,"href":"https:\/\/baralivres.ma\/index.php?rest_route=\/wp\/v2\/media\/22937"}],"wp:attachment":[{"href":"https:\/\/baralivres.ma\/index.php?rest_route=%2Fwp%2Fv2%2Fmedia&parent=22936"}],"wp:term":[{"taxonomy":"product_cat","embeddable":true,"href":"https:\/\/baralivres.ma\/index.php?rest_route=%2Fwp%2Fv2%2Fproduct_cat&post=22936"},{"taxonomy":"product_tag","embeddable":true,"href":"https:\/\/baralivres.ma\/index.php?rest_route=%2Fwp%2Fv2%2Fproduct_tag&post=22936"}],"curies":[{"name":"wp","href":"https:\/\/api.w.org\/{rel}","templated":true}]}}