{"id":22931,"date":"2025-02-14T18:18:41","date_gmt":"2025-02-14T17:18:41","guid":{"rendered":"https:\/\/baralivres.ma\/?post_type=product&#038;p=22931"},"modified":"2025-11-21T18:28:31","modified_gmt":"2025-11-21T17:28:31","slug":"ptit-loup-bibliotheque-mes-7-livres-des-emotions","status":"publish","type":"product","link":"https:\/\/baralivres.ma\/?product=ptit-loup-bibliotheque-mes-7-livres-des-emotions","title":{"rendered":"P&rsquo;tit Loup &#8211; Biblioth\u00e8que Mes 7 livres des \u00e9motions"},"content":{"rendered":"<p><strong data-start=\"86\" data-end=\"143\">Biblioth\u00e8que P&rsquo;tit Loup &#8211; \u00ab\u00a0Mes 7 livres des \u00e9motions\u00a0\u00bb<\/strong><br data-start=\"143\" data-end=\"146\" \/>Plonge dans cette adorable biblioth\u00e8que et d\u00e9couvre chaque jour une nouvelle \u00e9motion avec P&rsquo;tit Loup !<br data-start=\"248\" data-end=\"251\" \/>\u00c0 travers ses 7 livres, l&rsquo;enfant suit une histoire de P&rsquo;tit Loup, explore l&rsquo;\u00e9motion du jour, et b\u00e9n\u00e9ficie de conseils et d&rsquo;exercices pour mieux la comprendre et la g\u00e9rer. Une belle fa\u00e7on d&rsquo;aider \u00e0 apprivoiser ses \u00e9motions !<\/p>\n","protected":false},"excerpt":{"rendered":"<p><strong data-start=\"40\" data-end=\"97\">Biblioth\u00e8que P&rsquo;tit Loup &#8211; \u00ab\u00a0Mes 7 livres des \u00e9motions\u00a0\u00bb<\/strong><br data-start=\"97\" data-end=\"100\" \/>D\u00e9couvre chaque jour une \u00e9motion avec P&rsquo;tit Loup ! 7 livres pour explorer une histoire et des conseils pratiques pour mieux comprendre et g\u00e9rer ses \u00e9motions.<\/p>\n","protected":false},"featured_media":22932,"comment_status":"open","ping_status":"closed","template":"","meta":{"inline_featured_image":false},"product_cat":[4229,3875,3877,201,199],"product_tag":[],"class_list":{"0":"post-22931","1":"product","2":"type-product","3":"status-publish","4":"has-post-thumbnail","6":"product_cat-bibliotheque_a_moins-cher","7":"product_cat-coffret-francais","8":"product_cat-les-histoires-francais","9":"product_cat-coffret","10":"product_cat-histoires","12":"first","13":"onbackorder","14":"sale","15":"shipping-taxable","16":"purchasable","17":"product-type-simple"},"_links":{"self":[{"href":"https:\/\/baralivres.ma\/index.php?rest_route=\/wp\/v2\/product\/22931","targetHints":{"allow":["GET"]}}],"collection":[{"href":"https:\/\/baralivres.ma\/index.php?rest_route=\/wp\/v2\/product"}],"about":[{"href":"https:\/\/baralivres.ma\/index.php?rest_route=\/wp\/v2\/types\/product"}],"replies":[{"embeddable":true,"href":"https:\/\/baralivres.ma\/index.php?rest_route=%2Fwp%2Fv2%2Fcomments&post=22931"}],"version-history":[{"count":1,"href":"https:\/\/baralivres.ma\/index.php?rest_route=\/wp\/v2\/product\/22931\/revisions"}],"predecessor-version":[{"id":22935,"href":"https:\/\/baralivres.ma\/index.php?rest_route=\/wp\/v2\/product\/22931\/revisions\/22935"}],"wp:featuredmedia":[{"embeddable":true,"href":"https:\/\/baralivres.ma\/index.php?rest_route=\/wp\/v2\/media\/22932"}],"wp:attachment":[{"href":"https:\/\/baralivres.ma\/index.php?rest_route=%2Fwp%2Fv2%2Fmedia&parent=22931"}],"wp:term":[{"taxonomy":"product_cat","embeddable":true,"href":"https:\/\/baralivres.ma\/index.php?rest_route=%2Fwp%2Fv2%2Fproduct_cat&post=22931"},{"taxonomy":"product_tag","embeddable":true,"href":"https:\/\/baralivres.ma\/index.php?rest_route=%2Fwp%2Fv2%2Fproduct_tag&post=22931"}],"curies":[{"name":"wp","href":"https:\/\/api.w.org\/{rel}","templated":true}]}}