{"id":22927,"date":"2025-02-14T18:12:19","date_gmt":"2025-02-14T17:12:19","guid":{"rendered":"https:\/\/baralivres.ma\/?post_type=product&#038;p=22927"},"modified":"2025-11-21T18:28:00","modified_gmt":"2025-11-21T17:28:00","slug":"ptit-loup-bibliotheque-mes-7-livres-de-la-semaine","status":"publish","type":"product","link":"https:\/\/baralivres.ma\/?product=ptit-loup-bibliotheque-mes-7-livres-de-la-semaine","title":{"rendered":"P&rsquo;tit loup &#8211; Biblioth\u00e8que Mes 7 livres de la semaine"},"content":{"rendered":"<p><strong data-start=\"61\" data-end=\"125\">\u00ab\u00a0La Biblioth\u00e8que de P&rsquo;tit Loup &#8211; Mes 7 livres de la semaine\u00a0\u00bb<\/strong><br data-start=\"125\" data-end=\"128\" \/>Offrez \u00e0 votre enfant une jolie biblioth\u00e8que, id\u00e9ale pour une semaine d&rsquo;histoires magiques. Chaque jour, il d\u00e9couvre un livre contenant deux aventures de P&rsquo;tit Loup, son h\u00e9ros pr\u00e9f\u00e9r\u00e9. Un merveilleux cadeau pour des soir\u00e9es de lecture douces et enchant\u00e9es, et pour s&rsquo;endormir sereinement avec un nouveau conte chaque nuit. \u00c0 ne pas manquer !<\/p>\n","protected":false},"excerpt":{"rendered":"<p><strong data-start=\"33\" data-end=\"97\">La Biblioth\u00e8que de P&rsquo;tit Loup &#8211; Mes 7 livres de la semaine\u00a0\u00bb<\/strong><br data-start=\"97\" data-end=\"100\" \/>Une jolie biblioth\u00e8que avec un livre pour chaque soir de la semaine, chaque livre contenant deux histoires de P&rsquo;tit Loup. Le cadeau parfait pour des nuits magiques avec son h\u00e9ros pr\u00e9f\u00e9r\u00e9 !<\/p>\n","protected":false},"featured_media":22929,"comment_status":"open","ping_status":"closed","template":"","meta":{"inline_featured_image":false},"product_cat":[4229,3875,3877,201,199],"product_tag":[],"class_list":{"0":"post-22927","1":"product","2":"type-product","3":"status-publish","4":"has-post-thumbnail","6":"product_cat-bibliotheque_a_moins-cher","7":"product_cat-coffret-francais","8":"product_cat-les-histoires-francais","9":"product_cat-coffret","10":"product_cat-histoires","12":"first","13":"onbackorder","14":"sale","15":"shipping-taxable","16":"purchasable","17":"product-type-simple"},"_links":{"self":[{"href":"https:\/\/baralivres.ma\/index.php?rest_route=\/wp\/v2\/product\/22927","targetHints":{"allow":["GET"]}}],"collection":[{"href":"https:\/\/baralivres.ma\/index.php?rest_route=\/wp\/v2\/product"}],"about":[{"href":"https:\/\/baralivres.ma\/index.php?rest_route=\/wp\/v2\/types\/product"}],"replies":[{"embeddable":true,"href":"https:\/\/baralivres.ma\/index.php?rest_route=%2Fwp%2Fv2%2Fcomments&post=22927"}],"version-history":[{"count":2,"href":"https:\/\/baralivres.ma\/index.php?rest_route=\/wp\/v2\/product\/22927\/revisions"}],"predecessor-version":[{"id":24134,"href":"https:\/\/baralivres.ma\/index.php?rest_route=\/wp\/v2\/product\/22927\/revisions\/24134"}],"wp:featuredmedia":[{"embeddable":true,"href":"https:\/\/baralivres.ma\/index.php?rest_route=\/wp\/v2\/media\/22929"}],"wp:attachment":[{"href":"https:\/\/baralivres.ma\/index.php?rest_route=%2Fwp%2Fv2%2Fmedia&parent=22927"}],"wp:term":[{"taxonomy":"product_cat","embeddable":true,"href":"https:\/\/baralivres.ma\/index.php?rest_route=%2Fwp%2Fv2%2Fproduct_cat&post=22927"},{"taxonomy":"product_tag","embeddable":true,"href":"https:\/\/baralivres.ma\/index.php?rest_route=%2Fwp%2Fv2%2Fproduct_tag&post=22927"}],"curies":[{"name":"wp","href":"https:\/\/api.w.org\/{rel}","templated":true}]}}