{"id":22919,"date":"2025-02-14T17:44:10","date_gmt":"2025-02-14T16:44:10","guid":{"rendered":"https:\/\/baralivres.ma\/?post_type=product&#038;p=22919"},"modified":"2025-02-14T17:44:10","modified_gmt":"2025-02-14T16:44:10","slug":"histoire-du-maroc","status":"publish","type":"product","link":"https:\/\/baralivres.ma\/?product=histoire-du-maroc","title":{"rendered":"Histoire du Maroc"},"content":{"rendered":"<p><em data-start=\"0\" data-end=\"19\">Histoire du Maroc<\/em> de Bernard Lugan est une exploration approfondie de l&rsquo;histoire complexe et fascinante du Maroc, depuis ses origines jusqu&rsquo;aux d\u00e9fis contemporains. L&rsquo;auteur, sp\u00e9cialiste reconnu, propose une lecture captivante et claire des \u00e9v\u00e9nements marquants, des dynasties aux bouleversements sociaux et politiques. Un ouvrage essentiel pour comprendre l&rsquo;\u00e9volution de cette nation au carrefour de l&rsquo;Afrique et du monde arabe.<\/p>\n","protected":false},"excerpt":{"rendered":"<p><em data-start=\"0\" data-end=\"19\">Histoire du Maroc<\/em> de Bernard Lugan retrace les grandes \u00e9tapes de l\u2019histoire du Maroc, de l\u2019Antiquit\u00e9 \u00e0 nos jours, en mettant en lumi\u00e8re les dynasties, les conqu\u00eates et les d\u00e9fis qui ont fa\u00e7onn\u00e9 cette nation strat\u00e9gique.<\/p>\n","protected":false},"featured_media":22920,"comment_status":"open","ping_status":"closed","template":"","meta":{"inline_featured_image":false},"product_cat":[3720],"product_tag":[],"class_list":{"0":"post-22919","1":"product","2":"type-product","3":"status-publish","4":"has-post-thumbnail","6":"product_cat-litterature","7":"pa_auteurs-bernard-lugan","9":"first","10":"instock","11":"shipping-taxable","12":"purchasable","13":"product-type-simple"},"_links":{"self":[{"href":"https:\/\/baralivres.ma\/index.php?rest_route=\/wp\/v2\/product\/22919","targetHints":{"allow":["GET"]}}],"collection":[{"href":"https:\/\/baralivres.ma\/index.php?rest_route=\/wp\/v2\/product"}],"about":[{"href":"https:\/\/baralivres.ma\/index.php?rest_route=\/wp\/v2\/types\/product"}],"replies":[{"embeddable":true,"href":"https:\/\/baralivres.ma\/index.php?rest_route=%2Fwp%2Fv2%2Fcomments&post=22919"}],"version-history":[{"count":1,"href":"https:\/\/baralivres.ma\/index.php?rest_route=\/wp\/v2\/product\/22919\/revisions"}],"predecessor-version":[{"id":22921,"href":"https:\/\/baralivres.ma\/index.php?rest_route=\/wp\/v2\/product\/22919\/revisions\/22921"}],"wp:featuredmedia":[{"embeddable":true,"href":"https:\/\/baralivres.ma\/index.php?rest_route=\/wp\/v2\/media\/22920"}],"wp:attachment":[{"href":"https:\/\/baralivres.ma\/index.php?rest_route=%2Fwp%2Fv2%2Fmedia&parent=22919"}],"wp:term":[{"taxonomy":"product_cat","embeddable":true,"href":"https:\/\/baralivres.ma\/index.php?rest_route=%2Fwp%2Fv2%2Fproduct_cat&post=22919"},{"taxonomy":"product_tag","embeddable":true,"href":"https:\/\/baralivres.ma\/index.php?rest_route=%2Fwp%2Fv2%2Fproduct_tag&post=22919"}],"curies":[{"name":"wp","href":"https:\/\/api.w.org\/{rel}","templated":true}]}}