{"id":22912,"date":"2025-02-14T16:29:14","date_gmt":"2025-02-14T15:29:14","guid":{"rendered":"https:\/\/baralivres.ma\/?post_type=product&#038;p=22912"},"modified":"2025-02-14T16:29:14","modified_gmt":"2025-02-14T15:29:14","slug":"kiara-t03","status":"publish","type":"product","link":"https:\/\/baralivres.ma\/?product=kiara-t03","title":{"rendered":"KIARA T03"},"content":{"rendered":"<p>Dans le troisi\u00e8me tome de la saga \u00ab\u00a0Kiara, diamant \u00e9corch\u00e9 par le sang\u00a0\u00bb de Hazel Diaz, Kiara et Amir, d\u00e9sormais mari\u00e9s, unissent leurs forces pour d\u00e9masquer leur myst\u00e9rieux ennemi, Monsieur X. Au fil de leur qu\u00eate, ils d\u00e9couvrent que leurs vies sont manipul\u00e9es depuis toujours et que leurs familles sont \u00e9troitement li\u00e9es. Ensemble, ils affrontent des dangers croissants, d\u00e9termin\u00e9s \u00e0 percer les secrets qui les entourent.<\/p>\n","protected":false},"excerpt":{"rendered":"<p>Kiara et Amir, d\u00e9sormais mari\u00e9s, plongent dans une aventure palpitante pour d\u00e9couvrir l&rsquo;identit\u00e9 de leur ennemi, Monsieur X. Entre secrets de famille et r\u00e9v\u00e9lations inattendues, ce tome 3 promet des rebondissements saisissants et une tension palpable, faisant monter l&rsquo;adr\u00e9naline \u00e0 chaque page<\/p>\n","protected":false},"featured_media":22914,"comment_status":"open","ping_status":"closed","template":"","meta":{"inline_featured_image":false},"product_cat":[3873,68,143],"product_tag":[],"class_list":{"0":"post-22912","1":"product","2":"type-product","3":"status-publish","4":"has-post-thumbnail","6":"product_cat-roman-en-francais","7":"product_cat-romance","8":"product_cat-roman","9":"pa_auteurs-hazel-diaz","11":"first","12":"instock","13":"shipping-taxable","14":"purchasable","15":"product-type-simple"},"_links":{"self":[{"href":"https:\/\/baralivres.ma\/index.php?rest_route=\/wp\/v2\/product\/22912","targetHints":{"allow":["GET"]}}],"collection":[{"href":"https:\/\/baralivres.ma\/index.php?rest_route=\/wp\/v2\/product"}],"about":[{"href":"https:\/\/baralivres.ma\/index.php?rest_route=\/wp\/v2\/types\/product"}],"replies":[{"embeddable":true,"href":"https:\/\/baralivres.ma\/index.php?rest_route=%2Fwp%2Fv2%2Fcomments&post=22912"}],"version-history":[{"count":1,"href":"https:\/\/baralivres.ma\/index.php?rest_route=\/wp\/v2\/product\/22912\/revisions"}],"predecessor-version":[{"id":22915,"href":"https:\/\/baralivres.ma\/index.php?rest_route=\/wp\/v2\/product\/22912\/revisions\/22915"}],"wp:featuredmedia":[{"embeddable":true,"href":"https:\/\/baralivres.ma\/index.php?rest_route=\/wp\/v2\/media\/22914"}],"wp:attachment":[{"href":"https:\/\/baralivres.ma\/index.php?rest_route=%2Fwp%2Fv2%2Fmedia&parent=22912"}],"wp:term":[{"taxonomy":"product_cat","embeddable":true,"href":"https:\/\/baralivres.ma\/index.php?rest_route=%2Fwp%2Fv2%2Fproduct_cat&post=22912"},{"taxonomy":"product_tag","embeddable":true,"href":"https:\/\/baralivres.ma\/index.php?rest_route=%2Fwp%2Fv2%2Fproduct_tag&post=22912"}],"curies":[{"name":"wp","href":"https:\/\/api.w.org\/{rel}","templated":true}]}}