{"id":22907,"date":"2025-02-14T14:48:05","date_gmt":"2025-02-14T13:48:05","guid":{"rendered":"https:\/\/baralivres.ma\/?post_type=product&#038;p=22907"},"modified":"2025-02-24T18:02:38","modified_gmt":"2025-02-24T17:02:38","slug":"mes-100-premiers-mots-a-ecouter","status":"publish","type":"product","link":"https:\/\/baralivres.ma\/?product=mes-100-premiers-mots-a-ecouter","title":{"rendered":"Mes 100 premiers mots \u00e0 \u00e9couter"},"content":{"rendered":"<p>Un imagier sonore captivant pour les tout-petits ! Avec plus de 100 mots \u00e0 d\u00e9couvrir et des puces sonores interactives, ce livre stimule le langage et l&rsquo;\u00e9coute. Id\u00e9al pour enrichir le vocabulaire tout en s\u2019amusant !<\/p>\n","protected":false},"excerpt":{"rendered":"<p>Un grand livre cartonn\u00e9 qui propose \u00e0 l&rsquo;enfant un premier imagier sonore !<\/p>\n","protected":false},"featured_media":22908,"comment_status":"open","ping_status":"closed","template":"","meta":{"inline_featured_image":false},"product_cat":[4229,3952,3950,198],"product_tag":[],"class_list":{"0":"post-22907","1":"product","2":"type-product","3":"status-publish","4":"has-post-thumbnail","6":"product_cat-bibliotheque_a_moins-cher","7":"product_cat-les-livres-a-toucher-pour-bebe","8":"product_cat-les-livres-cartonnes-francais","9":"product_cat-livres-animes","11":"first","12":"instock","13":"sale","14":"shipping-taxable","15":"purchasable","16":"product-type-simple"},"_links":{"self":[{"href":"https:\/\/baralivres.ma\/index.php?rest_route=\/wp\/v2\/product\/22907","targetHints":{"allow":["GET"]}}],"collection":[{"href":"https:\/\/baralivres.ma\/index.php?rest_route=\/wp\/v2\/product"}],"about":[{"href":"https:\/\/baralivres.ma\/index.php?rest_route=\/wp\/v2\/types\/product"}],"replies":[{"embeddable":true,"href":"https:\/\/baralivres.ma\/index.php?rest_route=%2Fwp%2Fv2%2Fcomments&post=22907"}],"version-history":[{"count":2,"href":"https:\/\/baralivres.ma\/index.php?rest_route=\/wp\/v2\/product\/22907\/revisions"}],"predecessor-version":[{"id":22913,"href":"https:\/\/baralivres.ma\/index.php?rest_route=\/wp\/v2\/product\/22907\/revisions\/22913"}],"wp:featuredmedia":[{"embeddable":true,"href":"https:\/\/baralivres.ma\/index.php?rest_route=\/wp\/v2\/media\/22908"}],"wp:attachment":[{"href":"https:\/\/baralivres.ma\/index.php?rest_route=%2Fwp%2Fv2%2Fmedia&parent=22907"}],"wp:term":[{"taxonomy":"product_cat","embeddable":true,"href":"https:\/\/baralivres.ma\/index.php?rest_route=%2Fwp%2Fv2%2Fproduct_cat&post=22907"},{"taxonomy":"product_tag","embeddable":true,"href":"https:\/\/baralivres.ma\/index.php?rest_route=%2Fwp%2Fv2%2Fproduct_tag&post=22907"}],"curies":[{"name":"wp","href":"https:\/\/api.w.org\/{rel}","templated":true}]}}