{"id":22900,"date":"2025-02-14T14:20:16","date_gmt":"2025-02-14T13:20:16","guid":{"rendered":"https:\/\/baralivres.ma\/?post_type=product&#038;p=22900"},"modified":"2025-02-24T18:02:50","modified_gmt":"2025-02-24T17:02:50","slug":"ma-premiere-nature-a-sentir","status":"publish","type":"product","link":"https:\/\/baralivres.ma\/?product=ma-premiere-nature-a-sentir","title":{"rendered":"Ma premi\u00e8re nature \u00e0 sentir"},"content":{"rendered":"<p data-start=\"0\" data-end=\"76\"><strong data-start=\"0\" data-end=\"31\">Ma premi\u00e8re nature \u00e0 sentir<\/strong> \u2013 Une d\u00e9couverte sensorielle unique ! \ud83c\udf3f\ud83d\udc43<\/p>\n<p data-start=\"78\" data-end=\"353\" data-is-last-node=\"\">Dans la lign\u00e9e des collections \u00ab\u00a0Mes premiers \u00e0 toucher\u00a0\u00bb et \u00ab\u00a0Mes premiers \u00e0 \u00e9couter\u00a0\u00bb, ce livre invite les tout-petits \u00e0 explorer la nature autrement. \u00c0 chaque double page, un imagier captivant et une odeur \u00e0 frotter pour \u00e9veiller leur curiosit\u00e9 et stimuler leurs sens ! \ud83c\udf53\ud83c\udf38\ud83c\udf42<\/p>\n","protected":false},"excerpt":{"rendered":"<p><strong data-start=\"0\" data-end=\"31\">Ma premi\u00e8re nature \u00e0 sentir<\/strong> \u2013 Un imagier sensoriel o\u00f9 chaque page r\u00e9v\u00e8le une odeur de la nature \u00e0 d\u00e9couvrir en frottant ! \ud83c\udf53\ud83c\udf3f\ud83c\udf42<\/p>\n","protected":false},"featured_media":22901,"comment_status":"open","ping_status":"closed","template":"","meta":{"inline_featured_image":false},"product_cat":[4229,3952,3950,198],"product_tag":[],"class_list":{"0":"post-22900","1":"product","2":"type-product","3":"status-publish","4":"has-post-thumbnail","6":"product_cat-bibliotheque_a_moins-cher","7":"product_cat-les-livres-a-toucher-pour-bebe","8":"product_cat-les-livres-cartonnes-francais","9":"product_cat-livres-animes","11":"first","12":"instock","13":"sale","14":"shipping-taxable","15":"purchasable","16":"product-type-simple"},"_links":{"self":[{"href":"https:\/\/baralivres.ma\/index.php?rest_route=\/wp\/v2\/product\/22900","targetHints":{"allow":["GET"]}}],"collection":[{"href":"https:\/\/baralivres.ma\/index.php?rest_route=\/wp\/v2\/product"}],"about":[{"href":"https:\/\/baralivres.ma\/index.php?rest_route=\/wp\/v2\/types\/product"}],"replies":[{"embeddable":true,"href":"https:\/\/baralivres.ma\/index.php?rest_route=%2Fwp%2Fv2%2Fcomments&post=22900"}],"version-history":[{"count":2,"href":"https:\/\/baralivres.ma\/index.php?rest_route=\/wp\/v2\/product\/22900\/revisions"}],"predecessor-version":[{"id":22906,"href":"https:\/\/baralivres.ma\/index.php?rest_route=\/wp\/v2\/product\/22900\/revisions\/22906"}],"wp:featuredmedia":[{"embeddable":true,"href":"https:\/\/baralivres.ma\/index.php?rest_route=\/wp\/v2\/media\/22901"}],"wp:attachment":[{"href":"https:\/\/baralivres.ma\/index.php?rest_route=%2Fwp%2Fv2%2Fmedia&parent=22900"}],"wp:term":[{"taxonomy":"product_cat","embeddable":true,"href":"https:\/\/baralivres.ma\/index.php?rest_route=%2Fwp%2Fv2%2Fproduct_cat&post=22900"},{"taxonomy":"product_tag","embeddable":true,"href":"https:\/\/baralivres.ma\/index.php?rest_route=%2Fwp%2Fv2%2Fproduct_tag&post=22900"}],"curies":[{"name":"wp","href":"https:\/\/api.w.org\/{rel}","templated":true}]}}