{"id":22891,"date":"2025-02-14T14:03:25","date_gmt":"2025-02-14T13:03:25","guid":{"rendered":"https:\/\/baralivres.ma\/?post_type=product&#038;p=22891"},"modified":"2025-02-24T18:05:05","modified_gmt":"2025-02-24T17:05:05","slug":"mon-premier-imagier-a-toucher","status":"publish","type":"product","link":"https:\/\/baralivres.ma\/?product=mon-premier-imagier-a-toucher","title":{"rendered":"Mon premier imagier \u00e0 toucher"},"content":{"rendered":"<p>Plus de 20 mati\u00e8res \u00e0 toucher qui permettent aux petits d&rsquo;appr\u00e9hender une nouvelle dimension des objets et mots pr\u00e9sent\u00e9s. Le sens tactile facilite l&rsquo;appropriation du nouveau vocabulaire et sa m\u00e9morisation. Pointer, nommer, enrichir son vocabulaire et d\u00e9velopper son sens tactile : un livre d&rsquo;\u00e9veil \u00e0 manipuler d&rsquo;abord avec le parent accompagnateur, puis tout seul. Th\u00e9matiques : &#8211; La maison (le salon, la salle de bain, la chambre, les v\u00eatements) &#8211; Le quotidien (la cr\u00e8che, l&rsquo;\u00e9cole, le parc) &#8211; Les saisons (l&rsquo;automne, l&rsquo;hiver, le printemps, l&rsquo;\u00e9t\u00e9) &#8211; Les animaux (la ferme, l&rsquo;oc\u00e9an, la savane, la banquise<\/p>\n","protected":false},"excerpt":{"rendered":"<p>Un imagier sensoriel avec plus de 20 mati\u00e8res \u00e0 toucher pour enrichir le vocabulaire des petits tout en d\u00e9veloppant leur sens tactile. Un livre d\u2019\u00e9veil interactif \u00e0 explorer avec un parent, puis en autonomie !<\/p>\n","protected":false},"featured_media":22892,"comment_status":"open","ping_status":"closed","template":"","meta":{"inline_featured_image":false},"product_cat":[4229,3952,3950,198],"product_tag":[],"class_list":{"0":"post-22891","1":"product","2":"type-product","3":"status-publish","4":"has-post-thumbnail","6":"product_cat-bibliotheque_a_moins-cher","7":"product_cat-les-livres-a-toucher-pour-bebe","8":"product_cat-les-livres-cartonnes-francais","9":"product_cat-livres-animes","11":"first","12":"instock","13":"sale","14":"shipping-taxable","15":"purchasable","16":"product-type-simple"},"_links":{"self":[{"href":"https:\/\/baralivres.ma\/index.php?rest_route=\/wp\/v2\/product\/22891","targetHints":{"allow":["GET"]}}],"collection":[{"href":"https:\/\/baralivres.ma\/index.php?rest_route=\/wp\/v2\/product"}],"about":[{"href":"https:\/\/baralivres.ma\/index.php?rest_route=\/wp\/v2\/types\/product"}],"replies":[{"embeddable":true,"href":"https:\/\/baralivres.ma\/index.php?rest_route=%2Fwp%2Fv2%2Fcomments&post=22891"}],"version-history":[{"count":1,"href":"https:\/\/baralivres.ma\/index.php?rest_route=\/wp\/v2\/product\/22891\/revisions"}],"predecessor-version":[{"id":22897,"href":"https:\/\/baralivres.ma\/index.php?rest_route=\/wp\/v2\/product\/22891\/revisions\/22897"}],"wp:featuredmedia":[{"embeddable":true,"href":"https:\/\/baralivres.ma\/index.php?rest_route=\/wp\/v2\/media\/22892"}],"wp:attachment":[{"href":"https:\/\/baralivres.ma\/index.php?rest_route=%2Fwp%2Fv2%2Fmedia&parent=22891"}],"wp:term":[{"taxonomy":"product_cat","embeddable":true,"href":"https:\/\/baralivres.ma\/index.php?rest_route=%2Fwp%2Fv2%2Fproduct_cat&post=22891"},{"taxonomy":"product_tag","embeddable":true,"href":"https:\/\/baralivres.ma\/index.php?rest_route=%2Fwp%2Fv2%2Fproduct_tag&post=22891"}],"curies":[{"name":"wp","href":"https:\/\/api.w.org\/{rel}","templated":true}]}}