{"id":22889,"date":"2025-02-14T13:52:33","date_gmt":"2025-02-14T12:52:33","guid":{"rendered":"https:\/\/baralivres.ma\/?post_type=product&#038;p=22889"},"modified":"2025-02-24T18:05:13","modified_gmt":"2025-02-24T17:05:13","slug":"mon-premier-abecedaire-a-ecouter","status":"publish","type":"product","link":"https:\/\/baralivres.ma\/?product=mon-premier-abecedaire-a-ecouter","title":{"rendered":"Mon premier ab\u00e9c\u00e9daire \u00e0 \u00e9couter"},"content":{"rendered":"<p data-start=\"45\" data-end=\"296\">Un livre sonore id\u00e9al pour les petits ! Gr\u00e2ce \u00e0 l&rsquo;univers familier des animaux, l&rsquo;enfant d\u00e9couvre et apprend les lettres de l&rsquo;alphabet en douceur. Chaque page contient une puce sonore qui lui permet d&rsquo;\u00e9couter la lettre et le nom de l&rsquo;animal associ\u00e9.<\/p>\n","protected":false},"excerpt":{"rendered":"<p>\u2728 <strong data-start=\"300\" data-end=\"323\">26 sons \u00e0 d\u00e9couvrir<\/strong> pour un apprentissage ludique et interactif ! \ud83d\udc18\ud83e\udd89\ud83d\udcda<\/p>\n","protected":false},"featured_media":22894,"comment_status":"open","ping_status":"closed","template":"","meta":{"inline_featured_image":false},"product_cat":[4229,3952,3944,197],"product_tag":[],"class_list":{"0":"post-22889","1":"product","2":"type-product","3":"status-publish","4":"has-post-thumbnail","6":"product_cat-bibliotheque_a_moins-cher","7":"product_cat-les-livres-a-toucher-pour-bebe","8":"product_cat-les-livres-sonore-francais","9":"product_cat-livre-sonore","11":"first","12":"instock","13":"sale","14":"shipping-taxable","15":"purchasable","16":"product-type-simple"},"_links":{"self":[{"href":"https:\/\/baralivres.ma\/index.php?rest_route=\/wp\/v2\/product\/22889","targetHints":{"allow":["GET"]}}],"collection":[{"href":"https:\/\/baralivres.ma\/index.php?rest_route=\/wp\/v2\/product"}],"about":[{"href":"https:\/\/baralivres.ma\/index.php?rest_route=\/wp\/v2\/types\/product"}],"replies":[{"embeddable":true,"href":"https:\/\/baralivres.ma\/index.php?rest_route=%2Fwp%2Fv2%2Fcomments&post=22889"}],"version-history":[{"count":1,"href":"https:\/\/baralivres.ma\/index.php?rest_route=\/wp\/v2\/product\/22889\/revisions"}],"predecessor-version":[{"id":22890,"href":"https:\/\/baralivres.ma\/index.php?rest_route=\/wp\/v2\/product\/22889\/revisions\/22890"}],"wp:featuredmedia":[{"embeddable":true,"href":"https:\/\/baralivres.ma\/index.php?rest_route=\/wp\/v2\/media\/22894"}],"wp:attachment":[{"href":"https:\/\/baralivres.ma\/index.php?rest_route=%2Fwp%2Fv2%2Fmedia&parent=22889"}],"wp:term":[{"taxonomy":"product_cat","embeddable":true,"href":"https:\/\/baralivres.ma\/index.php?rest_route=%2Fwp%2Fv2%2Fproduct_cat&post=22889"},{"taxonomy":"product_tag","embeddable":true,"href":"https:\/\/baralivres.ma\/index.php?rest_route=%2Fwp%2Fv2%2Fproduct_tag&post=22889"}],"curies":[{"name":"wp","href":"https:\/\/api.w.org\/{rel}","templated":true}]}}