{"id":22849,"date":"2024-12-16T18:10:15","date_gmt":"2024-12-16T17:10:15","guid":{"rendered":"https:\/\/baralivres.ma\/?post_type=product&#038;p=22849"},"modified":"2024-12-16T18:10:15","modified_gmt":"2024-12-16T17:10:15","slug":"ma-journee","status":"publish","type":"product","link":"https:\/\/baralivres.ma\/?product=ma-journee","title":{"rendered":"Ma journ\u00e9e"},"content":{"rendered":"<p>Ce kit d\u2019activit\u00e9s passionnant comprend un <strong>livre de 16 pages<\/strong> et une s\u00e9rie d&rsquo;activit\u00e9s manuelles pour stimuler l&rsquo;apprentissage des tout-petits. Les enfants peuvent colorier, utiliser <strong>100 stickers<\/strong>, r\u00e9aliser <strong>200 d\u00e9calcomanies \u00e0 sec<\/strong>, et compl\u00e9ter les d\u00e9cors avec un <strong>stylo sp\u00e9cial d\u00e9calquage<\/strong>.<\/p>\n<p>Les quatre d\u00e9cors repr\u00e9sentant les diff\u00e9rents moments de la journ\u00e9e offrent de nombreuses possibilit\u00e9s cr\u00e9atives, tout en aidant les enfants \u00e0 d\u00e9velopper leur motricit\u00e9 fine et leur coordination. Une mani\u00e8re ludique d&rsquo;apprendre \u00e0 reconna\u00eetre les moments de la journ\u00e9e !<\/p>\n","protected":false},"excerpt":{"rendered":"<p>Ce kit d\u2019activit\u00e9s passionnant comprend un livre de 16 pages et une s\u00e9rie d&rsquo;activit\u00e9s manuelles pour stimuler l&rsquo;apprentissage des tout-petits. Les enfants peuvent colorier, utiliser 100 stickers, r\u00e9aliser 200 d\u00e9calcomanies \u00e0 sec, et compl\u00e9ter les d\u00e9cors avec un stylo sp\u00e9cial d\u00e9calquage. Les quatre d\u00e9cors repr\u00e9sentant les diff\u00e9rents moments de la journ\u00e9e offrent de nombreuses possibilit\u00e9s [&hellip;]<\/p>\n","protected":false},"featured_media":22850,"comment_status":"open","ping_status":"closed","template":"","meta":{"inline_featured_image":false},"product_cat":[3875,215,201,200],"product_tag":[],"class_list":{"0":"post-22849","1":"product","2":"type-product","3":"status-publish","4":"has-post-thumbnail","6":"product_cat-coffret-francais","7":"product_cat-enfant","8":"product_cat-coffret","9":"product_cat-activites","10":"pa_auteurs-sarah-negrel","12":"first","13":"instock","14":"shipping-taxable","15":"purchasable","16":"product-type-simple"},"_links":{"self":[{"href":"https:\/\/baralivres.ma\/index.php?rest_route=\/wp\/v2\/product\/22849","targetHints":{"allow":["GET"]}}],"collection":[{"href":"https:\/\/baralivres.ma\/index.php?rest_route=\/wp\/v2\/product"}],"about":[{"href":"https:\/\/baralivres.ma\/index.php?rest_route=\/wp\/v2\/types\/product"}],"replies":[{"embeddable":true,"href":"https:\/\/baralivres.ma\/index.php?rest_route=%2Fwp%2Fv2%2Fcomments&post=22849"}],"version-history":[{"count":1,"href":"https:\/\/baralivres.ma\/index.php?rest_route=\/wp\/v2\/product\/22849\/revisions"}],"predecessor-version":[{"id":22851,"href":"https:\/\/baralivres.ma\/index.php?rest_route=\/wp\/v2\/product\/22849\/revisions\/22851"}],"wp:featuredmedia":[{"embeddable":true,"href":"https:\/\/baralivres.ma\/index.php?rest_route=\/wp\/v2\/media\/22850"}],"wp:attachment":[{"href":"https:\/\/baralivres.ma\/index.php?rest_route=%2Fwp%2Fv2%2Fmedia&parent=22849"}],"wp:term":[{"taxonomy":"product_cat","embeddable":true,"href":"https:\/\/baralivres.ma\/index.php?rest_route=%2Fwp%2Fv2%2Fproduct_cat&post=22849"},{"taxonomy":"product_tag","embeddable":true,"href":"https:\/\/baralivres.ma\/index.php?rest_route=%2Fwp%2Fv2%2Fproduct_tag&post=22849"}],"curies":[{"name":"wp","href":"https:\/\/api.w.org\/{rel}","templated":true}]}}