{"id":22846,"date":"2024-12-16T18:06:01","date_gmt":"2024-12-16T17:06:01","guid":{"rendered":"https:\/\/baralivres.ma\/?post_type=product&#038;p=22846"},"modified":"2024-12-16T18:06:02","modified_gmt":"2024-12-16T17:06:02","slug":"ma-maison","status":"publish","type":"product","link":"https:\/\/baralivres.ma\/?product=ma-maison","title":{"rendered":"Ma maison"},"content":{"rendered":"<p>Ce livre d\u2019activit\u00e9s contient <strong>16 pages<\/strong> d\u2019histoires et d\u2019activit\u00e9s amusantes pour les tout-petits. Les enfants peuvent colorier, utiliser <strong>100 stickers<\/strong>, faire des <strong>200 d\u00e9calcomanies \u00e0 sec<\/strong>, et compl\u00e9ter des d\u00e9cors avec un <strong>stylo sp\u00e9cial d\u00e9calquage<\/strong>.<\/p>\n<p>\u00c0 travers ces activit\u00e9s manuelles, ils apprendront tout en d\u00e9veloppant leur coordination et leur motricit\u00e9 fine. Les quatre d\u00e9cors sur le th\u00e8me de la maison offrent une multitude de possibilit\u00e9s cr\u00e9atives.<\/p>\n","protected":false},"excerpt":{"rendered":"<p>Ce livre d\u2019activit\u00e9s contient 16 pages d\u2019histoires et d\u2019activit\u00e9s amusantes pour les tout-petits. Les enfants peuvent colorier, utiliser 100 stickers, faire des 200 d\u00e9calcomanies \u00e0 sec, et compl\u00e9ter des d\u00e9cors avec un stylo sp\u00e9cial d\u00e9calquage. \u00c0 travers ces activit\u00e9s manuelles, ils apprendront tout en d\u00e9veloppant leur coordination et leur motricit\u00e9 fine. Les quatre d\u00e9cors sur [&hellip;]<\/p>\n","protected":false},"featured_media":22847,"comment_status":"open","ping_status":"closed","template":"","meta":{"inline_featured_image":false},"product_cat":[3875,215,201,200],"product_tag":[],"class_list":{"0":"post-22846","1":"product","2":"type-product","3":"status-publish","4":"has-post-thumbnail","6":"product_cat-coffret-francais","7":"product_cat-enfant","8":"product_cat-coffret","9":"product_cat-activites","10":"pa_auteurs-sarah-negrel","12":"first","13":"instock","14":"shipping-taxable","15":"purchasable","16":"product-type-simple"},"_links":{"self":[{"href":"https:\/\/baralivres.ma\/index.php?rest_route=\/wp\/v2\/product\/22846","targetHints":{"allow":["GET"]}}],"collection":[{"href":"https:\/\/baralivres.ma\/index.php?rest_route=\/wp\/v2\/product"}],"about":[{"href":"https:\/\/baralivres.ma\/index.php?rest_route=\/wp\/v2\/types\/product"}],"replies":[{"embeddable":true,"href":"https:\/\/baralivres.ma\/index.php?rest_route=%2Fwp%2Fv2%2Fcomments&post=22846"}],"version-history":[{"count":1,"href":"https:\/\/baralivres.ma\/index.php?rest_route=\/wp\/v2\/product\/22846\/revisions"}],"predecessor-version":[{"id":22848,"href":"https:\/\/baralivres.ma\/index.php?rest_route=\/wp\/v2\/product\/22846\/revisions\/22848"}],"wp:featuredmedia":[{"embeddable":true,"href":"https:\/\/baralivres.ma\/index.php?rest_route=\/wp\/v2\/media\/22847"}],"wp:attachment":[{"href":"https:\/\/baralivres.ma\/index.php?rest_route=%2Fwp%2Fv2%2Fmedia&parent=22846"}],"wp:term":[{"taxonomy":"product_cat","embeddable":true,"href":"https:\/\/baralivres.ma\/index.php?rest_route=%2Fwp%2Fv2%2Fproduct_cat&post=22846"},{"taxonomy":"product_tag","embeddable":true,"href":"https:\/\/baralivres.ma\/index.php?rest_route=%2Fwp%2Fv2%2Fproduct_tag&post=22846"}],"curies":[{"name":"wp","href":"https:\/\/api.w.org\/{rel}","templated":true}]}}