{"id":22843,"date":"2024-12-16T18:01:38","date_gmt":"2024-12-16T17:01:38","guid":{"rendered":"https:\/\/baralivres.ma\/?post_type=product&#038;p=22843"},"modified":"2024-12-16T18:01:38","modified_gmt":"2024-12-16T17:01:38","slug":"les-vacances","status":"publish","type":"product","link":"https:\/\/baralivres.ma\/?product=les-vacances","title":{"rendered":"Les vacances"},"content":{"rendered":"<p>Ce kit d\u2019activit\u00e9s complet comprend un <strong>livre de 16 pages<\/strong> et de nombreuses activit\u00e9s pour stimuler l\u2019apprentissage et la coordination des tout-petits. Les enfants peuvent colorier, utiliser <strong>100 stickers<\/strong>, r\u00e9aliser des <strong>200 d\u00e9calcomanies \u00e0 sec<\/strong>, et s\u2019amuser avec un <strong>stylo sp\u00e9cial d\u00e9calquage<\/strong> pour compl\u00e9ter les d\u00e9cors sur le th\u00e8me des vacances.<\/p>\n<p>Les activit\u00e9s manuelles propos\u00e9es permettent aux enfants de d\u00e9velopper leur motricit\u00e9 fine tout en s\u2019amusant avec des images \u00e0 d\u00e9calquer et des coloriages. Un excellent moyen de rendre l\u2019apprentissage ludique et cr\u00e9atif.<\/p>\n","protected":false},"excerpt":{"rendered":"<p>Ce kit d\u2019activit\u00e9s complet comprend un livre de 16 pages et de nombreuses activit\u00e9s pour stimuler l\u2019apprentissage et la coordination des tout-petits. Les enfants peuvent colorier, utiliser 100 stickers, r\u00e9aliser des 200 d\u00e9calcomanies \u00e0 sec, et s\u2019amuser avec un stylo sp\u00e9cial d\u00e9calquage pour compl\u00e9ter les d\u00e9cors sur le th\u00e8me des vacances. Les activit\u00e9s manuelles propos\u00e9es [&hellip;]<\/p>\n","protected":false},"featured_media":22844,"comment_status":"open","ping_status":"closed","template":"","meta":{"inline_featured_image":false},"product_cat":[3875,215,201,200],"product_tag":[],"class_list":{"0":"post-22843","1":"product","2":"type-product","3":"status-publish","4":"has-post-thumbnail","6":"product_cat-coffret-francais","7":"product_cat-enfant","8":"product_cat-coffret","9":"product_cat-activites","10":"pa_auteurs-sarah-negrel","12":"first","13":"instock","14":"shipping-taxable","15":"purchasable","16":"product-type-simple"},"_links":{"self":[{"href":"https:\/\/baralivres.ma\/index.php?rest_route=\/wp\/v2\/product\/22843","targetHints":{"allow":["GET"]}}],"collection":[{"href":"https:\/\/baralivres.ma\/index.php?rest_route=\/wp\/v2\/product"}],"about":[{"href":"https:\/\/baralivres.ma\/index.php?rest_route=\/wp\/v2\/types\/product"}],"replies":[{"embeddable":true,"href":"https:\/\/baralivres.ma\/index.php?rest_route=%2Fwp%2Fv2%2Fcomments&post=22843"}],"version-history":[{"count":1,"href":"https:\/\/baralivres.ma\/index.php?rest_route=\/wp\/v2\/product\/22843\/revisions"}],"predecessor-version":[{"id":22845,"href":"https:\/\/baralivres.ma\/index.php?rest_route=\/wp\/v2\/product\/22843\/revisions\/22845"}],"wp:featuredmedia":[{"embeddable":true,"href":"https:\/\/baralivres.ma\/index.php?rest_route=\/wp\/v2\/media\/22844"}],"wp:attachment":[{"href":"https:\/\/baralivres.ma\/index.php?rest_route=%2Fwp%2Fv2%2Fmedia&parent=22843"}],"wp:term":[{"taxonomy":"product_cat","embeddable":true,"href":"https:\/\/baralivres.ma\/index.php?rest_route=%2Fwp%2Fv2%2Fproduct_cat&post=22843"},{"taxonomy":"product_tag","embeddable":true,"href":"https:\/\/baralivres.ma\/index.php?rest_route=%2Fwp%2Fv2%2Fproduct_tag&post=22843"}],"curies":[{"name":"wp","href":"https:\/\/api.w.org\/{rel}","templated":true}]}}