{"id":22837,"date":"2024-12-16T17:51:27","date_gmt":"2024-12-16T16:51:27","guid":{"rendered":"https:\/\/baralivres.ma\/?post_type=product&#038;p=22837"},"modified":"2024-12-16T17:51:27","modified_gmt":"2024-12-16T16:51:27","slug":"apprends-ton-premier-alphabet-avec-un-puzzle-20-pieces","status":"publish","type":"product","link":"https:\/\/baralivres.ma\/?product=apprends-ton-premier-alphabet-avec-un-puzzle-20-pieces","title":{"rendered":"Apprends ton premier alphabet &#8211; Avec un puzzle 20 p\u00ee\u00e8ces"},"content":{"rendered":"<p>Ce coffret contient un livre interactif pour d\u00e9couvrir les lettres de l\u2019alphabet, accompagn\u00e9 d&rsquo;un puzzle de <strong>20 pi\u00e8ces g\u00e9antes<\/strong>. Les enfants peuvent assembler le puzzle tout en apprenant \u00e0 reconna\u00eetre les lettres de mani\u00e8re amusante.<\/p>\n<p>Les illustrations color\u00e9es rendent l\u2019apprentissage encore plus captivant, et le format du puzzle favorise la coordination motrice des tout-petits. Une mani\u00e8re id\u00e9ale d\u2019allier jeu et apprentissage pour les jeunes enfants !<\/p>\n","protected":false},"excerpt":{"rendered":"<p>Ce coffret contient un livre interactif pour d\u00e9couvrir les lettres de l\u2019alphabet, accompagn\u00e9 d&rsquo;un puzzle de 20 pi\u00e8ces g\u00e9antes. Les enfants peuvent assembler le puzzle tout en apprenant \u00e0 reconna\u00eetre les lettres de mani\u00e8re amusante. Les illustrations color\u00e9es rendent l\u2019apprentissage encore plus captivant, et le format du puzzle favorise la coordination motrice des tout-petits. Une [&hellip;]<\/p>\n","protected":false},"featured_media":22838,"comment_status":"open","ping_status":"closed","template":"","meta":{"inline_featured_image":false},"product_cat":[3875,3950,201,198,200],"product_tag":[],"class_list":{"0":"post-22837","1":"product","2":"type-product","3":"status-publish","4":"has-post-thumbnail","6":"product_cat-coffret-francais","7":"product_cat-les-livres-cartonnes-francais","8":"product_cat-coffret","9":"product_cat-livres-animes","10":"product_cat-activites","11":"pa_auteurs-ester-tome","12":"pa_auteurs-matteo-gaule","14":"first","15":"instock","16":"shipping-taxable","17":"purchasable","18":"product-type-simple"},"_links":{"self":[{"href":"https:\/\/baralivres.ma\/index.php?rest_route=\/wp\/v2\/product\/22837","targetHints":{"allow":["GET"]}}],"collection":[{"href":"https:\/\/baralivres.ma\/index.php?rest_route=\/wp\/v2\/product"}],"about":[{"href":"https:\/\/baralivres.ma\/index.php?rest_route=\/wp\/v2\/types\/product"}],"replies":[{"embeddable":true,"href":"https:\/\/baralivres.ma\/index.php?rest_route=%2Fwp%2Fv2%2Fcomments&post=22837"}],"version-history":[{"count":1,"href":"https:\/\/baralivres.ma\/index.php?rest_route=\/wp\/v2\/product\/22837\/revisions"}],"predecessor-version":[{"id":22839,"href":"https:\/\/baralivres.ma\/index.php?rest_route=\/wp\/v2\/product\/22837\/revisions\/22839"}],"wp:featuredmedia":[{"embeddable":true,"href":"https:\/\/baralivres.ma\/index.php?rest_route=\/wp\/v2\/media\/22838"}],"wp:attachment":[{"href":"https:\/\/baralivres.ma\/index.php?rest_route=%2Fwp%2Fv2%2Fmedia&parent=22837"}],"wp:term":[{"taxonomy":"product_cat","embeddable":true,"href":"https:\/\/baralivres.ma\/index.php?rest_route=%2Fwp%2Fv2%2Fproduct_cat&post=22837"},{"taxonomy":"product_tag","embeddable":true,"href":"https:\/\/baralivres.ma\/index.php?rest_route=%2Fwp%2Fv2%2Fproduct_tag&post=22837"}],"curies":[{"name":"wp","href":"https:\/\/api.w.org\/{rel}","templated":true}]}}