{"id":22827,"date":"2024-12-16T17:32:24","date_gmt":"2024-12-16T16:32:24","guid":{"rendered":"https:\/\/baralivres.ma\/?post_type=product&#038;p=22827"},"modified":"2026-03-10T10:14:14","modified_gmt":"2026-03-10T09:14:14","slug":"ma-petite-bibliotheque-les-contes","status":"publish","type":"product","link":"https:\/\/baralivres.ma\/?product=ma-petite-bibliotheque-les-contes","title":{"rendered":"Ma petite biblioth\u00e8que : les contes"},"content":{"rendered":"<p><strong>D\u00e9couvrez <em>Ma petite biblioth\u00e8que : Les contes<\/em> de Matteo Gaule et Roberta Marcolin !<\/strong> \ud83d\udcd6\u2728<\/p>\n<p>Ce coffret enchanteur contient <strong>huit petits livres illustr\u00e9s<\/strong> qui transportent les enfants dans le monde magique des contes classiques. Chaque livre raconte une histoire intemporelle, de <em>Cendrillon<\/em> \u00e0 <em>Le Petit Chaperon Rouge<\/em>, de fa\u00e7on simple et captivante.<\/p>\n<p>Les illustrations color\u00e9es et pleines de vie viennent enrichir les r\u00e9cits, captivant l\u2019imagination des petits tout en leur offrant des valeurs universelles. Parfait pour initier les enfants \u00e0 l\u2019art du conte, ce coffret permet de partager des moments de lecture magique et \u00e9ducatifs en famille.<\/p>\n<p>Id\u00e9al pour les jeunes enfants, ces livres sont faciles \u00e0 manipuler et \u00e0 emporter partout. Un cadeau parfait pour \u00e9veiller la curiosit\u00e9 litt\u00e9raire des petits et les aider \u00e0 d\u00e9velopper leur amour de la lecture.<\/p>\n","protected":false},"excerpt":{"rendered":"<p><strong>Ma petite biblioth\u00e8que : Les contes<\/strong> de Matteo Gaule et Roberta Marcolin est un coffret de 8 petits livres illustr\u00e9s qui raconte des contes classiques de mani\u00e8re simple et captivante. Id\u00e9al pour \u00e9veiller l\u2019imagination et partager des moments de lecture magique en famille !<\/p>\n","protected":false},"featured_media":22828,"comment_status":"open","ping_status":"closed","template":"","meta":{"inline_featured_image":false},"product_cat":[3875,3950,201,198],"product_tag":[],"class_list":{"0":"post-22827","1":"product","2":"type-product","3":"status-publish","4":"has-post-thumbnail","6":"product_cat-coffret-francais","7":"product_cat-les-livres-cartonnes-francais","8":"product_cat-coffret","9":"product_cat-livres-animes","10":"pa_auteurs-gaule-matteo","11":"pa_auteurs-roberta-marcolin","13":"first","14":"instock","15":"shipping-taxable","16":"purchasable","17":"product-type-simple"},"_links":{"self":[{"href":"https:\/\/baralivres.ma\/index.php?rest_route=\/wp\/v2\/product\/22827","targetHints":{"allow":["GET"]}}],"collection":[{"href":"https:\/\/baralivres.ma\/index.php?rest_route=\/wp\/v2\/product"}],"about":[{"href":"https:\/\/baralivres.ma\/index.php?rest_route=\/wp\/v2\/types\/product"}],"replies":[{"embeddable":true,"href":"https:\/\/baralivres.ma\/index.php?rest_route=%2Fwp%2Fv2%2Fcomments&post=22827"}],"version-history":[{"count":1,"href":"https:\/\/baralivres.ma\/index.php?rest_route=\/wp\/v2\/product\/22827\/revisions"}],"predecessor-version":[{"id":22829,"href":"https:\/\/baralivres.ma\/index.php?rest_route=\/wp\/v2\/product\/22827\/revisions\/22829"}],"wp:featuredmedia":[{"embeddable":true,"href":"https:\/\/baralivres.ma\/index.php?rest_route=\/wp\/v2\/media\/22828"}],"wp:attachment":[{"href":"https:\/\/baralivres.ma\/index.php?rest_route=%2Fwp%2Fv2%2Fmedia&parent=22827"}],"wp:term":[{"taxonomy":"product_cat","embeddable":true,"href":"https:\/\/baralivres.ma\/index.php?rest_route=%2Fwp%2Fv2%2Fproduct_cat&post=22827"},{"taxonomy":"product_tag","embeddable":true,"href":"https:\/\/baralivres.ma\/index.php?rest_route=%2Fwp%2Fv2%2Fproduct_tag&post=22827"}],"curies":[{"name":"wp","href":"https:\/\/api.w.org\/{rel}","templated":true}]}}