{"id":22824,"date":"2024-12-16T17:27:07","date_gmt":"2024-12-16T16:27:07","guid":{"rendered":"https:\/\/baralivres.ma\/?post_type=product&#038;p=22824"},"modified":"2024-12-16T17:27:08","modified_gmt":"2024-12-16T16:27:08","slug":"ma-petite-bibliotheque-lis-et-apprends","status":"publish","type":"product","link":"https:\/\/baralivres.ma\/?product=ma-petite-bibliotheque-lis-et-apprends","title":{"rendered":"Ma petite biblioth\u00e8que Lis et apprends"},"content":{"rendered":"<p><strong>Apprends en t\u2019amusant avec <em>Ma petite biblioth\u00e8que &#8211; Lis et apprends<\/em> de Neil Mathew !<\/strong> \ud83d\udcda\u2728<\/p>\n<p>Ce coffret ludique et \u00e9ducatif contient <strong>huit petits livres solides et illustr\u00e9s<\/strong>, parfaits pour \u00e9veiller la curiosit\u00e9 des enfants. Chaque livre explore un th\u00e8me du quotidien ou des connaissances g\u00e9n\u00e9rales, offrant aux jeunes lecteurs une introduction simple et captivante au monde qui les entoure.<\/p>\n<p>Gr\u00e2ce \u00e0 des textes courts et des illustrations color\u00e9es, ces ouvrages sont con\u00e7us pour apprendre tout en s\u2019amusant. Ils encouragent les enfants \u00e0 lire de fa\u00e7on autonome tout en enrichissant leur vocabulaire et leurs connaissances.<\/p>\n<p>Facile \u00e0 manipuler, ce coffret compact est id\u00e9al pour une lecture interactive \u00e0 la maison ou \u00e0 emporter partout. Un cadeau parfait pour initier les enfants \u00e0 la joie d\u2019apprendre !<\/p>\n","protected":false},"excerpt":{"rendered":"<p><strong>Ma petite biblioth\u00e8que &#8211; Lis et apprends<\/strong> de Neil Mathew est un coffret \u00e9ducatif de 8 petits livres illustr\u00e9s pour d\u00e9couvrir des th\u00e8mes vari\u00e9s et apprendre tout en s\u2019amusant. Parfait pour \u00e9veiller la curiosit\u00e9 et enrichir les connaissances des enfants !<\/p>\n","protected":false},"featured_media":22825,"comment_status":"open","ping_status":"closed","template":"","meta":{"inline_featured_image":false},"product_cat":[3875,3950,201,198],"product_tag":[],"class_list":{"0":"post-22824","1":"product","2":"type-product","3":"status-publish","4":"has-post-thumbnail","6":"product_cat-coffret-francais","7":"product_cat-les-livres-cartonnes-francais","8":"product_cat-coffret","9":"product_cat-livres-animes","10":"pa_auteurs-neil-mathew","12":"first","13":"instock","14":"shipping-taxable","15":"purchasable","16":"product-type-simple"},"_links":{"self":[{"href":"https:\/\/baralivres.ma\/index.php?rest_route=\/wp\/v2\/product\/22824","targetHints":{"allow":["GET"]}}],"collection":[{"href":"https:\/\/baralivres.ma\/index.php?rest_route=\/wp\/v2\/product"}],"about":[{"href":"https:\/\/baralivres.ma\/index.php?rest_route=\/wp\/v2\/types\/product"}],"replies":[{"embeddable":true,"href":"https:\/\/baralivres.ma\/index.php?rest_route=%2Fwp%2Fv2%2Fcomments&post=22824"}],"version-history":[{"count":1,"href":"https:\/\/baralivres.ma\/index.php?rest_route=\/wp\/v2\/product\/22824\/revisions"}],"predecessor-version":[{"id":22826,"href":"https:\/\/baralivres.ma\/index.php?rest_route=\/wp\/v2\/product\/22824\/revisions\/22826"}],"wp:featuredmedia":[{"embeddable":true,"href":"https:\/\/baralivres.ma\/index.php?rest_route=\/wp\/v2\/media\/22825"}],"wp:attachment":[{"href":"https:\/\/baralivres.ma\/index.php?rest_route=%2Fwp%2Fv2%2Fmedia&parent=22824"}],"wp:term":[{"taxonomy":"product_cat","embeddable":true,"href":"https:\/\/baralivres.ma\/index.php?rest_route=%2Fwp%2Fv2%2Fproduct_cat&post=22824"},{"taxonomy":"product_tag","embeddable":true,"href":"https:\/\/baralivres.ma\/index.php?rest_route=%2Fwp%2Fv2%2Fproduct_tag&post=22824"}],"curies":[{"name":"wp","href":"https:\/\/api.w.org\/{rel}","templated":true}]}}