{"id":22821,"date":"2024-12-16T17:21:24","date_gmt":"2024-12-16T16:21:24","guid":{"rendered":"https:\/\/baralivres.ma\/?post_type=product&#038;p=22821"},"modified":"2024-12-16T17:21:25","modified_gmt":"2024-12-16T16:21:25","slug":"ma-petite-bibliotheque-mes-petits-animaux","status":"publish","type":"product","link":"https:\/\/baralivres.ma\/?product=ma-petite-bibliotheque-mes-petits-animaux","title":{"rendered":"Ma petite biblioth\u00e8que &#8211; mes petits animaux"},"content":{"rendered":"<div class=\"flex-shrink-0 flex flex-col relative items-end\">\n<div>\n<div class=\"pt-0\">\n<div class=\"gizmo-bot-avatar flex h-8 w-8 items-center justify-center overflow-hidden rounded-full\">\n<div class=\"relative p-1 rounded-sm flex items-center justify-center bg-token-main-surface-primary text-token-text-primary h-8 w-8\"><\/div>\n<\/div>\n<\/div>\n<\/div>\n<\/div>\n<div class=\"group\/conversation-turn relative flex w-full min-w-0 flex-col agent-turn\">\n<div class=\"flex-col gap-1 md:gap-3\">\n<div class=\"flex max-w-full flex-col flex-grow\">\n<div class=\"min-h-8 text-message flex w-full flex-col items-end gap-2 whitespace-normal break-words text-start [.text-message+&amp;]:mt-5\" dir=\"auto\" data-message-author-role=\"assistant\" data-message-id=\"1fbe21e0-3f34-4fb7-8bc0-8d38a4791920\" data-message-model-slug=\"gpt-4o\">\n<div class=\"flex w-full flex-col gap-1 empty:hidden first:pt-[3px]\">\n<div class=\"markdown prose w-full break-words dark:prose-invert light\">\n<p><strong>Plongez dans l\u2019univers des animaux avec <em>Ma petite biblioth\u00e8que &#8211; Mes petits animaux<\/em> de Simon Miller !<\/strong> \ud83d\udc3e<\/p>\n<p>Ce charmant coffret contient <strong>huit petits livres solides et joliment illustr\u00e9s<\/strong>, sp\u00e9cialement con\u00e7us pour les petites mains curieuses. Chaque livre pr\u00e9sente un adorable animal, ses habitudes, ses secrets et son environnement naturel.<\/p>\n<p>Les jeunes lecteurs apprendront \u00e0 reconna\u00eetre diff\u00e9rents animaux tout en d\u00e9couvrant de mani\u00e8re ludique leur mode de vie. Un support id\u00e9al pour \u00e9veiller leur curiosit\u00e9 et enrichir leurs connaissances sur la nature qui les entoure.<\/p>\n<p>Facile \u00e0 manipuler et parfait pour des moments de partage en famille, ce coffret color\u00e9 est aussi un excellent choix de cadeau \u00e9ducatif pour les enfants.<\/p>\n<p>\ud83d\udcda Commandez-le d\u00e8s maintenant dans notre librairie en ligne et offrez une aventure animali\u00e8re inoubliable !<\/p>\n<\/div>\n<\/div>\n<\/div>\n<\/div>\n<\/div>\n<\/div>\n","protected":false},"excerpt":{"rendered":"<div class=\"flex-shrink-0 flex flex-col relative items-end\">\n<div>\n<div class=\"pt-0\">\n<div class=\"gizmo-bot-avatar flex h-8 w-8 items-center justify-center overflow-hidden rounded-full\">\n<div class=\"relative p-1 rounded-sm flex items-center justify-center bg-token-main-surface-primary text-token-text-primary h-8 w-8\"><\/div>\n<\/div>\n<\/div>\n<\/div>\n<\/div>\n<div class=\"group\/conversation-turn relative flex w-full min-w-0 flex-col agent-turn\">\n<div class=\"flex-col gap-1 md:gap-3\">\n<div class=\"flex max-w-full flex-col flex-grow\">\n<div class=\"min-h-8 text-message flex w-full flex-col items-end gap-2 whitespace-normal break-words text-start [.text-message+&amp;]:mt-5\" dir=\"auto\" data-message-author-role=\"assistant\" data-message-id=\"95118e1d-0f94-4e4a-b9f6-5f9fa247a52a\" data-message-model-slug=\"gpt-4o\">\n<div class=\"flex w-full flex-col gap-1 empty:hidden first:pt-[3px]\">\n<div class=\"markdown prose w-full break-words dark:prose-invert light\">\n<p><strong>Ma petite biblioth\u00e8que &#8211; Mes petits animaux<\/strong> de Simon Miller est un coffret contenant huit petits livres solides et joliment illustr\u00e9s. Id\u00e9al pour apprendre \u00e0 reconna\u00eetre de nombreux animaux adorables, d\u00e9couvrir leurs secrets, leurs habitudes et leur environnement !<\/p>\n<\/div>\n<\/div>\n<\/div>\n<\/div>\n<\/div>\n<\/div>\n","protected":false},"featured_media":22822,"comment_status":"open","ping_status":"closed","template":"","meta":{"inline_featured_image":false},"product_cat":[3875,3950,201,198],"product_tag":[],"class_list":{"0":"post-22821","1":"product","2":"type-product","3":"status-publish","4":"has-post-thumbnail","6":"product_cat-coffret-francais","7":"product_cat-les-livres-cartonnes-francais","8":"product_cat-coffret","9":"product_cat-livres-animes","10":"pa_auteurs-miller-simon","12":"first","13":"instock","14":"shipping-taxable","15":"purchasable","16":"product-type-simple"},"_links":{"self":[{"href":"https:\/\/baralivres.ma\/index.php?rest_route=\/wp\/v2\/product\/22821","targetHints":{"allow":["GET"]}}],"collection":[{"href":"https:\/\/baralivres.ma\/index.php?rest_route=\/wp\/v2\/product"}],"about":[{"href":"https:\/\/baralivres.ma\/index.php?rest_route=\/wp\/v2\/types\/product"}],"replies":[{"embeddable":true,"href":"https:\/\/baralivres.ma\/index.php?rest_route=%2Fwp%2Fv2%2Fcomments&post=22821"}],"version-history":[{"count":1,"href":"https:\/\/baralivres.ma\/index.php?rest_route=\/wp\/v2\/product\/22821\/revisions"}],"predecessor-version":[{"id":22823,"href":"https:\/\/baralivres.ma\/index.php?rest_route=\/wp\/v2\/product\/22821\/revisions\/22823"}],"wp:featuredmedia":[{"embeddable":true,"href":"https:\/\/baralivres.ma\/index.php?rest_route=\/wp\/v2\/media\/22822"}],"wp:attachment":[{"href":"https:\/\/baralivres.ma\/index.php?rest_route=%2Fwp%2Fv2%2Fmedia&parent=22821"}],"wp:term":[{"taxonomy":"product_cat","embeddable":true,"href":"https:\/\/baralivres.ma\/index.php?rest_route=%2Fwp%2Fv2%2Fproduct_cat&post=22821"},{"taxonomy":"product_tag","embeddable":true,"href":"https:\/\/baralivres.ma\/index.php?rest_route=%2Fwp%2Fv2%2Fproduct_tag&post=22821"}],"curies":[{"name":"wp","href":"https:\/\/api.w.org\/{rel}","templated":true}]}}