{"id":22818,"date":"2024-12-16T17:16:32","date_gmt":"2024-12-16T16:16:32","guid":{"rendered":"https:\/\/baralivres.ma\/?post_type=product&#038;p=22818"},"modified":"2024-12-16T17:16:32","modified_gmt":"2024-12-16T16:16:32","slug":"ma-petite-bibliotheque-les-dinosaures","status":"publish","type":"product","link":"https:\/\/baralivres.ma\/?product=ma-petite-bibliotheque-les-dinosaures","title":{"rendered":"Ma petite biblioth\u00e8que: Les dinosaures"},"content":{"rendered":"<p><strong>Pars \u00e0 la d\u00e9couverte des dinosaures avec <em>Ma petite biblioth\u00e8que &#8211; Les dinosaures<\/em> de Mathew Neil !<\/strong> \ud83e\udd96<\/p>\n<p>Ce coffret captivant contient <strong>8 petits livres illustr\u00e9s<\/strong> pr\u00e9sent\u00e9s dans un packaging attrayant, parfait pour les jeunes curieux. Chaque livre plonge les enfants dans l&rsquo;univers fascinant des dinosaures, r\u00e9v\u00e9lant leurs secrets et leur diversit\u00e9 incroyable.<\/p>\n<p>Savais-tu qu\u2019il existait des centaines d\u2019esp\u00e8ces de dinosaures, toutes plus surprenantes les unes que les autres ? Gr\u00e2ce \u00e0 cette petite biblioth\u00e8que, les enfants d\u00e9couvriront comment ces ma\u00eetres de la pr\u00e9histoire vivaient il y a des millions d\u2019ann\u00e9es.<\/p>\n<p>Faciles \u00e0 manipuler, ces livres sont parfaits pour \u00e9veiller la passion des tout-petits pour la science et l\u2019histoire. Un cadeau id\u00e9al pour enrichir leur curiosit\u00e9 et passer des moments \u00e9ducatifs et amusants en famille.<\/p>\n","protected":false},"excerpt":{"rendered":"<p><strong>Ma petite biblioth\u00e8que &#8211; Les dinosaures<\/strong> de Mathew Neil contient 8 petits livres illustr\u00e9s pour d\u00e9couvrir les secrets des dinosaures et leur incroyable diversit\u00e9. Un coffret ludique et \u00e9ducatif dans un packaging attrayant !<\/p>\n","protected":false},"featured_media":22819,"comment_status":"open","ping_status":"closed","template":"","meta":{"inline_featured_image":false},"product_cat":[3875,3950,201,198],"product_tag":[],"class_list":{"0":"post-22818","1":"product","2":"type-product","3":"status-publish","4":"has-post-thumbnail","6":"product_cat-coffret-francais","7":"product_cat-les-livres-cartonnes-francais","8":"product_cat-coffret","9":"product_cat-livres-animes","10":"pa_auteurs-neil-mathew","12":"first","13":"instock","14":"shipping-taxable","15":"purchasable","16":"product-type-simple"},"_links":{"self":[{"href":"https:\/\/baralivres.ma\/index.php?rest_route=\/wp\/v2\/product\/22818","targetHints":{"allow":["GET"]}}],"collection":[{"href":"https:\/\/baralivres.ma\/index.php?rest_route=\/wp\/v2\/product"}],"about":[{"href":"https:\/\/baralivres.ma\/index.php?rest_route=\/wp\/v2\/types\/product"}],"replies":[{"embeddable":true,"href":"https:\/\/baralivres.ma\/index.php?rest_route=%2Fwp%2Fv2%2Fcomments&post=22818"}],"version-history":[{"count":1,"href":"https:\/\/baralivres.ma\/index.php?rest_route=\/wp\/v2\/product\/22818\/revisions"}],"predecessor-version":[{"id":22820,"href":"https:\/\/baralivres.ma\/index.php?rest_route=\/wp\/v2\/product\/22818\/revisions\/22820"}],"wp:featuredmedia":[{"embeddable":true,"href":"https:\/\/baralivres.ma\/index.php?rest_route=\/wp\/v2\/media\/22819"}],"wp:attachment":[{"href":"https:\/\/baralivres.ma\/index.php?rest_route=%2Fwp%2Fv2%2Fmedia&parent=22818"}],"wp:term":[{"taxonomy":"product_cat","embeddable":true,"href":"https:\/\/baralivres.ma\/index.php?rest_route=%2Fwp%2Fv2%2Fproduct_cat&post=22818"},{"taxonomy":"product_tag","embeddable":true,"href":"https:\/\/baralivres.ma\/index.php?rest_route=%2Fwp%2Fv2%2Fproduct_tag&post=22818"}],"curies":[{"name":"wp","href":"https:\/\/api.w.org\/{rel}","templated":true}]}}