{"id":22797,"date":"2024-12-09T18:28:44","date_gmt":"2024-12-09T17:28:44","guid":{"rendered":"https:\/\/baralivres.ma\/?post_type=product&#038;p=22797"},"modified":"2024-12-09T18:28:45","modified_gmt":"2024-12-09T17:28:45","slug":"good-material","status":"publish","type":"product","link":"https:\/\/baralivres.ma\/?product=good-material","title":{"rendered":"GOOD MATERIAL"},"content":{"rendered":"<p>Le livre suit les parcours de personnages en qu\u00eate de sens, de v\u00e9rit\u00e9 et de bien-\u00eatre dans un monde moderne souvent superficiel. \u00c0 travers un regard ac\u00e9r\u00e9 et des dialogues piquants, Dolly Alderton nous plonge dans un univers o\u00f9 les interactions humaines sont \u00e0 la fois complexes et r\u00e9v\u00e9latrices.<\/p>\n<p>Ce roman explore des th\u00e8mes de croissance personnelle, de r\u00eaves bris\u00e9s et de d\u00e9couvertes inattendues, tout en abordant la question de la recherche du bonheur authentique. Avec son \u00e9criture fluide et ses personnages attachants, <em>Good Material<\/em> est une lecture incontournable pour ceux qui aiment les r\u00e9cits intelligents et \u00e9mouvants.<\/p>\n<p>Un livre qui vous fera rire, r\u00e9fl\u00e9chir et peut-\u00eatre m\u00eame repenser votre propre vie.<\/p>\n","protected":false},"excerpt":{"rendered":"<p><strong><em>Good Material<\/em> de Dolly Alderton explore les complexit\u00e9s des relations humaines, de l&rsquo;amiti\u00e9 \u00e0 l&rsquo;amour, avec humour et profondeur.<\/strong><br \/>\nUn roman captivant qui aborde la recherche du sens et du bonheur dans un monde moderne.<\/p>\n","protected":false},"featured_media":22798,"comment_status":"open","ping_status":"closed","template":"","meta":{"inline_featured_image":false},"product_cat":[3874,143],"product_tag":[],"class_list":{"0":"post-22797","1":"product","2":"type-product","3":"status-publish","4":"has-post-thumbnail","6":"product_cat-roman-en-anglais","7":"product_cat-roman","8":"pa_auteurs-alderton-dolly","10":"first","11":"instock","12":"shipping-taxable","13":"purchasable","14":"product-type-simple"},"_links":{"self":[{"href":"https:\/\/baralivres.ma\/index.php?rest_route=\/wp\/v2\/product\/22797","targetHints":{"allow":["GET"]}}],"collection":[{"href":"https:\/\/baralivres.ma\/index.php?rest_route=\/wp\/v2\/product"}],"about":[{"href":"https:\/\/baralivres.ma\/index.php?rest_route=\/wp\/v2\/types\/product"}],"replies":[{"embeddable":true,"href":"https:\/\/baralivres.ma\/index.php?rest_route=%2Fwp%2Fv2%2Fcomments&post=22797"}],"version-history":[{"count":1,"href":"https:\/\/baralivres.ma\/index.php?rest_route=\/wp\/v2\/product\/22797\/revisions"}],"predecessor-version":[{"id":22799,"href":"https:\/\/baralivres.ma\/index.php?rest_route=\/wp\/v2\/product\/22797\/revisions\/22799"}],"wp:featuredmedia":[{"embeddable":true,"href":"https:\/\/baralivres.ma\/index.php?rest_route=\/wp\/v2\/media\/22798"}],"wp:attachment":[{"href":"https:\/\/baralivres.ma\/index.php?rest_route=%2Fwp%2Fv2%2Fmedia&parent=22797"}],"wp:term":[{"taxonomy":"product_cat","embeddable":true,"href":"https:\/\/baralivres.ma\/index.php?rest_route=%2Fwp%2Fv2%2Fproduct_cat&post=22797"},{"taxonomy":"product_tag","embeddable":true,"href":"https:\/\/baralivres.ma\/index.php?rest_route=%2Fwp%2Fv2%2Fproduct_tag&post=22797"}],"curies":[{"name":"wp","href":"https:\/\/api.w.org\/{rel}","templated":true}]}}